{"id":9957,"date":"2025-10-07T15:09:45","date_gmt":"2025-10-07T12:09:45","guid":{"rendered":"https:\/\/www.digidreamer.fi\/kauppa\/?post_type=product&#038;p=9957"},"modified":"2026-04-29T07:20:06","modified_gmt":"2026-04-29T04:20:06","slug":"aoc-ag276uzd-27-qd-oled-uhd-240hz-pelinaytto","status":"publish","type":"product","link":"https:\/\/www.digidreamer.fi\/kauppa\/tuote\/aoc-ag276uzd-27-qd-oled-uhd-240hz-pelinaytto\/","title":{"rendered":"AOC AG276UZD 27&#8243; QD &#8211; OLED UHD 240Hz-pelin\u00e4ytt\u00f6"},"content":{"rendered":"<p>N\u00e4yt\u00f6n tyyppi: OLED-n\u00e4ytt\u00f6 \/ OLED<br \/>Energialuokka: Luokka G<br \/>Energialuokka (HDR): Luokka G<br \/>N\u00e4yt\u00f6n koko: 27&#8243;<br \/>Kuva-ala: 26.5&#8243;<br \/>Adaptive-Sync -tekniikka: VESA Adaptive-Sync<br \/>Sis\u00e4\u00e4nrakennetut laitteet: USB 3.1 Gen1 -keskitin<br \/>USB-virransy\u00f6tt\u00f6: 65 watti(a)<br \/>Katselusuhde: 16:9<br \/>Alkuper\u00e4inen tarkkuus: 4K UHD (2160p) 3840 x 2160 at 160 Hz<br \/>Pikseli\u00e4 per tuuma: 166<br \/>Kirkkaus: 1000 cd\/m\u00b2<br \/>Kontrastisuhde: 1500000:1<br \/>HDR-sertifioitu: DisplayHDR 400 True Black<br \/>V\u00e4rituki: 1,07 miljardia v\u00e4ri\u00e4<br \/>V\u00e4riasteikko: 99.3% DCI-P3 (CIE 1931), 96.5% Adobe RGB (CIE 1976)<br \/>Vasteaika: 0.5 ms (MPRT), 0,3 ms (MPRT), 0,03 ms (harmaalta harmaalle)<br \/>Pelaaminen: Kyll\u00e4<br \/>Vaakasuuntainen katselukulma: 178<br \/>Pystysuuntainen katselukulma: 178<br \/>N\u00e4yt\u00f6n pinnoite: Heijastamaton<br \/>Ominaisuudet: FPS Mode, Flicker Free -tekniikka, Crosshair Display, RTS Mode, PBP, Anti-Blue Light -tekniikka, Low Input Lag, Game Color Mode, Action Mode, Racing Mode, Dial Point, 3-puolinen kehykset\u00f6n, varjostuksen hallinta, PIP-tuki, AOC G-Menu, ruutujen laskuri, pelikonsolituki<br \/>V\u00e4ri: Musta<br \/>Ulkomitat (PxSxK): 60.93 cm x 24 cm x 52.56 cm &#8211; jalustan kanssa (korkein asento)<br \/>Paino: 6.85 kg<br \/>Audio: Kaiuttimet &#8211; stereo<br \/>L\u00e4ht\u00f6teho \/ kanava: 5 watti(a)<br \/>Liit\u00e4nn\u00e4t:<br \/>HDMI<br \/>DisplayPort 2.1<br \/>USB-C 3,2 Gen 1 yl\u00e4virtaan \/ DisplayPort Alt Mode -tilassa Power Delivery -virransy\u00f6t\u00f6ll\u00e4 (teho jopa 65 W)<br \/>Kuulokkeet (mini-jack)<br \/>2 x USB-C 3,1 Gen 1 alavirtaan<br \/>N\u00e4yt\u00f6n sijainnin s\u00e4\u00e4d\u00f6t: Korkeus, nivel (kierto), k\u00e4\u00e4nt\u00f6alusta, kaltevuus<br \/>Kallistuskulma: 3.5\/21.5<br \/>K\u00e4\u00e4nt\u00f6kulma: 37<br \/>Kiertokulma: -90\/+90<br \/>Korkeudens\u00e4\u00e4t\u00f6: 130 mm<br \/>VESA-kiinnitysliit\u00e4nt\u00e4: 100 x 100 mm<br \/>Ominaisuudet: Paikka lukituslaitteelle (kaapelilukko myyd\u00e4\u00e4n erikseen), mattapintainen<br \/>Sis\u00e4ltyv\u00e4t kaapelit:<br \/>1 x HDMI-kaapeli<br \/>1 x DisplayPort -kaapeli<br \/>1 x USB-B to USB-A -kaapeli<br \/>1 x USB-C &#8211; USB-C -kaapeli &#8211; 1.5 m<br \/>Turvapaikkatyyppi: Kensington-turvalukkopaikka<br \/>Virrankulutus SDR (p\u00e4\u00e4ll\u00e4-tila): 35 kWh\/1000 h<br \/>Virrankulutus HDR (virta p\u00e4\u00e4ll\u00e4 -tila): 42 kWh\/1000 h<br \/>Virrankulutuksen valmiustila: 0.5 watti(a)<br \/>Virrankulutus (sammutettuna): 0.3 watti(a)<br \/>Mittojen &amp; painon yksityiskohdat:<br \/>Jalustan kanssa (korkein asento) &#8211; leveys: 60.93 cm &#8211; syvyys: 24 cm &#8211; korkeus: 52.56 cm &#8211; paino: 6.85 kg<br \/>Jalustan kanssa (matalin asento) &#8211; leveys: 60.93 cm &#8211; syvyys: 24 cm &#8211; korkeus: 39.56 cm &#8211; paino: 6.85 kg<br \/>Ilman jalustaa &#8211; leveys: 60.93 cm &#8211; syvyys: 7.44 cm &#8211; korkeus: 35.06 cm &#8211; paino: 5.35 kg<br \/>L\u00e4hetysleveys: 73 cm<br \/>L\u00e4hetyssyvyys: 18.8 cm<br \/>L\u00e4hetyskorkeus: 48 cm<br \/>L\u00e4hetyspaino: 11.62 kg<\/p>\n","protected":false},"excerpt":{"rendered":"<p>Valmistaja: AOC INTERNATIONAL<br \/>Valmistajan tuotekoodi: AG276UZD<br \/>Tuotenimike: AOC AG276UZD 27inch QD &#8211; OLED UHD 240Hz 0.03ms HDMI2.1&#215;2 DP2.1 USB3.2&#215;2 Speakers Pivot<br \/>Kuvaus: AOC AGON PRO AG276UZD &#8211; OLED-n\u00e4ytt\u00f6 &#8211; pelaaminen &#8211; 27&#8243; (26.5&#8243; katseltava) &#8211; 3840 x 2160 4K UHD (2160p) @ 160 Hz &#8211; 1000 cd\/m\u00b2 &#8211; 1500000:1 &#8211; DisplayHDR 400 True Black &#8211; 0.03 ms &#8211; 2xHDMI, DisplayPort, USB-C &#8211; kaiuttimet &#8211; musta<br \/>EAN-koodi: 4038986642620<br \/>Valmistajan takuu: 3 vuotta<\/p>\n","protected":false},"featured_media":9959,"comment_status":"open","ping_status":"closed","template":"","meta":[],"product_brand":[649],"product_cat":[684],"product_tag":[],"class_list":{"0":"post-9957","1":"product","2":"type-product","3":"status-publish","6":"product_brand-aoc-international","7":"product_cat-4k","9":"first","10":"instock","11":"sale","12":"taxable","13":"shipping-taxable","14":"purchasable","15":"product-type-simple"},"jetpack_sharing_enabled":true,"_links":{"self":[{"href":"https:\/\/www.digidreamer.fi\/kauppa\/wp-json\/wp\/v2\/product\/9957","targetHints":{"allow":["GET"]}}],"collection":[{"href":"https:\/\/www.digidreamer.fi\/kauppa\/wp-json\/wp\/v2\/product"}],"about":[{"href":"https:\/\/www.digidreamer.fi\/kauppa\/wp-json\/wp\/v2\/types\/product"}],"replies":[{"embeddable":true,"href":"https:\/\/www.digidreamer.fi\/kauppa\/wp-json\/wp\/v2\/comments?post=9957"}],"wp:featuredmedia":[{"embeddable":true,"href":"https:\/\/www.digidreamer.fi\/kauppa\/wp-json\/wp\/v2\/media\/9959"}],"wp:attachment":[{"href":"https:\/\/www.digidreamer.fi\/kauppa\/wp-json\/wp\/v2\/media?parent=9957"}],"wp:term":[{"taxonomy":"product_brand","embeddable":true,"href":"https:\/\/www.digidreamer.fi\/kauppa\/wp-json\/wp\/v2\/product_brand?post=9957"},{"taxonomy":"product_cat","embeddable":true,"href":"https:\/\/www.digidreamer.fi\/kauppa\/wp-json\/wp\/v2\/product_cat?post=9957"},{"taxonomy":"product_tag","embeddable":true,"href":"https:\/\/www.digidreamer.fi\/kauppa\/wp-json\/wp\/v2\/product_tag?post=9957"}],"curies":[{"name":"wp","href":"https:\/\/api.w.org\/{rel}","templated":true}]}}