{"id":9777,"date":"2025-09-27T10:43:09","date_gmt":"2025-09-27T07:43:09","guid":{"rendered":"https:\/\/www.digidreamer.fi\/kauppa\/?post_type=product&#038;p=9777"},"modified":"2026-04-29T20:20:33","modified_gmt":"2026-04-29T17:20:33","slug":"aoc-cu34g4z-34-3440x1440-240hz-1ms-pelinaytto","status":"publish","type":"product","link":"https:\/\/www.digidreamer.fi\/kauppa\/tuote\/aoc-cu34g4z-34-3440x1440-240hz-1ms-pelinaytto\/","title":{"rendered":"AOC CU34G4Z 34&#8243; 3440&#215;1440 240Hz 1ms-pelin\u00e4ytt\u00f6"},"content":{"rendered":"<p>N\u00e4yt\u00f6n tyyppi: LED-taustavalaistu LCD-n\u00e4ytt\u00f6 \/ TFT-aktiivimatriisi<br \/>Energialuokka: Luokka F<br \/>Energialuokka (HDR): Luokka G<br \/>N\u00e4yt\u00f6n koko: 34&#8243;<br \/>Kaareva n\u00e4ytt\u00f6: Kyll\u00e4 (1500R)<br \/>Adaptive-Sync -tekniikka: VESA Adaptive-Sync<br \/>Sis\u00e4\u00e4nrakennetut laitteet: USB 3.2 Gen 1 -keskitin<br \/>Paneelityyppi: Fast VA<br \/>Katselusuhde: 21:9<br \/>Alkuper\u00e4inen tarkkuus: WQHD 3440 x 1440 at 240 Hz<br \/>Pikseli\u00e4 per tuuma: 109<br \/>Kirkkaus: 450 cd\/m\u00b2<br \/>Kontrastisuhde: 2500:1<br \/>HDR-sertifioitu: DisplayHDR 400<br \/>V\u00e4rituki: 1,07 miljardia v\u00e4ri\u00e4<br \/>V\u00e4riasteikko: 94% DCI-P3 (CIE 1976), 130.3% sRGB (CIE 1976), 88.7% Adobe RGB (CIE 1976)<br \/>Vasteaika: 1 ms (gray-to-gray), 0.5 ms (MPRT)<br \/>Pystysuuntainen p\u00e4ivityssuhde: 48 &#8211; 240 Hz<br \/>Vaakasuuntainen p\u00e4ivityssuhde: 30 &#8211; 360 kHz<br \/>Pelaaminen: Kyll\u00e4<br \/>Vaakasuuntainen katselukulma: 178<br \/>Pystysuuntainen katselukulma: 178<br \/>N\u00e4yt\u00f6n pinnoite: H\u00e4ik\u00e4isem\u00e4t\u00f6n<br \/>Taustavaloteknologia: WLED<br \/>N\u00e4yt\u00f6n kielet: T\u0161ekki, kroatia, Kiina (perinteinen), Kiina (yksinkertaistettu), Ukrainan kieli, englanti, saksa, ranska, italia, portugali, Polish, suomi, ruotsi, ven\u00e4j\u00e4, espanja, hollanti, turkki, japani, korea<br \/>Ominaisuudet: FPS Mode, Flicker Free -tekniikka, Crosshair Display, RTS Mode, PBP, Motion Blur Reduction, Low Input Lag, Game Color Mode, Racing Mode, Low Blue Light -teknologia, Dial Point, 3-puolinen kehykset\u00f6n, varjostuksen hallinta, PIP-tuki, G-menu, ruutujen laskuri, pelikonsolituki<br \/>V\u00e4ri: Musta, punainen<br \/>Ulkomitat (PxSxK): 80.81 cm x 26.94 cm x 53.47 cm &#8211; jalustan kanssa (korkein asento)<br \/>Paino: 8.62 kg<br \/>Liit\u00e4nn\u00e4t:<br \/>2 x HDMI<br \/>DisplayPort 1.4<br \/>Kuulokkeet (mini-jack)<br \/>USB-B 3.2 Gen 1 yl\u00e4virtaan<br \/>2 x USB 3.2 alavirta (Type A)<br \/>N\u00e4yt\u00f6n sijainnin s\u00e4\u00e4d\u00f6t: Korkeus, k\u00e4\u00e4nt\u00f6alusta, kaltevuus<br \/>Kallistuskulma: -3.5\/+21.5<br \/>K\u00e4\u00e4nt\u00f6kulma: 40<br \/>Korkeudens\u00e4\u00e4t\u00f6: 130 mm<br \/>VESA-kiinnitysliit\u00e4nt\u00e4: 100 x 100 mm<br \/>Ominaisuudet: Paikka lukituslaitteelle (kaapelilukko myyd\u00e4\u00e4n erikseen), irrotettava alusta<br \/>Sis\u00e4ltyv\u00e4t kaapelit:<br \/>1 x HDMI-kaapeli<br \/>1 x DisplayPort -kaapeli<br \/>USB-B to USB-A -kaapeli<br \/>Turvapaikkatyyppi: Kensington-turvalukkopaikka<br \/>Virrankulutus SDR (p\u00e4\u00e4ll\u00e4-tila): 31 kWh\/1000 h<br \/>Virrankulutus HDR (virta p\u00e4\u00e4ll\u00e4 -tila): 68 kWh\/1000 h<br \/>Virrankulutus (tyypillinen): 43 watti(a)<br \/>Virrankulutuksen valmiustila: 0.5 watti(a)<br \/>Virrankulutus (sammutettuna): 0.3 watti(a)<br \/>Mittojen &amp; painon yksityiskohdat:<br \/>Jalustan kanssa (korkein asento) &#8211; leveys: 80.81 cm &#8211; syvyys: 26.94 cm &#8211; korkeus: 53.47 cm &#8211; paino: 8.62 kg<br \/>Jalustan kanssa (matalin asento) &#8211; leveys: 80.81 cm &#8211; syvyys: 26.94 cm &#8211; korkeus: 43.57 cm &#8211; paino: 8.62 kg<br \/>Ilman jalustaa &#8211; leveys: 80.81 cm &#8211; syvyys: 36.84 cm &#8211; korkeus: 10.9 cm &#8211; paino: 6.37 kg<br \/>L\u00e4hetysleveys: 107 cm<br \/>L\u00e4hetyssyvyys: 18.8 cm<br \/>L\u00e4hetyskorkeus: 55.3 cm<br \/>L\u00e4hetyspaino: 11.9 kg<\/p>\n","protected":false},"excerpt":{"rendered":"<p>Valmistaja: AOC INTERNATIONAL<br \/>Valmistajan tuotekoodi: CU34G4Z<br \/>Tuotenimike: AOC CU34G4Z 34inch 3440&#215;1440 1ms 2xHDMI DP USB Black\/Red<br \/>Kuvaus: AOC Gaming CU34G4Z &#8211; LED-n\u00e4ytt\u00f6 &#8211; pelaaminen &#8211; kaareva &#8211; 34&#8243; &#8211; 3440 x 1440 WQHD @ 240 Hz &#8211; Fast VA &#8211; 450 cd\/m\u00b2 &#8211; 2500:1 &#8211; DisplayHDR 400 &#8211; 0.5 ms &#8211; 2xHDMI, DisplayPort &#8211; musta, punainen<br \/>EAN-koodi: 4038986612692<br \/>Valmistajan takuu: 3 vuotta<\/p>\n","protected":false},"featured_media":9779,"comment_status":"open","ping_status":"closed","template":"","meta":[],"product_brand":[649],"product_cat":[683],"product_tag":[],"class_list":{"0":"post-9777","1":"product","2":"type-product","3":"status-publish","6":"product_brand-aoc-international","7":"product_cat-2k","9":"first","10":"onbackorder","11":"sale","12":"taxable","13":"shipping-taxable","14":"purchasable","15":"product-type-simple"},"jetpack_sharing_enabled":true,"_links":{"self":[{"href":"https:\/\/www.digidreamer.fi\/kauppa\/wp-json\/wp\/v2\/product\/9777","targetHints":{"allow":["GET"]}}],"collection":[{"href":"https:\/\/www.digidreamer.fi\/kauppa\/wp-json\/wp\/v2\/product"}],"about":[{"href":"https:\/\/www.digidreamer.fi\/kauppa\/wp-json\/wp\/v2\/types\/product"}],"replies":[{"embeddable":true,"href":"https:\/\/www.digidreamer.fi\/kauppa\/wp-json\/wp\/v2\/comments?post=9777"}],"wp:featuredmedia":[{"embeddable":true,"href":"https:\/\/www.digidreamer.fi\/kauppa\/wp-json\/wp\/v2\/media\/9779"}],"wp:attachment":[{"href":"https:\/\/www.digidreamer.fi\/kauppa\/wp-json\/wp\/v2\/media?parent=9777"}],"wp:term":[{"taxonomy":"product_brand","embeddable":true,"href":"https:\/\/www.digidreamer.fi\/kauppa\/wp-json\/wp\/v2\/product_brand?post=9777"},{"taxonomy":"product_cat","embeddable":true,"href":"https:\/\/www.digidreamer.fi\/kauppa\/wp-json\/wp\/v2\/product_cat?post=9777"},{"taxonomy":"product_tag","embeddable":true,"href":"https:\/\/www.digidreamer.fi\/kauppa\/wp-json\/wp\/v2\/product_tag?post=9777"}],"curies":[{"name":"wp","href":"https:\/\/api.w.org\/{rel}","templated":true}]}}