{"id":9762,"date":"2025-09-27T09:21:50","date_gmt":"2025-09-27T07:21:50","guid":{"rendered":"https:\/\/www.digidreamer.fi\/kauppa\/?post_type=product&#038;p=9762"},"modified":"2026-04-29T07:20:06","modified_gmt":"2026-04-29T04:20:06","slug":"aoc-u27g4r-27-fast-ips-dual-frame-monitor-uhd-fhd-160-320hz-05ms-pelinaytto","status":"publish","type":"product","link":"https:\/\/www.digidreamer.fi\/kauppa\/tuote\/aoc-u27g4r-27-fast-ips-dual-frame-monitor-uhd-fhd-160-320hz-05ms-pelinaytto\/","title":{"rendered":"AOC U27G4R 27&#8243; Fast IPS Dual Frame Monitor UHD\/FHD 160-320Hz 0.5ms-pelin\u00e4ytt\u00f6"},"content":{"rendered":"<p>N\u00e4yt\u00f6n tyyppi: LED-taustavalaistu LCD-n\u00e4ytt\u00f6 \/ TFT-aktiivimatriisi<br \/>Energialuokka: Luokka F<br \/>Energialuokka (HDR): Luokka G<br \/>N\u00e4yt\u00f6n koko: 27&#8243;<br \/>Adaptive-Sync -tekniikka: VESA Adaptive-Sync<br \/>Sis\u00e4\u00e4nrakennetut laitteet: USB 3.1 Gen1 -keskitin<br \/>Paneelityyppi: Fast IPS<br \/>Katselusuhde: 16:9<br \/>Alkuper\u00e4inen tarkkuus: 4K UHD (2160p) 3840 x 2160 at 160 Hz<br \/>Kirkkaus: 400 cd\/m\u00b2<br \/>Kontrastisuhde: 1000:1<br \/>V\u00e4rituki: 16,7 miljoonaa v\u00e4ri\u00e4 (8-bit)<br \/>V\u00e4riasteikko: 124.7% sRGB (CIE 1976), 93.4% Adobe RGB (CIE 1976), 95.9% DCI-P3 (CIE 1976)<br \/>Vasteaika: 1 ms (gray-to-gray), 0.5 ms (MPRT), 0,3 ms (MPRT)<br \/>Pelaaminen: Kyll\u00e4<br \/>Vaakasuuntainen katselukulma: 178<br \/>Pystysuuntainen katselukulma: 178<br \/>N\u00e4yt\u00f6n pinnoite: Heijastamaton<br \/>Taustavaloteknologia: WLED<br \/>Ominaisuudet: FPS Mode, Flicker Free -tekniikka, Crosshair Display, RTS Mode, PBP, Motion Blur Reduction, Anti-Blue Light -tekniikka, Low Input Lag, Game Color Mode, Action Mode, Racing Mode, Dial Point, 3-puolinen kehykset\u00f6n, varjostuksen hallinta, PIP-tuki, AOC G-Menu, ruutujen laskuri, nopea vaihto, pelikonsolituki, HDR400<br \/>V\u00e4ri: Musta, punainen<br \/>Ulkomitat (PxSxK): 61.39 cm x 22.76 cm x 51.6 cm &#8211; jalustan kanssa (korkein asento)<br \/>Paino: 6.35 kg<br \/>Liit\u00e4nn\u00e4t:<br \/>HDMI<br \/>DisplayPort 2.1<br \/>Kuulokkeet (mini-jack)<br \/>USB 3.1 Gen 1 upstream (B-tyyppi)<br \/>4 x USB-C 3,1 Gen 1 alavirtaan<br \/>N\u00e4yt\u00f6n sijainnin s\u00e4\u00e4d\u00f6t: Korkeus, nivel (kierto), k\u00e4\u00e4nt\u00f6alusta, kaltevuus<br \/>Kallistuskulma: 3.5\/21.5<br \/>K\u00e4\u00e4nt\u00f6kulma: 60<br \/>Kiertokulma: -90\/+90<br \/>Korkeudens\u00e4\u00e4t\u00f6: 130 mm<br \/>VESA-kiinnitysliit\u00e4nt\u00e4: 100 x 100 mm<br \/>Ominaisuudet: Paikka lukituslaitteelle (kaapelilukko myyd\u00e4\u00e4n erikseen)<br \/>Sis\u00e4ltyv\u00e4t kaapelit:<br \/>1 x HDMI-kaapeli<br \/>1 x DisplayPort -kaapeli<br \/>USB-B to USB-A -kaapeli<br \/>Turvapaikkatyyppi: Kensington-turvalukkopaikka<br \/>Virrankulutus SDR (p\u00e4\u00e4ll\u00e4-tila): 25 kWh\/1000 h<br \/>Virrankulutus HDR (virta p\u00e4\u00e4ll\u00e4 -tila): 50 kWh\/1000 h<br \/>Virrankulutuksen valmiustila: 0.5 watti(a)<br \/>Virrankulutus (sammutettuna): 0.3 watti(a)<br \/>Mittojen &amp; painon yksityiskohdat:<br \/>Jalustan kanssa (korkein asento) &#8211; leveys: 61.39 cm &#8211; syvyys: 22.76 cm &#8211; korkeus: 51.6 cm &#8211; paino: 6.35 kg<br \/>Jalustan kanssa (matalin asento) &#8211; leveys: 61.39 cm &#8211; syvyys: 22.76 cm &#8211; korkeus: 38.6 cm &#8211; paino: 6.35 kg<br \/>Ilman jalustaa &#8211; leveys: 61.39 cm &#8211; syvyys: 5.128 cm &#8211; korkeus: 36.631 cm &#8211; paino: 4.41 kg<br \/>L\u00e4hetysleveys: 82.5 cm<br \/>L\u00e4hetyssyvyys: 16.2 cm<br \/>L\u00e4hetyskorkeus: 48.1 cm<br \/>L\u00e4hetyspaino: 9.95 kg<\/p>\n","protected":false},"excerpt":{"rendered":"<p>Valmistaja: AOC INTERNATIONAL<br \/>Valmistajan tuotekoodi: U27G4R<br \/>Tuotenimike: AOC U27G4R 27inch Fast IPS Dual Frame Monitor UHD\/FHD 160-320Hz 400cd\/m2 0,5ms HDMI2.1&#215;2 DP1.4 USB 3.1 Pivot<br \/>Kuvaus: AOC Gaming U27G4R &#8211; LED-n\u00e4ytt\u00f6 &#8211; pelaaminen &#8211; 27&#8243; &#8211; 3840 x 2160 4K UHD (2160p) @ 160 Hz &#8211; Fast IPS &#8211; 400 cd\/m\u00b2 &#8211; 1000:1 &#8211; 0.3 ms &#8211; HDMI, DisplayPort &#8211; musta, punainen<br \/>EAN-koodi: 4038986682688<br \/>Valmistajan takuu: 3 vuotta<\/p>\n","protected":false},"featured_media":9764,"comment_status":"open","ping_status":"closed","template":"","meta":[],"product_brand":[649],"product_cat":[684],"product_tag":[],"class_list":{"0":"post-9762","1":"product","2":"type-product","3":"status-publish","6":"product_brand-aoc-international","7":"product_cat-4k","9":"first","10":"instock","11":"sale","12":"taxable","13":"shipping-taxable","14":"purchasable","15":"product-type-simple"},"jetpack_sharing_enabled":true,"_links":{"self":[{"href":"https:\/\/www.digidreamer.fi\/kauppa\/wp-json\/wp\/v2\/product\/9762","targetHints":{"allow":["GET"]}}],"collection":[{"href":"https:\/\/www.digidreamer.fi\/kauppa\/wp-json\/wp\/v2\/product"}],"about":[{"href":"https:\/\/www.digidreamer.fi\/kauppa\/wp-json\/wp\/v2\/types\/product"}],"replies":[{"embeddable":true,"href":"https:\/\/www.digidreamer.fi\/kauppa\/wp-json\/wp\/v2\/comments?post=9762"}],"wp:featuredmedia":[{"embeddable":true,"href":"https:\/\/www.digidreamer.fi\/kauppa\/wp-json\/wp\/v2\/media\/9764"}],"wp:attachment":[{"href":"https:\/\/www.digidreamer.fi\/kauppa\/wp-json\/wp\/v2\/media?parent=9762"}],"wp:term":[{"taxonomy":"product_brand","embeddable":true,"href":"https:\/\/www.digidreamer.fi\/kauppa\/wp-json\/wp\/v2\/product_brand?post=9762"},{"taxonomy":"product_cat","embeddable":true,"href":"https:\/\/www.digidreamer.fi\/kauppa\/wp-json\/wp\/v2\/product_cat?post=9762"},{"taxonomy":"product_tag","embeddable":true,"href":"https:\/\/www.digidreamer.fi\/kauppa\/wp-json\/wp\/v2\/product_tag?post=9762"}],"curies":[{"name":"wp","href":"https:\/\/api.w.org\/{rel}","templated":true}]}}