{"id":9708,"date":"2025-09-21T17:23:26","date_gmt":"2025-09-21T14:23:26","guid":{"rendered":"https:\/\/www.digidreamer.fi\/kauppa\/?post_type=product&#038;p=9708"},"modified":"2026-04-29T07:16:52","modified_gmt":"2026-04-29T04:16:52","slug":"lenovo-legion-r24e-23-8-ips-fhd-wled-180hz-pelinaytto","status":"publish","type":"product","link":"https:\/\/www.digidreamer.fi\/kauppa\/tuote\/lenovo-legion-r24e-23-8-ips-fhd-wled-180hz-pelinaytto\/","title":{"rendered":"LENOVO Legion R24e 23.8&#8243; IPS FHD WLED 180Hz-pelin\u00e4ytt\u00f6"},"content":{"rendered":"<p>N\u00e4yt\u00f6n tyyppi: LED-taustavalaistu LCD-n\u00e4ytt\u00f6 \/ TFT-aktiivimatriisi<br \/>Energialuokka: Luokka E<br \/>N\u00e4yt\u00f6n koko: 24&#8243;<br \/>Kuva-ala: 23.8&#8243;<br \/>Adaptive-Sync -tekniikka: AMD FreeSync<br \/>Paneelityyppi: IPS<br \/>Katselusuhde: 16:9<br \/>Alkuper\u00e4inen tarkkuus: Full HD (1080p) 1920 x 1080 at 180 Hz<br \/>Pikselikoko: 0.2745 mm<br \/>Pikseli\u00e4 per tuuma: 93<br \/>Kirkkaus: 300 cd\/m\u00b2<br \/>Kontrastisuhde: 1000:1 \/ 3000000:1 (dynaaminen)<br \/>V\u00e4rituki: 16,7 miljoonaa v\u00e4ri\u00e4 (Todellinen 8-bittinen)<br \/>V\u00e4riasteikko: 99% sRGB [coverage ratio), 120% sRGB (color area ratio)<br \/>Vasteaika: 0.5 ms (MPRT), 1 ms (taso 4), 2 ms (taso 3), 3 ms (taso 2), 4 ms (taso 1)<br \/>Pystysuuntainen p\u00e4ivityssuhde: 48 &#8211; 180 Hz<br \/>Vaakasuuntainen p\u00e4ivityssuhde: 30 &#8211; 200 kHz<br \/>Pelaaminen: Kyll\u00e4<br \/>Vaakasuuntainen katselukulma: 178<br \/>Pystysuuntainen katselukulma: 178<br \/>N\u00e4yt\u00f6n pinnoite: H\u00e4ik\u00e4isem\u00e4t\u00f6n<br \/>Taustavaloteknologia: WLED<br \/>Ominaisuudet: Sis\u00e4inen kaapelinhallinta, Silm\u00e4lle mukava tila, 3-puolinen NearEdgeless, pelikonsolituki, 2,6 mm reunus (yl\u00e4\/puoli), 20,6 mm reunus (ala)<br \/>V\u00e4ri: Y\u00f6nmusta<br \/>Ulkomitat (PxSxK): 54.04 cm x 25.86 cm x 52.3 cm &#8211; jalustan kanssa (korkein asento)<br \/>Paino: 4.8 kg<br \/>Liit\u00e4nn\u00e4t:<br \/>HDMI<br \/>DisplayPort 1.4<br \/>Audio line-out<br \/>N\u00e4yt\u00f6n sijainnin s\u00e4\u00e4d\u00f6t: Korkeus, nivel (kierto), k\u00e4\u00e4nt\u00f6alusta, kaltevuus<br \/>Kallistuskulma: -5\/+22<br \/>K\u00e4\u00e4nt\u00f6kulma: 60<br \/>Kiertokulma: -90\/+90<br \/>Korkeudens\u00e4\u00e4t\u00f6: 135 mm<br \/>VESA-kiinnitysliit\u00e4nt\u00e4: 100 x 100 mm<br \/>Ominaisuudet: Paikka lukituslaitteelle (kaapelilukko myyd\u00e4\u00e4n erikseen)<br \/>Sis\u00e4ltyv\u00e4t kaapelit: 1 x HDMI-kaapeli &#8211; 1.8 m<br \/>Yhteensopivuusstandardit: RoHS, China Energy standard Tier 2, TUV Rheinland Eye Comfort Certification 2.0<br \/>Lokalisointi: EMEA<br \/>Turvapaikkatyyppi: Kensington-turvalukkopaikka<br \/>Tuloj\u00e4nnite: Vaihtovirta 100-240 V (50\/60 Hz)<br \/>Virrankulutus SDR (p\u00e4\u00e4ll\u00e4-tila): 17 kWh\/1000 h<br \/>Virrankulutus (tyypillinen): 16.6 watti(a)<br \/>Virrankulutus (maks.): 24 watti(a)<br \/>Virrankulutuksen valmiustila: 0.5 watti(a)<br \/>Virrankulutuksen lepotila: 0.5 watti(a)<br \/>Virrankulutus (sammutettuna): 0.3 watti(a)<br \/>Mukana tuleva ohjelmisto: Lenovo Artery<br \/>Mittojen &amp; painon yksityiskohdat:<br \/>Jalustan kanssa (korkein asento) &#8211; leveys: 54.04 cm &#8211; syvyys: 25.86 cm &#8211; korkeus: 52.3 cm &#8211; paino: 4.8 kg<br \/>Jalustan kanssa (matalin asento) &#8211; leveys: 54.04 cm &#8211; syvyys: 25.86 cm &#8211; korkeus: 38.8 cm &#8211; paino: 4.8 kg<br \/>Ilman jalustaa &#8211; leveys: 54.04 cm &#8211; syvyys: 5.17 cm &#8211; korkeus: 32.53 cm &#8211; paino: 2.9 kg<br \/>L\u00e4hetysleveys: 64.2 cm<br \/>L\u00e4hetyssyvyys: 18.7 cm<br \/>L\u00e4hetyskorkeus: 46.2 cm<br \/>L\u00e4hetyspaino: 7 kg<\/p>\n","protected":false},"excerpt":{"rendered":"<p>Valmistaja: LENOVO<br \/>Valmistajan tuotekoodi: 67CCGAC4EU<br \/>Tuotenimike: LENOVO Legion R24e 23.8inch IPS FHD WLED 300cd\/m2 0.5ms HDMI DP<br \/>Kuvaus: Lenovo Legion R24e &#8211; LED-n\u00e4ytt\u00f6 &#8211; pelaaminen &#8211; 24&#8243; (23.8&#8243; katseltava) &#8211; 1920 x 1080 Full HD (1080p) @ 180 Hz &#8211; IPS &#8211; 300 cd\/m\u00b2 &#8211; 1000:1 &#8211; 0.5 ms &#8211; HDMI, DisplayPort &#8211; y\u00f6nmusta<br \/>EAN-koodi: 0198154721473<br \/>Valmistajan takuu: 3 vuotta<\/p>\n","protected":false},"featured_media":9710,"comment_status":"open","ping_status":"closed","template":"","meta":[],"product_brand":[637],"product_cat":[682],"product_tag":[],"class_list":{"0":"post-9708","1":"product","2":"type-product","3":"status-publish","6":"product_brand-lenovo","7":"product_cat-full-hd","9":"first","10":"instock","11":"sale","12":"taxable","13":"shipping-taxable","14":"purchasable","15":"product-type-simple"},"jetpack_sharing_enabled":true,"_links":{"self":[{"href":"https:\/\/www.digidreamer.fi\/kauppa\/wp-json\/wp\/v2\/product\/9708","targetHints":{"allow":["GET"]}}],"collection":[{"href":"https:\/\/www.digidreamer.fi\/kauppa\/wp-json\/wp\/v2\/product"}],"about":[{"href":"https:\/\/www.digidreamer.fi\/kauppa\/wp-json\/wp\/v2\/types\/product"}],"replies":[{"embeddable":true,"href":"https:\/\/www.digidreamer.fi\/kauppa\/wp-json\/wp\/v2\/comments?post=9708"}],"wp:featuredmedia":[{"embeddable":true,"href":"https:\/\/www.digidreamer.fi\/kauppa\/wp-json\/wp\/v2\/media\/9710"}],"wp:attachment":[{"href":"https:\/\/www.digidreamer.fi\/kauppa\/wp-json\/wp\/v2\/media?parent=9708"}],"wp:term":[{"taxonomy":"product_brand","embeddable":true,"href":"https:\/\/www.digidreamer.fi\/kauppa\/wp-json\/wp\/v2\/product_brand?post=9708"},{"taxonomy":"product_cat","embeddable":true,"href":"https:\/\/www.digidreamer.fi\/kauppa\/wp-json\/wp\/v2\/product_cat?post=9708"},{"taxonomy":"product_tag","embeddable":true,"href":"https:\/\/www.digidreamer.fi\/kauppa\/wp-json\/wp\/v2\/product_tag?post=9708"}],"curies":[{"name":"wp","href":"https:\/\/api.w.org\/{rel}","templated":true}]}}