{"id":9695,"date":"2025-09-21T17:07:38","date_gmt":"2025-09-21T14:07:38","guid":{"rendered":"https:\/\/www.digidreamer.fi\/kauppa\/?post_type=product&#038;p=9695"},"modified":"2026-04-29T20:18:46","modified_gmt":"2026-04-29T17:18:46","slug":"dell-alienware-27-4k-dual-resolution-gaming-monitor-aw2725qf-27-ips-3840x2160-169-up-to-600cd-m2-180hz-pelinaytto","status":"publish","type":"product","link":"https:\/\/www.digidreamer.fi\/kauppa\/tuote\/dell-alienware-27-4k-dual-resolution-gaming-monitor-aw2725qf-27-ips-3840x2160-169-up-to-600cd-m2-180hz-pelinaytto\/","title":{"rendered":"DELL Alienware 27 4K Dual-Resolution Gaming Monitor AW2725QF 27&#8243; IPS 3840&#215;2160 16:9 up to 600cd\/m2 180Hz-pelin\u00e4ytt\u00f6"},"content":{"rendered":"<p>N\u00e4yt\u00f6n tyyppi: LED-taustavalaistu LCD-n\u00e4ytt\u00f6 \/ TFT-aktiivimatriisi<br \/>Energialuokka: Luokka G<br \/>Energialuokka (HDR): Luokka G<br \/>N\u00e4yt\u00f6n koko: 27&#8243;<br \/>Kuva-ala: 26.95&#8243;<br \/>Adaptive-Sync -tekniikka: VESA Adaptive-Sync, NVIDIA G-SYNC Compatible<br \/>Sis\u00e4\u00e4nrakennetut laitteet: USB 3.2 Gen 1 -keskitin<br \/>Paneelityyppi: IPS<br \/>Katselusuhde: 16:9<br \/>Alkuper\u00e4inen tarkkuus: 4K \/ Full HD (1080p) 3840 x 2160 \/ 1920 x 1080 at 165 Hz<br \/>Pikselikoko: 0.1554 mm<br \/>Pikseli\u00e4 per tuuma: 163<br \/>Kirkkaus: 600 cd\/m\u00b2<br \/>Kontrastisuhde: 1000:1<br \/>HDR-muoto: Dolby Vision<br \/>HDR-sertifioitu: DisplayHDR 600<br \/>V\u00e4rituki: 1,07 miljardia v\u00e4ri\u00e4<br \/>V\u00e4riasteikko: 100% sRGB, 95% DCI-P3<br \/>Vasteaika: 0,5 ms (harmaa harmaalle min.), 2 ms (harmaa harmaalle supernopea), 3 ms (harmaa harmaalle nopea), 1 ms (harmaasta harmaaseen havaittu) \u00e4\u00e4ritilassa<br \/>Pystysuuntainen p\u00e4ivityssuhde: 48 &#8211; 360 Hz<br \/>Vaakasuuntainen p\u00e4ivityssuhde: 30 &#8211; 470 kHz<br \/>Pelaaminen: Kyll\u00e4<br \/>Vaakasuuntainen katselukulma: 178<br \/>Pystysuuntainen katselukulma: 178<br \/>N\u00e4yt\u00f6n pinnoite: H\u00e4ik\u00e4isem\u00e4t\u00f6n, 3H Hard Coating<br \/>Taustavaloteknologia: Edge LED<br \/>Ominaisuudet: Kuva kuvassa, kuva kuvalta, FPS Mode, Flicker Free -tekniikka, RTS Mode, ei sis\u00e4ll\u00e4 elohopeaa, lasi ei sis\u00e4ll\u00e4 arsenikkia, Sports Mode, Silm\u00e4lle mukava tila, RPG Mode, 8-bittinen + A-FRC-v\u00e4risyvyys, Dell ComfortView Plus, Delta E\u22642 -v\u00e4ritarkkuus, konsoli-tila, 3 muokattavaa pelitilaa<br \/>Ulkomitat (PxSxK): 61.144 cm x 24.37 cm x 51.868 cm &#8211; jalustan kanssa (korkein asento)<br \/>Paino: 7.15 kg<br \/>Liit\u00e4nn\u00e4t:<br \/>2 x HDMI<br \/>DisplayPort 1.4<br \/>USB 3.2 Gen 1 alavirta (BC 1.2)<br \/>2 x USB 3.2 Gen 1 alavirta (Type A)<br \/>USB 3.2 Gen 1 yl\u00e4virta (B-tyyppi)<br \/>USB-C 3.2 Gen 1 alavirta<br \/>N\u00e4yt\u00f6n sijainnin s\u00e4\u00e4d\u00f6t: Korkeus, nivel (kierto), k\u00e4\u00e4nt\u00f6alusta, kaltevuus<br \/>Kallistuskulma: -5\/+21<br \/>K\u00e4\u00e4nt\u00f6kulma: 40<br \/>Kiertokulma: 180<br \/>Korkeudens\u00e4\u00e4t\u00f6: 110 mm<br \/>VESA-kiinnitysliit\u00e4nt\u00e4: 100 x 100 mm<br \/>Ominaisuudet: Paikka lukituslaitteelle (kaapelilukko myyd\u00e4\u00e4n erikseen), sis\u00e4inen kaapelinhallinta, VESA-liit\u00e4nt\u00e4tuki<br \/>Sis\u00e4ltyv\u00e4t kaapelit:<br \/>1 x DisplayPort -kaapeli &#8211; DisplayPort to DisplayPort &#8211; 1.8 m<br \/>1 x HDMI-kaapeli &#8211; 1.8 m<br \/>1 x USB 3.2 Gen 1 -yl\u00e4virtakaapeli &#8211; 1.8 m<br \/>Yhteensopivuusstandardit: Plug and Play, RoHS, BFR-v\u00e4hennetty, PVC-v\u00e4hennetty<br \/>Turvapaikkatyyppi: Kensington-turvalukkopaikka<br \/>Tuloj\u00e4nnite: Vaihtovirta 100-240 V (50\/60 Hz)<br \/>Virrankulutus (On-tilassa): 26.1 W<br \/>Virrankulutus SDR (p\u00e4\u00e4ll\u00e4-tila): 26.1 kWh\/1000 h<br \/>Virrankulutus HDR (virta p\u00e4\u00e4ll\u00e4 -tila): 68 kWh\/1000 h<br \/>Virrankulutus (tyypillinen): 26.1 watti(a)<br \/>Virrankulutus (maks.): 140 watti(a)<br \/>Virrankulutuksen valmiustila: 0.5 watti(a)<br \/>Virrankulutus (sammutettuna): 0.3 watti(a)<br \/>Mukana tuleva ohjelmisto: Alienware Command Center<br \/>Mittojen &amp; painon yksityiskohdat:<br \/>Jalustan kanssa (matalin asento) &#8211; leveys: 61.144 cm &#8211; syvyys: 24.37 cm &#8211; korkeus: 40.868 cm &#8211; paino: 7.15 kg<br \/>Jalustan kanssa (korkein asento) &#8211; leveys: 61.144 cm &#8211; syvyys: 24.37 cm &#8211; korkeus: 51.868 cm &#8211; paino: 7.15 kg<br \/>Ilman jalustaa &#8211; leveys: 61.144 cm &#8211; syvyys: 6.74 cm &#8211; korkeus: 36.118 cm &#8211; paino: 4.75 kg<br \/>L\u00e4hetyspaino: 11.18 kg<\/p>\n","protected":false},"excerpt":{"rendered":"<p>Valmistaja: DELL TECHNOLOGIES<br \/>Valmistajan tuotekoodi: GAME-AW2725QF<br \/>Tuotenimike: DELL Alienware 27 4K Dual-Resolution Gaming Monitor AW2725QF 68.6cm 27inch IPS up to 3840&#215;2160 16:9 up to 600cd\/m2 180Hz HDMI DP<br \/>Kuvaus: Alienware AW2725QF &#8211; LED-n\u00e4ytt\u00f6 &#8211; pelaaminen &#8211; 27&#8243; (26.95&#8243; katseltava) &#8211; 3840 x 2160 \/ 1920 x 1080 4K \/ Full HD (1080p) @ 165 Hz &#8211; IPS &#8211; 600 cd\/m\u00b2 &#8211; 1000:1 &#8211; DisplayHDR 600 &#8211; 0.5 ms &#8211; 2xHDMI, DisplayPort &#8211; sek\u00e4 3 vuoden Advanced Exchange Basic Warranty<br \/>EAN-koodi: 5397184821787<br \/>Valmistajan takuu: 3 vuotta<\/p>\n","protected":false},"featured_media":9698,"comment_status":"open","ping_status":"closed","template":"","meta":[],"product_brand":[716],"product_cat":[684],"product_tag":[],"class_list":{"0":"post-9695","1":"product","2":"type-product","3":"status-publish","6":"product_brand-dell-technologies","7":"product_cat-4k","9":"first","10":"instock","11":"sale","12":"taxable","13":"shipping-taxable","14":"purchasable","15":"product-type-simple"},"jetpack_sharing_enabled":true,"_links":{"self":[{"href":"https:\/\/www.digidreamer.fi\/kauppa\/wp-json\/wp\/v2\/product\/9695","targetHints":{"allow":["GET"]}}],"collection":[{"href":"https:\/\/www.digidreamer.fi\/kauppa\/wp-json\/wp\/v2\/product"}],"about":[{"href":"https:\/\/www.digidreamer.fi\/kauppa\/wp-json\/wp\/v2\/types\/product"}],"replies":[{"embeddable":true,"href":"https:\/\/www.digidreamer.fi\/kauppa\/wp-json\/wp\/v2\/comments?post=9695"}],"wp:featuredmedia":[{"embeddable":true,"href":"https:\/\/www.digidreamer.fi\/kauppa\/wp-json\/wp\/v2\/media\/9698"}],"wp:attachment":[{"href":"https:\/\/www.digidreamer.fi\/kauppa\/wp-json\/wp\/v2\/media?parent=9695"}],"wp:term":[{"taxonomy":"product_brand","embeddable":true,"href":"https:\/\/www.digidreamer.fi\/kauppa\/wp-json\/wp\/v2\/product_brand?post=9695"},{"taxonomy":"product_cat","embeddable":true,"href":"https:\/\/www.digidreamer.fi\/kauppa\/wp-json\/wp\/v2\/product_cat?post=9695"},{"taxonomy":"product_tag","embeddable":true,"href":"https:\/\/www.digidreamer.fi\/kauppa\/wp-json\/wp\/v2\/product_tag?post=9695"}],"curies":[{"name":"wp","href":"https:\/\/api.w.org\/{rel}","templated":true}]}}