{"id":9494,"date":"2025-09-10T14:31:03","date_gmt":"2025-09-10T11:31:03","guid":{"rendered":"https:\/\/www.digidreamer.fi\/kauppa\/?post_type=product&#038;p=9494"},"modified":"2026-05-01T10:26:45","modified_gmt":"2026-05-01T07:26:45","slug":"wd-blue-sn5100-nvme-ssd-m-2-ssd-levy","status":"publish","type":"product","link":"https:\/\/www.digidreamer.fi\/kauppa\/tuote\/wd-blue-sn5100-nvme-ssd-m-2-ssd-levy\/","title":{"rendered":"WD Blue SN5100 NVMe SSD M.2-SSD-levy"},"content":{"rendered":"<p>Laitteen tyyppi: SSD-levy &#8211; sis\u00e4inen<br \/>Muistin koko: 500 GB &#8211; 4 Tt<br \/>Koko tai muoto: M.2 2280<br \/>Liit\u00e4nt\u00e4: PCIe 4.0 (NVMe)<br \/>Ominaisuudet: 3D NAND Technology, nCache 4.0 -tekniikka, TCG Pyrite 2.01, ATA-turvallisuus<br \/>Leveys: 22 mm<br \/>Syvyys: 80 mm<br \/>Korkeus: 2.29 mm<br \/>Paino: 5.7 g<br \/>Puolijohdeaseman kestokyky: 300 TB &#8211; 2400 TB<br \/>Sis\u00e4inen tiedonsiirtonopeus: 6600 MBps (luku) \/ 5600 MBps (kirjoitus)<br \/>4KB Random Read: 660000 IOPS<br \/>4KB Random Write: 1100000 IOPS<br \/>Keskim\u00e4\u00e4r\u00e4inen vikav\u00e4li (MTBF): 175,000,000 tuntia<br \/>Liit\u00e4nn\u00e4t: 1 x PCI Express 4.0 (NVMe) &#8211; M.2 Card<br \/>Yhteensopiva paikka: M.2 2280<br \/>Virrankulutus:<br \/>3.8 watti(a) (keskim. kirjoitus)<br \/>3.8 watti(a) (keskom. luku)<br \/>4 mW (lepotila)<br \/>Yhteensopivuusstandardit: FCC, KCC, BSMI, VCCI, RCM, Morocco, UL, UKCA, RoHS<\/p>\n","protected":false},"excerpt":{"rendered":"<p>Valmistaja: WESTERN DIGITAL<br \/>Valmistajan tuotekoodi: WDS500G5B0E-00CPE0, WDS100T5B0E-00CPE0, WDS200T5B0E-00CPE0, WDS400T5B0E-00CPE0<br \/>Tuotenimike: WD Blue SN5100 NVMe SSD M.2<br \/>EAN-koodi: 0718037906287, 0718037906256, 0718037906263, 0718037906270<br \/>Valmistajan takuu: 5 vuotta<\/p>\n","protected":false},"featured_media":9495,"comment_status":"open","ping_status":"closed","template":"","meta":[],"product_brand":[632],"product_cat":[702],"product_tag":[],"class_list":{"0":"post-9494","1":"product","2":"type-product","3":"status-publish","6":"product_brand-western-digital","7":"product_cat-m-2-ssd","9":"first","10":"instock","11":"sale","12":"taxable","13":"shipping-taxable","14":"purchasable","15":"product-type-variable","16":"has-default-attributes"},"jetpack_sharing_enabled":true,"_links":{"self":[{"href":"https:\/\/www.digidreamer.fi\/kauppa\/wp-json\/wp\/v2\/product\/9494","targetHints":{"allow":["GET"]}}],"collection":[{"href":"https:\/\/www.digidreamer.fi\/kauppa\/wp-json\/wp\/v2\/product"}],"about":[{"href":"https:\/\/www.digidreamer.fi\/kauppa\/wp-json\/wp\/v2\/types\/product"}],"replies":[{"embeddable":true,"href":"https:\/\/www.digidreamer.fi\/kauppa\/wp-json\/wp\/v2\/comments?post=9494"}],"wp:featuredmedia":[{"embeddable":true,"href":"https:\/\/www.digidreamer.fi\/kauppa\/wp-json\/wp\/v2\/media\/9495"}],"wp:attachment":[{"href":"https:\/\/www.digidreamer.fi\/kauppa\/wp-json\/wp\/v2\/media?parent=9494"}],"wp:term":[{"taxonomy":"product_brand","embeddable":true,"href":"https:\/\/www.digidreamer.fi\/kauppa\/wp-json\/wp\/v2\/product_brand?post=9494"},{"taxonomy":"product_cat","embeddable":true,"href":"https:\/\/www.digidreamer.fi\/kauppa\/wp-json\/wp\/v2\/product_cat?post=9494"},{"taxonomy":"product_tag","embeddable":true,"href":"https:\/\/www.digidreamer.fi\/kauppa\/wp-json\/wp\/v2\/product_tag?post=9494"}],"curies":[{"name":"wp","href":"https:\/\/api.w.org\/{rel}","templated":true}]}}