{"id":8903,"date":"2025-07-13T13:19:50","date_gmt":"2025-07-13T10:19:50","guid":{"rendered":"https:\/\/www.digidreamer.fi\/kauppa\/?post_type=product&#038;p=8903"},"modified":"2026-05-01T10:21:59","modified_gmt":"2026-05-01T07:21:59","slug":"kingston-8000mhz-ddr5-cl38-dimm-fury-renegade-silver-keskusmuisti","status":"publish","type":"product","link":"https:\/\/www.digidreamer.fi\/kauppa\/tuote\/kingston-8000mhz-ddr5-cl38-dimm-fury-renegade-silver-keskusmuisti\/","title":{"rendered":"KINGSTON 8000MHz DDR5 CL38 DIMM FURY Renegade Silver-keskusmuisti"},"content":{"rendered":"<p>Kapasiteetti: 24 Gt, 48 Gt<br \/>P\u00e4ivitystyyppi: Yleinen<br \/>Leveys: 133.35 mm<br \/>Syvyys: 7.65 mm<br \/>Korkeus: 39.2 mm<br \/>Tyyppi: DRAM muistimoduuli<br \/>Tekniikka: DDR5 SDRAM<br \/>Koko tai muoto: DIMM 288 nastaa<br \/>Moduulin korkeus (tuumaa): 1.54<br \/>Nopeus: 8000 MT\/s (PC5-64000)<br \/>Saantiviiveet: CL38 (38-48-48)<br \/>Tiedon eheystarkistus: On-die ECC<br \/>Ominaisuudet: Intel Extreme Memory Profiles (XMP 3.0), Single Rank, sis\u00e4\u00e4nrakennettu Integroitu virranhallintapiiri (PMIC), alumiininen l\u00e4mm\u00f6n levitt\u00e4j\u00e4, Black PCB, puskuroimaton<br \/>Moduulin kokoonpano: 3072 x 64<br \/>Sirurakenne (Chips Organization): 3072 x 8<br \/>J\u00e4nnite: 1.4 V<br \/>Liitinpinnoite: Kulta<br \/>RAM-tehokkuus:<br \/>SPD 5600 MT\/s &#8211; 1.1 V &#8211; CL46 &#8211; 46-45-45<br \/>Intel Extreme Memory Profiles (XMP 3.0) 8000 MT\/s &#8211; 1.4 V &#8211; CL38 &#8211; 38-48-48<br \/>Intel Extreme Memory Profiles (XMP 3.0) 7200 MT\/s &#8211; 1.4 V &#8211; CL38 &#8211; 38-44-44<br \/>V\u00e4rikategoria: Hopea, musta<br \/>Yhteensopivuusstandardit: JEDEC, UL 94 V-0<\/p>\n","protected":false},"excerpt":{"rendered":"<p>Valmistaja: KINGSTON<br \/>Valmistajan tuotekoodi: KF580C38RS-24, KF580C38RSK2-48<br \/>Tuotenimike: KINGSTON 8000MT\/s DDR5 CL38 DIMM FURY Renegade Silver<br \/>Kuvaus: Kingston FURY Renegade &#8211; DDR5 &#8211; moduuli &#8211; DIMM 288 nastaa &#8211; 8000 MT\/s \/ PC5-64000 &#8211; CL38 &#8211; 1.4 V &#8211; puskuroimaton &#8211; on-die ECC &#8211; musta ja hopea<br \/>EAN-koodi: 0740617350487, 0740617350470<br \/>Valmistajan takuu: Rajoitettu elinik\u00e4inen<\/p>\n","protected":false},"featured_media":8904,"comment_status":"open","ping_status":"closed","template":"","meta":[],"product_brand":[638],"product_cat":[698],"product_tag":[],"class_list":{"0":"post-8903","1":"product","2":"type-product","3":"status-publish","6":"product_brand-kingston","7":"product_cat-ddr5","9":"first","10":"onbackorder","11":"sale","12":"taxable","13":"shipping-taxable","14":"purchasable","15":"product-type-variable","16":"has-default-attributes"},"jetpack_sharing_enabled":true,"_links":{"self":[{"href":"https:\/\/www.digidreamer.fi\/kauppa\/wp-json\/wp\/v2\/product\/8903","targetHints":{"allow":["GET"]}}],"collection":[{"href":"https:\/\/www.digidreamer.fi\/kauppa\/wp-json\/wp\/v2\/product"}],"about":[{"href":"https:\/\/www.digidreamer.fi\/kauppa\/wp-json\/wp\/v2\/types\/product"}],"replies":[{"embeddable":true,"href":"https:\/\/www.digidreamer.fi\/kauppa\/wp-json\/wp\/v2\/comments?post=8903"}],"wp:featuredmedia":[{"embeddable":true,"href":"https:\/\/www.digidreamer.fi\/kauppa\/wp-json\/wp\/v2\/media\/8904"}],"wp:attachment":[{"href":"https:\/\/www.digidreamer.fi\/kauppa\/wp-json\/wp\/v2\/media?parent=8903"}],"wp:term":[{"taxonomy":"product_brand","embeddable":true,"href":"https:\/\/www.digidreamer.fi\/kauppa\/wp-json\/wp\/v2\/product_brand?post=8903"},{"taxonomy":"product_cat","embeddable":true,"href":"https:\/\/www.digidreamer.fi\/kauppa\/wp-json\/wp\/v2\/product_cat?post=8903"},{"taxonomy":"product_tag","embeddable":true,"href":"https:\/\/www.digidreamer.fi\/kauppa\/wp-json\/wp\/v2\/product_tag?post=8903"}],"curies":[{"name":"wp","href":"https:\/\/api.w.org\/{rel}","templated":true}]}}