{"id":8845,"date":"2025-07-07T12:23:51","date_gmt":"2025-07-07T09:23:51","guid":{"rendered":"https:\/\/www.digidreamer.fi\/kauppa\/?post_type=product&#038;p=8845"},"modified":"2026-05-01T10:22:42","modified_gmt":"2026-05-01T07:22:42","slug":"chieftec-atx-100-240v-80bronze-psu-12cm-fan-semi-modular-retail-virtalahde","status":"publish","type":"product","link":"https:\/\/www.digidreamer.fi\/kauppa\/tuote\/chieftec-atx-100-240v-80bronze-psu-12cm-fan-semi-modular-retail-virtalahde\/","title":{"rendered":"CHIEFTEC ATX 100-240V 80+Bronze PSU 12cm fan semi-modular retail-virtal\u00e4hde"},"content":{"rendered":"<p>Laitteen tyyppi: Virtal\u00e4hde &#8211; Aktiivinen tehokertoimen korjaus (PFC) &#8211; sis\u00e4inen<br \/>Teknisten tietojen vaatimustenmukaisuus: ATX12V 3.1\/ EPS12V<br \/>PSU koko ja muoto: ATX<br \/>Tuloj\u00e4nnite: Vaihtovirta 100-240 V<br \/>Vaadittu taajuus: 50 &#8211; 60 Hz<br \/>Tehon l\u00e4ht\u00f6liittimien yksityiskohdat:<br \/>1 x virta 24-nastainen ATX<br \/>2 x virta 8 nastan EPS12V irrotettavalla 4 nastan ATX12V osiolla<br \/>4 x 2 8-nastaista PCI Express -virtal\u00e4hdett\u00e4, jossa on irrotettava 2-nastainen osa<br \/>6 x 15 pin Serial ATA power<br \/>3 x 4-nastainen sis\u00e4inen virta<br \/>1 x 12VHPWR<br \/>L\u00e4ht\u00f6j\u00e4nnite: +3.3, +5, \u00b112 V, +5Vsb V<br \/>Virtakapasiteetti: 750 watti(a), 850 watti(a)<br \/>Output -virta:<br \/>+5V &#8211; 18 A<br \/>+3.3V &#8211; 18 A<br \/>+12V1 &#8211; 62.5 A<br \/>-12V &#8211; 0.3 A<br \/>+5VSB &#8211; 3 A<br \/>Modulaarijohdon hallinta: Kyll\u00e4<br \/>80 PLUS -sertifiointi: 80 PLUS Bronze<br \/>Sis\u00e4ltyv\u00e4t kaapelit: <br \/>Vaihtovirtajohto<br \/>Power 24 pin ATX with detachable 4 pin section cable 65 cm<br \/>2 x power 8 pin EPS12V \/ power 8 pin EPS12V with detachable 4 pin ATX12V section cable 70 cm<br \/>2x 8 pin PCI Express power with detachable 2 pin section modular cable 65 cm<br \/>2x 8 pin PCI Express power with detachable 2 pin section modular cable 70 cm<br \/>2 x 15-nastainen Serial ATA -virtamoduulikaapeli 70 cm<br \/>4 pin internal power modular cable 69 cm<br \/>16-napainen 12VHPWR -virtakaapeli 60 cm<br \/>J\u00e4\u00e4hdytysj\u00e4rjestelm\u00e4: 120 mm tuuletin<br \/>Ominaisuudet: Automaattinen puhallinnopeuden s\u00e4\u00e4t\u00f6, korkean l\u00e4mp\u00f6tilan suojaus, ylikuormitussuoja, ylij\u00e4nnitesuojaus, oikosulkusuojaus, ylij\u00e4nnite- ja sy\u00f6ksyvirtasuoja, alij\u00e4nnitteen korjaus, ylikuormituksen suojaus, osittainen moduloitava<br \/>Yhteensopivuusstandardit: EAC, CB, RoHS, ERP, WEEE, Interseroh<br \/>Leveys: 15 cm<br \/>Syvyys: 14 cm<br \/>Korkeus: 8.6 cm<br \/>Paino: 1.9 kg<br \/>L\u00e4hetyspaino: 2.7 kg<\/p>\n","protected":false},"excerpt":{"rendered":"<p>Valmistaja: CHIEFTEC<br \/>Valmistajan tuotekoodi: BPX-750-C, BPX-850-C<br \/>Tuotenimike: CHIEFTEC ATX 100-240V 80+Bronze PSU 12cm fan semi-modular retail pk<br \/>Kuvaus: Chieftec VITA SM3 &#8211; Virtal\u00e4hde (sis\u00e4inen) &#8211; ATX12V 3.1\/ EPS12V &#8211; 80 PLUS Bronze &#8211; Vaihtovirta 100-240 V &#8211; aktiivinen PFC<br \/>EAN-koodi: 0753263078971, 0753263078988<br \/>Valmistajan takuu: 3 vuotta<\/p>\n","protected":false},"featured_media":8846,"comment_status":"open","ping_status":"closed","template":"","meta":[],"product_brand":[],"product_cat":[105],"product_tag":[],"class_list":{"0":"post-8845","1":"product","2":"type-product","3":"status-publish","6":"product_cat-virtalahteet","8":"first","9":"instock","10":"sale","11":"taxable","12":"shipping-taxable","13":"purchasable","14":"product-type-variable","15":"has-default-attributes"},"jetpack_sharing_enabled":true,"_links":{"self":[{"href":"https:\/\/www.digidreamer.fi\/kauppa\/wp-json\/wp\/v2\/product\/8845","targetHints":{"allow":["GET"]}}],"collection":[{"href":"https:\/\/www.digidreamer.fi\/kauppa\/wp-json\/wp\/v2\/product"}],"about":[{"href":"https:\/\/www.digidreamer.fi\/kauppa\/wp-json\/wp\/v2\/types\/product"}],"replies":[{"embeddable":true,"href":"https:\/\/www.digidreamer.fi\/kauppa\/wp-json\/wp\/v2\/comments?post=8845"}],"wp:featuredmedia":[{"embeddable":true,"href":"https:\/\/www.digidreamer.fi\/kauppa\/wp-json\/wp\/v2\/media\/8846"}],"wp:attachment":[{"href":"https:\/\/www.digidreamer.fi\/kauppa\/wp-json\/wp\/v2\/media?parent=8845"}],"wp:term":[{"taxonomy":"product_brand","embeddable":true,"href":"https:\/\/www.digidreamer.fi\/kauppa\/wp-json\/wp\/v2\/product_brand?post=8845"},{"taxonomy":"product_cat","embeddable":true,"href":"https:\/\/www.digidreamer.fi\/kauppa\/wp-json\/wp\/v2\/product_cat?post=8845"},{"taxonomy":"product_tag","embeddable":true,"href":"https:\/\/www.digidreamer.fi\/kauppa\/wp-json\/wp\/v2\/product_tag?post=8845"}],"curies":[{"name":"wp","href":"https:\/\/api.w.org\/{rel}","templated":true}]}}