{"id":8316,"date":"2025-06-04T09:38:29","date_gmt":"2025-06-04T06:38:29","guid":{"rendered":"https:\/\/www.digidreamer.fi\/kauppa\/?post_type=product&#038;p=8316"},"modified":"2026-04-29T07:19:06","modified_gmt":"2026-04-29T04:19:06","slug":"benq-pd2706ua-27-4k-ips-p3-display-hdr-400-srgb-designer-monitor-naytto","status":"publish","type":"product","link":"https:\/\/www.digidreamer.fi\/kauppa\/tuote\/benq-pd2706ua-27-4k-ips-p3-display-hdr-400-srgb-designer-monitor-naytto\/","title":{"rendered":"BENQ PD2706UA 27&#8243; 4K IPS P3 Display HDR 400 SRGB Designer monitor-n\u00e4ytt\u00f6"},"content":{"rendered":"<p>N\u00e4yt\u00f6n tyyppi: LED-taustavalaistu LCD-n\u00e4ytt\u00f6 \/ TFT-aktiivimatriisi<br \/>Energialuokka: Luokka G<br \/>Energialuokka (HDR): Luokka G<br \/>N\u00e4yt\u00f6n koko: 27&#8243;<br \/>Sis\u00e4\u00e4nrakennetut laitteet: KVM-kytkin, USB 3.2 -keskitin<br \/>USB-virransy\u00f6tt\u00f6: 90 watti(a)<br \/>Paneelityyppi: IPS<br \/>Katselusuhde: 16:9<br \/>Alkuper\u00e4inen tarkkuus: 4K 3840 x 2160 at 60 Hz<br \/>Pikseli\u00e4 per tuuma: 163<br \/>Kirkkaus: 400 cd\/m\u00b2<br \/>Kontrastisuhde: 1200:1<br \/>HDR-muoto: HDR10<br \/>HDR-sertifioitu: DisplayHDR 400<br \/>V\u00e4rituki: 1,07 miljardia v\u00e4ri\u00e4<br \/>V\u00e4riasteikko: 99% Rec 709, 99% sRGB, 95% P3<br \/>Vasteaika: 5 ms (gray-to-gray)<br \/>Pystysuuntainen p\u00e4ivityssuhde: 24 &#8211; 76 Hz<br \/>Vaakasuuntainen p\u00e4ivityssuhde: 27 &#8211; 135 kHz<br \/>Vaakasuuntainen katselukulma: 178<br \/>Pystysuuntainen katselukulma: 178<br \/>N\u00e4yt\u00f6n pinnoite: H\u00e4ik\u00e4isem\u00e4t\u00f6n<br \/>Taustavaloteknologia: LED-taustavalo<br \/>V\u00e4rin l\u00e4mp\u00f6tila: 9300K, 5000K, 6500K<br \/>N\u00e4yt\u00f6n kielet: Unkari, t\u0161ekki, Kiina (perinteinen), Kiina (yksinkertaistettu), englanti, saksa, ranska, italia, portugali, Polish, ruotsi, ven\u00e4j\u00e4, espanja, hollanti, arabia, romania, japani, korea<br \/>Ominaisuudet: AMA -teknologia (Advanced Motion Accelerator ), Low Blue Light Mode, CAD\/CAM Mode, M-book Mode, PBP, tehdasakalibrointi, Dual View, animaatiotila, Dark Room mode, sRGB Mode, AQCOLOR-teknologia, ePaper-tila, Delta E&lt;3 -kalibrointi, CalMAN Verified, PIP-tuki, ICCsync, Pantone SkinTone -validoitu<br \/>V\u00e4ri: Tummanharmaa<br \/>Ulkomitat (PxSxK): 61.38 cm x 46.3 cm x 55.27 cm &#8211; jalustan kanssa (matalin asento)<br \/>Paino: 9.1 kg<br \/>Audio: Kaiuttimet &#8211; stereo<br \/>L\u00e4ht\u00f6teho \/ kanava: 2.5 watti(a)<br \/>Liit\u00e4nn\u00e4t:<br \/>Kuulokeliit\u00e4nt\u00e4<br \/>3 x USB 3.2 alavirta<br \/>HDMI<br \/>DisplayPort 1.4<br \/>USB-C virransy\u00f6t\u00f6ll\u00e4 (DisplayPort Alt Mode, data, teho enint\u00e4\u00e4n 90 W)<br \/>USB upstream (B-tyyppi)<br \/>USB-C downstream<br \/>N\u00e4yt\u00f6n sijainnin s\u00e4\u00e4d\u00f6t: Korkeus, nivel (kierto), k\u00e4\u00e4nt\u00f6alusta, kaltevuus<br \/>Kallistuskulma: -5\/-30<br \/>K\u00e4\u00e4nt\u00f6kulma: 275<br \/>Kiertokulma: 90<br \/>Korkeudens\u00e4\u00e4t\u00f6: 150 mm<br \/>VESA-kiinnitysliit\u00e4nt\u00e4: 100 x 100 mm<br \/>Ominaisuudet: Flicker-vapaa tekniikka<br \/>Sis\u00e4ltyv\u00e4t lis\u00e4varusteet: Pikavalintakiekko, I\/O-suoja<br \/>Sis\u00e4ltyv\u00e4t kaapelit:<br \/>1 x DisplayPort -kaapeli &#8211; 1.8 m<br \/>1 x HDMI-kaapeli &#8211; 1.8 m<br \/>1 x USB 3.2 Gen 1 -yl\u00e4virtakaapeli &#8211; 1.8 m<br \/>1 x USB-C 3.2 Gen 1 -kaapeli &#8211; 1.5 m<br \/>Yhteensopivuusstandardit: TUV Rheinland, HDCP 2.2, Solidworks certification, Pantone Validated<br \/>Tuloj\u00e4nnite: Vaihtovirta 100-240 V<br \/>Virrankulutus SDR (p\u00e4\u00e4ll\u00e4-tila): 42 kWh\/1000 h<br \/>Virrankulutus HDR (virta p\u00e4\u00e4ll\u00e4 -tila): 44 kWh\/1000 h<br \/>Virrankulutus (tyypillinen): 45 watti(a)<br \/>Vorrankulutus (maks.): 230 watti(a)<br \/>Virrankulutuksen lepotila: 0.5 watti(a)<br \/>Mukana tuleva ohjelmisto: Display Pilot<br \/>Mittojen &amp; painon yksityiskohdat:<br \/>Jalustan kanssa (matalin asento) &#8211; leveys: 61.38 cm &#8211; syvyys: 46.3 cm &#8211; korkeus: 55.27 cm &#8211; paino: 9.1 kg<br \/>Jalustan kanssa (korkein asento) &#8211; leveys: 61.38 cm &#8211; syvyys: 46.3 cm &#8211; korkeus: 70.27 cm &#8211; paino: 9.1 kg<br \/>Ilman jalustaa &#8211; leveys: 61.38 cm &#8211; syvyys: 8.77 cm &#8211; korkeus: 36.76 cm &#8211; paino: 5.3 kg<\/p>\n","protected":false},"excerpt":{"rendered":"<p>Valmistaja: BENQ<br \/>Valmistajan tuotekoodi: 9H.LLKLB.QBE<br \/>Tuotenimike: BENQ PD2706UA 27inch 4K IPS P3 Display HDR 400 SRGB REC709 HDMI\/DP\/USB 3.2\/USB-C PD90W Designer monitor (P)<br \/>Kuvaus: BenQ DesignVue PD2706UA &#8211; PD Series &#8211; LED-n\u00e4ytt\u00f6 &#8211; 27&#8243; &#8211; 3840 x 2160 4K @ 60 Hz &#8211; IPS &#8211; 400 cd\/m\u00b2 &#8211; 1200:1 &#8211; DisplayHDR 400 &#8211; 5 ms &#8211; HDMI, DisplayPort, 2xUSB-C &#8211; kaiuttimet &#8211; tummanharmaa<br \/>EAN-koodi: 4718755090370<br \/>Valmistajan takuu: 3 vuotta<\/p>\n","protected":false},"featured_media":8319,"comment_status":"open","ping_status":"closed","template":"","meta":[],"product_brand":[707],"product_cat":[684],"product_tag":[],"class_list":{"0":"post-8316","1":"product","2":"type-product","3":"status-publish","6":"product_brand-benq","7":"product_cat-4k","9":"first","10":"instock","11":"sale","12":"taxable","13":"shipping-taxable","14":"purchasable","15":"product-type-simple"},"jetpack_sharing_enabled":true,"_links":{"self":[{"href":"https:\/\/www.digidreamer.fi\/kauppa\/wp-json\/wp\/v2\/product\/8316","targetHints":{"allow":["GET"]}}],"collection":[{"href":"https:\/\/www.digidreamer.fi\/kauppa\/wp-json\/wp\/v2\/product"}],"about":[{"href":"https:\/\/www.digidreamer.fi\/kauppa\/wp-json\/wp\/v2\/types\/product"}],"replies":[{"embeddable":true,"href":"https:\/\/www.digidreamer.fi\/kauppa\/wp-json\/wp\/v2\/comments?post=8316"}],"wp:featuredmedia":[{"embeddable":true,"href":"https:\/\/www.digidreamer.fi\/kauppa\/wp-json\/wp\/v2\/media\/8319"}],"wp:attachment":[{"href":"https:\/\/www.digidreamer.fi\/kauppa\/wp-json\/wp\/v2\/media?parent=8316"}],"wp:term":[{"taxonomy":"product_brand","embeddable":true,"href":"https:\/\/www.digidreamer.fi\/kauppa\/wp-json\/wp\/v2\/product_brand?post=8316"},{"taxonomy":"product_cat","embeddable":true,"href":"https:\/\/www.digidreamer.fi\/kauppa\/wp-json\/wp\/v2\/product_cat?post=8316"},{"taxonomy":"product_tag","embeddable":true,"href":"https:\/\/www.digidreamer.fi\/kauppa\/wp-json\/wp\/v2\/product_tag?post=8316"}],"curies":[{"name":"wp","href":"https:\/\/api.w.org\/{rel}","templated":true}]}}