{"id":8240,"date":"2025-06-03T09:12:59","date_gmt":"2025-06-03T06:12:59","guid":{"rendered":"https:\/\/www.digidreamer.fi\/kauppa\/?post_type=product&#038;p=8240"},"modified":"2026-04-29T07:19:06","modified_gmt":"2026-04-29T04:19:06","slug":"benq-pd3205u-32-led-3840x2160-169-350cd-m2-4ms-naytto","status":"publish","type":"product","link":"https:\/\/www.digidreamer.fi\/kauppa\/tuote\/benq-pd3205u-32-led-3840x2160-169-350cd-m2-4ms-naytto\/","title":{"rendered":"BENQ PD3205U 32&#8243; LED 3840&#215;2160 16:9 350cd\/m2 4ms-n\u00e4ytt\u00f6"},"content":{"rendered":"<p>N\u00e4yt\u00f6n tyyppi: LED-taustavalaistu LCD-n\u00e4ytt\u00f6 \/ TFT-aktiivimatriisi<br \/>Energialuokka: Luokka F<br \/>Energialuokka (HDR): Luokka G<br \/>N\u00e4yt\u00f6n koko: 32&#8243;<br \/>Sis\u00e4\u00e4nrakennetut laitteet: KVM-kytkin, USB 3.2\/USB-C-keskitin<br \/>USB-virransy\u00f6tt\u00f6: 90 watti(a)<br \/>Paneelityyppi: IPS<br \/>Katselusuhde: 16:9<br \/>Alkuper\u00e4inen tarkkuus: 4K 3840 x 2160 at 60 Hz<br \/>Pikseli\u00e4 per tuuma: 140<br \/>Kirkkaus: 250 cd\/m\u00b2<br \/>Kontrastisuhde: 1000:1<br \/>HDR-muoto: HDR10<br \/>V\u00e4rituki: 1,07 miljardia v\u00e4ri\u00e4<br \/>V\u00e4riasteikko: 99% Rec 709, 99% sRGB<br \/>Vasteaika: 5 ms (gray-to-gray)<br \/>Vaakasuuntainen katselukulma: 178<br \/>Pystysuuntainen katselukulma: 178<br \/>N\u00e4yt\u00f6n pinnoite: H\u00e4ik\u00e4isem\u00e4t\u00f6n<br \/>Taustavaloteknologia: LED-taustavalo<br \/>V\u00e4rin l\u00e4mp\u00f6tila: 9300K, 5000K, 6500K<br \/>N\u00e4yt\u00f6n kielet: Unkari, t\u0161ekki, Kiina (perinteinen), Kiina (yksinkertaistettu), englanti, saksa, ranska, italia, portugali, Polish, ruotsi, ven\u00e4j\u00e4, espanja, hollanti, arabia, romania, japani, korea<br \/>Ominaisuudet: Kuva kuvalta, AMA -teknologia (Advanced Motion Accelerator ), Low Blue Light Mode, Flicker Free -tekniikka, CAD\/CAM Mode, M-book Mode, Auto Pivot, Dual View, animaatiotila, FreeSync Technology, Factory Calibration Report, Dark Room mode, Picture-in-Picture, 3-puolinen ilman etupaneelia, AQCOLOR-teknologia, Pantone Validated, Delta E&lt;3 -kalibrointi, Uniformity Technology, CalMAN Verified, DICOM Compliant<br \/>Ulkomitat (PxSxK): 71.47 cm x 25.68 cm x 58.9 cm &#8211; jalustan kanssa (korkein asento)<br \/>Paino: 9.4 kg<br \/>Audio: Kaiuttimet &#8211; stereo<br \/>L\u00e4ht\u00f6teho \/ kanava: 2.5 watti(a)<br \/>Liit\u00e4nn\u00e4t:<br \/>Kuulokkeet<br \/>HDMI<br \/>DisplayPort 1.4<br \/>USB-C virransy\u00f6t\u00f6ll\u00e4<br \/>2 x USB upstream (B-tyyppi)<br \/>USB-C downstream<br \/>3 x USB 3.2 alavirta<br \/>N\u00e4yt\u00f6n sijainnin s\u00e4\u00e4d\u00f6t: Korkeus, nivel (kierto), k\u00e4\u00e4nt\u00f6alusta, kaltevuus<br \/>Kallistuskulma: -5\/+20<br \/>K\u00e4\u00e4nt\u00f6kulma: 60<br \/>Kiertokulma: 90<br \/>Korkeudens\u00e4\u00e4t\u00f6: 110 mm<br \/>VESA-kiinnitysliit\u00e4nt\u00e4: 100 x 100 mm<br \/>Ominaisuudet: DisplayPort Alt Mode<br \/>Sis\u00e4ltyv\u00e4t lis\u00e4varusteet: Pikavalintakiekko<br \/>Yhteensopivuusstandardit: TUV Rheinland, HDCP 2.2, FCC Part 15 Subpart B<br \/>Tuloj\u00e4nnite: Vaihtovirta 100-240 V<br \/>Virrankulutus SDR (p\u00e4\u00e4ll\u00e4-tila): 30.3 kWh\/1000 h<br \/>Virrankulutus HDR (virta p\u00e4\u00e4ll\u00e4 -tila): 44.6 kWh\/1000 h<br \/>Virrankulutus (tyypillinen): 31.5 watti(a)<br \/>Vorrankulutus (maks.): 168 watti(a)<br \/>Virrankulutuksen lepotila: 0.5 watti(a)<br \/>Mukana tuleva ohjelmisto: Display Pilot<br \/>Mittojen &amp; painon yksityiskohdat:<br \/>Jalustan kanssa (korkein asento) &#8211; leveys: 71.47 cm &#8211; syvyys: 25.68 cm &#8211; korkeus: 58.9 cm &#8211; paino: 9.4 kg<br \/>Jalustan kanssa (matalin asento) &#8211; leveys: 71.47 cm &#8211; syvyys: 25.68 cm &#8211; korkeus: 47.9 cm &#8211; paino: 9.4 kg<br \/>Ilman jalustaa &#8211; leveys: 71.47 cm &#8211; syvyys: 8.524 cm &#8211; korkeus: 42.2 cm &#8211; paino: 6.2 kg<\/p>\n","protected":false},"excerpt":{"rendered":"<p>Valmistaja: BENQ<br \/>Valmistajan tuotekoodi: 9H.LKGLA.TBE<br \/>Tuotenimike: BENQ PD3205U 32inch LED 3840&#215;2160 16:9 350cd\/m2 4ms HDMI\/DP\/USB-C PD90W Black (P)<br \/>Kuvaus: BenQ DesignVue PD3205U &#8211; PD Series &#8211; LED-n\u00e4ytt\u00f6 &#8211; 32&#8243; &#8211; 3840 x 2160 4K @ 60 Hz &#8211; IPS &#8211; 250 cd\/m\u00b2 &#8211; 1000:1 &#8211; HDR10 &#8211; 5 ms &#8211; HDMI, DisplayPort, USB-C &#8211; kaiuttimet<br \/>EAN-koodi: 4718755086601<br \/>Valmistajan takuu: 3 vuotta<\/p>\n","protected":false},"featured_media":8242,"comment_status":"open","ping_status":"closed","template":"","meta":[],"product_brand":[],"product_cat":[684],"product_tag":[],"class_list":{"0":"post-8240","1":"product","2":"type-product","3":"status-publish","6":"product_cat-4k","8":"first","9":"instock","10":"sale","11":"taxable","12":"shipping-taxable","13":"purchasable","14":"product-type-simple"},"jetpack_sharing_enabled":true,"_links":{"self":[{"href":"https:\/\/www.digidreamer.fi\/kauppa\/wp-json\/wp\/v2\/product\/8240","targetHints":{"allow":["GET"]}}],"collection":[{"href":"https:\/\/www.digidreamer.fi\/kauppa\/wp-json\/wp\/v2\/product"}],"about":[{"href":"https:\/\/www.digidreamer.fi\/kauppa\/wp-json\/wp\/v2\/types\/product"}],"replies":[{"embeddable":true,"href":"https:\/\/www.digidreamer.fi\/kauppa\/wp-json\/wp\/v2\/comments?post=8240"}],"wp:featuredmedia":[{"embeddable":true,"href":"https:\/\/www.digidreamer.fi\/kauppa\/wp-json\/wp\/v2\/media\/8242"}],"wp:attachment":[{"href":"https:\/\/www.digidreamer.fi\/kauppa\/wp-json\/wp\/v2\/media?parent=8240"}],"wp:term":[{"taxonomy":"product_brand","embeddable":true,"href":"https:\/\/www.digidreamer.fi\/kauppa\/wp-json\/wp\/v2\/product_brand?post=8240"},{"taxonomy":"product_cat","embeddable":true,"href":"https:\/\/www.digidreamer.fi\/kauppa\/wp-json\/wp\/v2\/product_cat?post=8240"},{"taxonomy":"product_tag","embeddable":true,"href":"https:\/\/www.digidreamer.fi\/kauppa\/wp-json\/wp\/v2\/product_tag?post=8240"}],"curies":[{"name":"wp","href":"https:\/\/api.w.org\/{rel}","templated":true}]}}