{"id":8220,"date":"2025-06-02T13:33:57","date_gmt":"2025-06-02T10:33:57","guid":{"rendered":"https:\/\/www.digidreamer.fi\/kauppa\/?post_type=product&#038;p=8220"},"modified":"2026-04-29T07:19:26","modified_gmt":"2026-04-29T04:19:26","slug":"asus-tuf-rtx-5060-ti-16g-gaming-naytonohjain","status":"publish","type":"product","link":"https:\/\/www.digidreamer.fi\/kauppa\/tuote\/asus-tuf-rtx-5060-ti-16g-gaming-naytonohjain\/","title":{"rendered":"ASUS TUF RTX 5060 TI 16G GAMING-n\u00e4yt\u00f6nohjain"},"content":{"rendered":"<p>Laitteen tyyppi: N\u00e4yt\u00f6nohjain<br \/>V\u00e4yl\u00e4tyyppi: PCI Express 5.0<br \/>Grafiikkamoottori: NVIDIA GeForce RTX 5060 Ti<br \/>Boost Clock: 2572 MHz<br \/>Tehostuskello (OC): 2602 MHz<br \/>CUDA-ytimet: 4608<br \/>Enimm\u00e4istarkkuus: 7680 x 4320<br \/>Tuettu n\u00e4ytt\u00f6jen enimm\u00e4ism\u00e4\u00e4r\u00e4: 4<br \/>Rajapintojen tiedot:<br \/>3 x DisplayPort<br \/>HDMI<br \/>API-tuettu: OpenGL 4.6<br \/>Ominaisuudet: 3.1-paikkainen tuuletinj\u00e4\u00e4hdytin, ARGB SYNC, kolmoistuuletin-rakenne, Axial-tech Fan Design, PCB-p\u00f6ly\/kosteus\/korroosiopinnoite, Dual Bios, tuuletettu eksoskeleton, 5. sukupolven Tensor-ytimet, 4. sukupolven s\u00e4teenseuranta ytimet, NVIDIA Blackwell GPU architecture, NVIDIA DLSS 4, NVIDIA Reflex 2, NVIDIA Ansel, NVIDIA G-Sync -valmis, kaksoiskuulalaakerituulettimet, AUTO-EXTREME -tekniikka, 0dB Technology, NVIDIA Avatar Cloud Engine (ACE), HDCP<br \/>Muisti: 16 Gt<br \/>Tekniikka: GDDR7 SDRAM<br \/>Muistin nopeus: 28 Gbit\/s<br \/>V\u00e4yl\u00e4leveys: 128-bit<br \/>Vaadittava virtal\u00e4hde: 550 W<br \/>Lis\u00e4vaatimukset: 16-nastainen virtaliitin<br \/>Sis\u00e4ltyv\u00e4t lis\u00e4varusteet: Kiitoskortti, n\u00e4yt\u00f6nohjaimen tukipidike, TUF Gaming -n\u00e4yt\u00f6nohjaimen pidike, TUF-koukku- ja silmukkakiinnike, TUF Gaming -sertifikaatti, 16-nastaisesta 2 x 8-nastaiseen kaapelisovitin<br \/>Mukana tulevat ohjelmistot: ASUS GPU Tweak III<br \/>Yhteensopivuusstandardit: HDCP 2.3, DisplayPort 2.1b<br \/>Leveys: 6.2 cm<br \/>Syvyys: 30.2 cm<br \/>Korkeus: 13.35 cm<\/p>\n","protected":false},"excerpt":{"rendered":"<p>Valmistaja: ASUS<br \/>Valmistajan tuotekoodi: 90YV0MG1-M0NA00<br \/>Tuotenimike: ASUS TUF RTX 5060 TI 16G GAMING<br \/>Kuvaus: ASUS TUF Gaming GeForce RTX 5060 Ti 16GB &#8211; N\u00e4yt\u00f6nohjain &#8211; GeForce RTX 5060 Ti &#8211; 16 Gt GDDR7 &#8211; PCI Express 5.0 &#8211; 3 x DisplayPort, HDMI<br \/>EAN-koodi: 4711636016797<br \/>Valmistajan takuu: 3 vuotta<\/p>\n","protected":false},"featured_media":8222,"comment_status":"open","ping_status":"closed","template":"","meta":[],"product_brand":[633],"product_cat":[103],"product_tag":[],"class_list":{"0":"post-8220","1":"product","2":"type-product","3":"status-publish","6":"product_brand-asus","7":"product_cat-nvidia-geforce-rtx","9":"first","10":"onbackorder","11":"sale","12":"taxable","13":"shipping-taxable","14":"purchasable","15":"product-type-simple"},"jetpack_sharing_enabled":true,"_links":{"self":[{"href":"https:\/\/www.digidreamer.fi\/kauppa\/wp-json\/wp\/v2\/product\/8220","targetHints":{"allow":["GET"]}}],"collection":[{"href":"https:\/\/www.digidreamer.fi\/kauppa\/wp-json\/wp\/v2\/product"}],"about":[{"href":"https:\/\/www.digidreamer.fi\/kauppa\/wp-json\/wp\/v2\/types\/product"}],"replies":[{"embeddable":true,"href":"https:\/\/www.digidreamer.fi\/kauppa\/wp-json\/wp\/v2\/comments?post=8220"}],"wp:featuredmedia":[{"embeddable":true,"href":"https:\/\/www.digidreamer.fi\/kauppa\/wp-json\/wp\/v2\/media\/8222"}],"wp:attachment":[{"href":"https:\/\/www.digidreamer.fi\/kauppa\/wp-json\/wp\/v2\/media?parent=8220"}],"wp:term":[{"taxonomy":"product_brand","embeddable":true,"href":"https:\/\/www.digidreamer.fi\/kauppa\/wp-json\/wp\/v2\/product_brand?post=8220"},{"taxonomy":"product_cat","embeddable":true,"href":"https:\/\/www.digidreamer.fi\/kauppa\/wp-json\/wp\/v2\/product_cat?post=8220"},{"taxonomy":"product_tag","embeddable":true,"href":"https:\/\/www.digidreamer.fi\/kauppa\/wp-json\/wp\/v2\/product_tag?post=8220"}],"curies":[{"name":"wp","href":"https:\/\/api.w.org\/{rel}","templated":true}]}}