{"id":8214,"date":"2025-06-02T13:27:48","date_gmt":"2025-06-02T10:27:48","guid":{"rendered":"https:\/\/www.digidreamer.fi\/kauppa\/?post_type=product&#038;p=8214"},"modified":"2026-04-29T07:20:10","modified_gmt":"2026-04-29T04:20:10","slug":"asus-dual-rtx-5060-ti-8gb-naytonohjain","status":"publish","type":"product","link":"https:\/\/www.digidreamer.fi\/kauppa\/tuote\/asus-dual-rtx-5060-ti-8gb-naytonohjain\/","title":{"rendered":"ASUS DUAL RTX 5060 TI 8GB-n\u00e4yt\u00f6nohjain"},"content":{"rendered":"<p>Laitteen tyyppi: N\u00e4yt\u00f6nohjain<br \/>V\u00e4yl\u00e4tyyppi: PCI Express 5.0<br \/>Grafiikkamoottori: NVIDIA GeForce RTX 5060 Ti<br \/>Boost Clock: 2572 MHz<br \/>Tehostuskello (OC): 2602 MHz<br \/>CUDA-ytimet: 4608<br \/>Enimm\u00e4istarkkuus: 7680 x 4320<br \/>Tuettu n\u00e4ytt\u00f6jen enimm\u00e4ism\u00e4\u00e4r\u00e4: 4<br \/>Rajapintojen tiedot:<br \/>3 x DisplayPort<br \/>HDMI<br \/>API-tuettu: OpenGL 4.6<br \/>Ominaisuudet: NVIDIA GeForce SFF-Ready, 2.5-slot Fan Cooler, Axial-tech Fan Design, tuuletettu takalevy, kaksoiskuulalaakerituulettimet, Dual Bios, NVIDIA Ansel, NVIDIA G-Sync -valmis, kolmoistuuletin-rakenne, NVIDIA Avatar Cloud Engine (ACE), 5. sukupolven Tensor-ytimet, 4. sukupolven s\u00e4teenseuranta ytimet, NVIDIA Blackwell GPU architecture, NVIDIA DLSS 4, NVIDIA Reflex 2, 0dB Technology, kiinnike ruostumattomasta ter\u00e4ksest\u00e4, protection plate, AUTO-EXTREME -tekniikka, HDCP<br \/>Muisti: 8 Gt<br \/>Tekniikka: GDDR7 SDRAM<br \/>Muistin nopeus: 28 Gbit\/s<br \/>V\u00e4yl\u00e4leveys: 128-bit<br \/>Vaadittava virtal\u00e4hde: 550 W<br \/>Lis\u00e4vaatimukset: 8-nastainen prosessorin virtaliitin<br \/>Sis\u00e4ltyv\u00e4t lis\u00e4varusteet: Kiitoskortti, n\u00e4yt\u00f6nohjaimen tukipidike<br \/>Mukana tulevat ohjelmistot: ASUS GPU Tweak III<br \/>Yhteensopivuusstandardit: HDCP 2.3, DisplayPort 2.1b<br \/>Leveys: 5 cm<br \/>Syvyys: 29.9 cm<br \/>Korkeus: 12 cm<\/p>\n","protected":false},"excerpt":{"rendered":"<p>Valmistaja: ASUS<br \/>Valmistajan tuotekoodi: 90YV0MP3-M0NA00<br \/>Tuotenimike: ASUS DUAL RTX 5060 TI 8G HDMI 2.1 3xDP 2.1b<br \/>Kuvaus: ASUS Dual GeForce RTX 5060 Ti 8GB &#8211; N\u00e4yt\u00f6nohjain &#8211; GeForce RTX 5060 Ti &#8211; 8 Gt GDDR7 &#8211; PCI Express 5.0 &#8211; 3 x DisplayPort, HDMI<br \/>EAN-koodi: 4711636014182<br \/>Valmistajan takuu: 3 vuotta<\/p>\n","protected":false},"featured_media":8216,"comment_status":"open","ping_status":"closed","template":"","meta":[],"product_brand":[633],"product_cat":[103],"product_tag":[],"class_list":{"0":"post-8214","1":"product","2":"type-product","3":"status-publish","6":"product_brand-asus","7":"product_cat-nvidia-geforce-rtx","9":"first","10":"instock","11":"sale","12":"taxable","13":"shipping-taxable","14":"purchasable","15":"product-type-simple"},"jetpack_sharing_enabled":true,"_links":{"self":[{"href":"https:\/\/www.digidreamer.fi\/kauppa\/wp-json\/wp\/v2\/product\/8214","targetHints":{"allow":["GET"]}}],"collection":[{"href":"https:\/\/www.digidreamer.fi\/kauppa\/wp-json\/wp\/v2\/product"}],"about":[{"href":"https:\/\/www.digidreamer.fi\/kauppa\/wp-json\/wp\/v2\/types\/product"}],"replies":[{"embeddable":true,"href":"https:\/\/www.digidreamer.fi\/kauppa\/wp-json\/wp\/v2\/comments?post=8214"}],"wp:featuredmedia":[{"embeddable":true,"href":"https:\/\/www.digidreamer.fi\/kauppa\/wp-json\/wp\/v2\/media\/8216"}],"wp:attachment":[{"href":"https:\/\/www.digidreamer.fi\/kauppa\/wp-json\/wp\/v2\/media?parent=8214"}],"wp:term":[{"taxonomy":"product_brand","embeddable":true,"href":"https:\/\/www.digidreamer.fi\/kauppa\/wp-json\/wp\/v2\/product_brand?post=8214"},{"taxonomy":"product_cat","embeddable":true,"href":"https:\/\/www.digidreamer.fi\/kauppa\/wp-json\/wp\/v2\/product_cat?post=8214"},{"taxonomy":"product_tag","embeddable":true,"href":"https:\/\/www.digidreamer.fi\/kauppa\/wp-json\/wp\/v2\/product_tag?post=8214"}],"curies":[{"name":"wp","href":"https:\/\/api.w.org\/{rel}","templated":true}]}}