{"id":8211,"date":"2025-06-02T12:24:32","date_gmt":"2025-06-02T10:24:32","guid":{"rendered":"https:\/\/www.digidreamer.fi\/kauppa\/?post_type=product&#038;p=8211"},"modified":"2026-04-29T07:19:53","modified_gmt":"2026-04-29T04:19:53","slug":"asus-rog-strix-geforce-rtx-5070-ti-16gb-gddr7-naytonohjain","status":"publish","type":"product","link":"https:\/\/www.digidreamer.fi\/kauppa\/tuote\/asus-rog-strix-geforce-rtx-5070-ti-16gb-gddr7-naytonohjain\/","title":{"rendered":"ASUS ROG Strix GeForce RTX 5070 Ti 16GB GDDR7-n\u00e4yt\u00f6nohjain"},"content":{"rendered":"<p>ASUS ROG Strix GeForce RTX 5070 Ti 16\u202fGB on huippuluokan pelin\u00e4yt\u00f6nohjain, joka tarjoaa erinomaisen suorituskyvyn nykyp\u00e4iv\u00e4n vaativimpiin peleihin ja grafiikkaintensiivisiin sovelluksiin.<br \/>NVIDIA GeForce RTX 5070 Ti -grafiikkapiiri ja 16\u202fGB GDDR7-muistia takaavat sulavan pelikokemuksen ja korkeat ruudunp\u00e4ivitykset.<br \/>PCIe 5.0 -liit\u00e4nt\u00e4 varmistaa nopean tiedonsiirron ja yhteensopivuuden uusien emolevyjen kanssa.<br \/>Kolmen Axial-tech-tuulettimen j\u00e4\u00e4hdytys ja 0dB-tekniikka pit\u00e4v\u00e4t kortin \u00e4\u00e4nen vaimeana ja l\u00e4mp\u00f6tilan hallittuna kuormituksessa.<br \/>Valaistu ROG Aura Sync -RGB-valaistus integroituu helposti muiden RGB-komponenttien kanssa.<br \/>Sopii pelaamiseen, 3D-render\u00f6intiin ja vaativaan multimedia-k\u00e4ytt\u00f6\u00f6n.<br \/>Vaatii v\u00e4hint\u00e4\u00e4n 850\u202fW virtal\u00e4hteen ja 16-napaisen PCIe-virtaliit\u00e4nn\u00e4n vakaaseen toimintaan.<\/p>\n<p>Laitteen tyyppi: N\u00e4yt\u00f6nohjain<br \/>V\u00e4yl\u00e4tyyppi: PCI Express 5.0<br \/>Grafiikkamoottori: NVIDIA GeForce RTX 5070 Ti<br \/>Boost Clock: 2452 MHz<br \/>Tehostuskello (OC): 2482 MHz<br \/>CUDA-ytimet: 8960<br \/>Enimm\u00e4istarkkuus: 7680 x 4320<br \/>Tuettu n\u00e4ytt\u00f6jen enimm\u00e4ism\u00e4\u00e4r\u00e4: 4<br \/>Rajapintojen tiedot:<br \/>3 x DisplayPort<br \/>2 x HDMI<br \/>API-tuettu: OpenGL 4.6<br \/>Ominaisuudet: 3,275-reik\u00e4inen tuuletinj\u00e4\u00e4hdytin, ARGB Lighting, ASUS AURA SYNC -tuki, NVIDIA Blackwell GPU architecture, NVIDIA DLSS 4, Axial-tech Fan Design, 0dB Technology, MaxContact technology, Vapor chamber cooling technology, vaihe-siirtym\u00e4 l\u00e4mp\u00f6tyyny, HDCP<br \/>Muisti: 16 Gt<br \/>Tekniikka: GDDR7 SDRAM<br \/>Muistin nopeus: 28 Gbit\/s<br \/>V\u00e4yl\u00e4leveys: 256-bit<br \/>Vaadittava virtal\u00e4hde: 850 W<br \/>Lis\u00e4vaatimukset: 16-nastainen PCI Express -virtaliitin<br \/>Sis\u00e4ltyv\u00e4t lis\u00e4varusteet: Grafiikkakortin pidike, haka- ja silmukkakiinnitys, ROG-magneetti, ROG PCB -viivain, kiitoskortti, 3 8-napaista kaapelia 12VHPWR-kaapeliin<br \/>Mukana tulevat ohjelmistot: ASUS GPU Tweak III, MuseTree<br \/>Yhteensopivuusstandardit: HDCP 2.3, DisplayPort 2.1b<br \/>Leveys: 6.4 cm<br \/>Syvyys: 33.2 cm<br \/>Korkeus: 14.73 cm<\/p>\n","protected":false},"excerpt":{"rendered":"<p>Valmistaja: ASUS<br \/>Valmistajan tuotekoodi: 90YV0M91-M0NA00<br \/>Tuotenimike: ASUS ROG Strix GeForce RTX 5070 Ti 16GB GDDR7<br \/>Kuvaus: ASUS ROG Strix GeForce RTX 5070 Ti 16GB &#8211; N\u00e4yt\u00f6nohjain &#8211; GeForce RTX 5070 Ti &#8211; 16 Gt GDDR7 &#8211; PCI Express 5.0 &#8211; 2 x HDMI, 3 x DisplayPort<br \/>EAN-koodi: 4711387920831<br \/>Valmistajan takuu: 3 vuotta<\/p>\n","protected":false},"featured_media":8213,"comment_status":"open","ping_status":"closed","template":"","meta":[],"product_brand":[633],"product_cat":[103],"product_tag":[],"class_list":{"0":"post-8211","1":"product","2":"type-product","3":"status-publish","6":"product_brand-asus","7":"product_cat-nvidia-geforce-rtx","9":"first","10":"onbackorder","11":"sale","12":"taxable","13":"shipping-taxable","14":"purchasable","15":"product-type-simple"},"jetpack_sharing_enabled":true,"_links":{"self":[{"href":"https:\/\/www.digidreamer.fi\/kauppa\/wp-json\/wp\/v2\/product\/8211","targetHints":{"allow":["GET"]}}],"collection":[{"href":"https:\/\/www.digidreamer.fi\/kauppa\/wp-json\/wp\/v2\/product"}],"about":[{"href":"https:\/\/www.digidreamer.fi\/kauppa\/wp-json\/wp\/v2\/types\/product"}],"replies":[{"embeddable":true,"href":"https:\/\/www.digidreamer.fi\/kauppa\/wp-json\/wp\/v2\/comments?post=8211"}],"wp:featuredmedia":[{"embeddable":true,"href":"https:\/\/www.digidreamer.fi\/kauppa\/wp-json\/wp\/v2\/media\/8213"}],"wp:attachment":[{"href":"https:\/\/www.digidreamer.fi\/kauppa\/wp-json\/wp\/v2\/media?parent=8211"}],"wp:term":[{"taxonomy":"product_brand","embeddable":true,"href":"https:\/\/www.digidreamer.fi\/kauppa\/wp-json\/wp\/v2\/product_brand?post=8211"},{"taxonomy":"product_cat","embeddable":true,"href":"https:\/\/www.digidreamer.fi\/kauppa\/wp-json\/wp\/v2\/product_cat?post=8211"},{"taxonomy":"product_tag","embeddable":true,"href":"https:\/\/www.digidreamer.fi\/kauppa\/wp-json\/wp\/v2\/product_tag?post=8211"}],"curies":[{"name":"wp","href":"https:\/\/api.w.org\/{rel}","templated":true}]}}