{"id":8208,"date":"2025-06-02T13:20:26","date_gmt":"2025-06-02T10:20:26","guid":{"rendered":"https:\/\/www.digidreamer.fi\/kauppa\/?post_type=product&#038;p=8208"},"modified":"2026-04-29T07:19:53","modified_gmt":"2026-04-29T04:19:53","slug":"asus-rog-strix-geforce-rtx-5070-12gb-gddr7-naytonohjain","status":"publish","type":"product","link":"https:\/\/www.digidreamer.fi\/kauppa\/tuote\/asus-rog-strix-geforce-rtx-5070-12gb-gddr7-naytonohjain\/","title":{"rendered":"ASUS ROG Strix GeForce RTX 5070 12GB GDDR7-n\u00e4yt\u00f6nohjain"},"content":{"rendered":"<p>Laitteen tyyppi: N\u00e4yt\u00f6nohjain<br \/>V\u00e4yl\u00e4tyyppi: PCI Express 5.0<br \/>Grafiikkamoottori: NVIDIA GeForce RTX 5070<br \/>CUDA-ytimet: 6144<br \/>Enimm\u00e4istarkkuus: 7680 x 4320<br \/>Tuettu n\u00e4ytt\u00f6jen enimm\u00e4ism\u00e4\u00e4r\u00e4: 4<br \/>Rajapintojen tiedot:<br \/>3 x DisplayPort<br \/>2 x HDMI<br \/>API-tuettu: OpenGL 4.6<br \/>Ominaisuudet: 3,275-reik\u00e4inen tuuletinj\u00e4\u00e4hdytin, NVIDIA DLSS 4, NVIDIA Blackwell GPU architecture, Axial-tech Fan Design, 0dB Technology, MaxContact technology, vaihe-siirtym\u00e4 l\u00e4mp\u00f6tyyny, ASUS AURA SYNC -tuki, HDCP<br \/>Muisti: 12 Gt<br \/>Tekniikka: GDDR7 SDRAM<br \/>Muistin nopeus: 28 Gbit\/s<br \/>V\u00e4yl\u00e4leveys: 192-bit<br \/>Vaadittava virtal\u00e4hde: 750 W<br \/>Lis\u00e4vaatimukset: 16-nastainen PCI Express -virtaliitin<br \/>Mukana tulevat ohjelmistot: ASUS GPU Tweak III, MuseTree, Adobe Creative Cloud (30 p\u00e4iv\u00e4n kokeilujakso)<br \/>Yhteensopivuusstandardit: HDCP 2.3, DisplayPort 2.1b<\/p>\n","protected":false},"excerpt":{"rendered":"<p>Valmistaja: ASUS<br \/>Valmistajan tuotekoodi: 90YV0M81-M0NA00<br \/>Tuotenimike: ASUS ROG Strix GeForce RTX 5070 12GB GDDR7<br \/>Kuvaus: ASUS ROG Strix GeForce RTX 5070 12GB &#8211; N\u00e4yt\u00f6nohjain &#8211; GeForce RTX 5070 &#8211; 12 Gt GDDR7 &#8211; PCI Express 5.0 &#8211; 2 x HDMI, 3 x DisplayPort<br \/>EAN-koodi: 4711387923399<br \/>Valmistajan takuu: 3 vuotta<\/p>\n","protected":false},"featured_media":8210,"comment_status":"open","ping_status":"closed","template":"","meta":[],"product_brand":[633],"product_cat":[103],"product_tag":[],"class_list":{"0":"post-8208","1":"product","2":"type-product","3":"status-publish","6":"product_brand-asus","7":"product_cat-nvidia-geforce-rtx","9":"first","10":"onbackorder","11":"sale","12":"taxable","13":"shipping-taxable","14":"purchasable","15":"product-type-simple"},"jetpack_sharing_enabled":true,"_links":{"self":[{"href":"https:\/\/www.digidreamer.fi\/kauppa\/wp-json\/wp\/v2\/product\/8208","targetHints":{"allow":["GET"]}}],"collection":[{"href":"https:\/\/www.digidreamer.fi\/kauppa\/wp-json\/wp\/v2\/product"}],"about":[{"href":"https:\/\/www.digidreamer.fi\/kauppa\/wp-json\/wp\/v2\/types\/product"}],"replies":[{"embeddable":true,"href":"https:\/\/www.digidreamer.fi\/kauppa\/wp-json\/wp\/v2\/comments?post=8208"}],"wp:featuredmedia":[{"embeddable":true,"href":"https:\/\/www.digidreamer.fi\/kauppa\/wp-json\/wp\/v2\/media\/8210"}],"wp:attachment":[{"href":"https:\/\/www.digidreamer.fi\/kauppa\/wp-json\/wp\/v2\/media?parent=8208"}],"wp:term":[{"taxonomy":"product_brand","embeddable":true,"href":"https:\/\/www.digidreamer.fi\/kauppa\/wp-json\/wp\/v2\/product_brand?post=8208"},{"taxonomy":"product_cat","embeddable":true,"href":"https:\/\/www.digidreamer.fi\/kauppa\/wp-json\/wp\/v2\/product_cat?post=8208"},{"taxonomy":"product_tag","embeddable":true,"href":"https:\/\/www.digidreamer.fi\/kauppa\/wp-json\/wp\/v2\/product_tag?post=8208"}],"curies":[{"name":"wp","href":"https:\/\/api.w.org\/{rel}","templated":true}]}}