{"id":8138,"date":"2025-06-01T23:19:41","date_gmt":"2025-06-01T21:19:41","guid":{"rendered":"https:\/\/www.digidreamer.fi\/kauppa\/?post_type=product&#038;p=8138"},"modified":"2026-04-29T07:14:31","modified_gmt":"2026-04-29T04:14:31","slug":"aoc-ag326ud-agon-pro-qd-oled-uhd-4k-31-5-165hz-pelinaytto","status":"publish","type":"product","link":"https:\/\/www.digidreamer.fi\/kauppa\/tuote\/aoc-ag326ud-agon-pro-qd-oled-uhd-4k-31-5-165hz-pelinaytto\/","title":{"rendered":"AOC AG326UD AGON PRO QD-OLED UHD 4K 31.5&#8243; 165Hz-pelin\u00e4ytt\u00f6"},"content":{"rendered":"<p>AOC AGON PRO AG326UD on huippuluokan 31,5\u202ftuuman gaming\u2011n\u00e4ytt\u00f6, joka yhdist\u00e4\u00e4 4K\u202fUHD\u2011tarkkuuden ja QD\u2011OLED\u2011paneelin syviin kontrasteihin ja elinvoimaisiin v\u00e4reihin.<br \/>165\u202fHz virkistystaajuus ja eritt\u00e4in nopea vasteaika tarjoavat sulavan ja viiveett\u00f6m\u00e4n pelikokemuksen my\u00f6s nopeatempoisissa peleiss\u00e4.<br \/>N\u00e4yt\u00f6n Adaptive Sync ja G\u2011SYNC\u2011yhteensopivuus est\u00e4v\u00e4t kuvarepeilyn ja takaavat tasaisen kuvan eri tilanteissa.<br \/>DisplayHDR True Black \u2011tuki parantaa HDR\u2011toistoa tuoden esiin yksityiskohdat kirkkaissa ja tummissa kohtauksissa.<br \/>Ergonominen jalusta mahdollistaa korkeus-, kallistus-, k\u00e4\u00e4nt\u00f6\u2011 ja pivot\u2011s\u00e4\u00e4d\u00f6t mukavaan katselukulmaan.<br \/>Sis\u00e4\u00e4nrakennettu USB\u2011hubi tekee laitteiden liitt\u00e4misest\u00e4 k\u00e4tev\u00e4\u00e4 ja parantaa kaapelinhallintaa.<br \/>Laajat katselukulmat ja laaja v\u00e4riavaruus tekev\u00e4t n\u00e4ytt\u00f6\u00e4 erinomaiseksi sek\u00e4 pelaamiseen ett\u00e4 luovaan ty\u00f6h\u00f6n ja multimediaan.<\/p>\n<p>N\u00e4yt\u00f6n tyyppi: OLED-n\u00e4ytt\u00f6 \/ Quantum Dot OLED<br \/>N\u00e4yt\u00f6n koko: 32&#8243;<br \/>Kuva-ala: 31.5&#8243;<br \/>Sis\u00e4\u00e4nrakennetut laitteet: USB 3.2 Gen 1 -keskitin<br \/>Katselusuhde: 16:9<br \/>Alkuper\u00e4inen tarkkuus: 4K UHD (2160p) 3840 x 2160 at 165 Hz<br \/>Pikselikoko: 139.87 mm<br \/>Kirkkaus: 250 cd\/m\u00b2<br \/>Kontrastisuhde: 15000000:1<br \/>HDR-sertifioitu: DisplayHDR 400 True Black<br \/>V\u00e4rituki: 1,074 miljardia v\u00e4ri\u00e4 (10 bitti\u00e4)<br \/>V\u00e4riasteikko: 138% sRGB (CIE 1931), 99% DCI-P3 (CIE 1976), 97.5% DCI-P3 (CIE 1976)<br \/>Vasteaika: 0,03 ms (harmaalta harmaalle)<br \/>Pystysuuntainen p\u00e4ivityssuhde: 48 &#8211; 165 Hz<br \/>Vaakasuuntainen p\u00e4ivityssuhde: 30 &#8211; 370 kHz<br \/>Pelaaminen: Kyll\u00e4<br \/>Vaakasuuntainen katselukulma: 178<br \/>Pystysuuntainen katselukulma: 178<br \/>N\u00e4yt\u00f6n pinnoite: 2H Hard Coating, h\u00e4ik\u00e4isem\u00e4t\u00f6n<br \/>N\u00e4yt\u00f6n kielet: Englanti, Ukrainan kieli, turkki, Polish, saksa, portugali, espanja, ranska, suomi, korea, japani, Kiina (yksinkertaistettu), Kiina (perinteinen), ruotsi, hollanti, italia, kroatia, ven\u00e4j\u00e4, t\u0161ekki<br \/>Ominaisuudet: Adaptive-Sync -tekniikka, muuttuva virkistystaajuus (VRR), Low Blue Light -teknologia, kuva kuvassa, kuva kuvalta, Flicker Free -tekniikka, Delta-E &lt; 2 -kalibrointi, 3-puolinen kehykset\u00f6n, light fx, RTS Mode, FPS Mode, Racing Mode, Low Input Lag, Game Color Mode, varjostuksen hallinta, Crosshair Display, Dial Point, ruutujen laskuri, pelikonsolituki, USB-latausportti, laaja v\u00e4riasteikko, E-urheilun tasainen jalusta<br \/>V\u00e4ri: Tummanharmaa<br \/>Ulkomitat (PxSxK): 71.73 cm x 31.68 cm x 63.59 cm &#8211; jalustan kanssa (korkein asento)<br \/>Paino: 10.23 kg<br \/>Audio: Kaiuttimet &#8211; stereo<br \/>L\u00e4ht\u00f6teho \/ kanava: 8 watti(a)<br \/>Liit\u00e4nn\u00e4t:<br \/>2 x HDMI<br \/>DisplayPort 1.4<br \/>3 x USB 3.2 Gen 1 alavirta<br \/>USB 3.2 Gen 1 yl\u00e4virta (B-tyyppi)<br \/>Kuulokkeet (mini-jack)<br \/>N\u00e4yt\u00f6n sijainnin s\u00e4\u00e4d\u00f6t: Korkeus, nivel (kierto), k\u00e4\u00e4nt\u00f6alusta, kaltevuus<br \/>Kallistuskulma: -5\/25<br \/>K\u00e4\u00e4nt\u00f6kulma: 32<br \/>Korkeudens\u00e4\u00e4t\u00f6: 150 mm<br \/>VESA-kiinnitysliit\u00e4nt\u00e4: 100 x 100 mm<br \/>Ominaisuudet: Paikka lukituslaitteelle (kaapelilukko myyd\u00e4\u00e4n erikseen), mattapintainen, sis\u00e4inen kaapelinhallinta<br \/>Sis\u00e4ltyv\u00e4t kaapelit:<br \/>1 x HDMI-kaapeli<br \/>1 x DisplayPort -kaapeli &#8211; 1.8 m<br \/>1 x USB-B to USB-A -kaapeli<br \/>Turvapaikkatyyppi: Kensington-turvalukkopaikka<br \/>Virrankulutus (tyypillinen): 123 watti(a)<br \/>Virrankulutuksen valmiustila: 0.5 watti(a)<br \/>Virrankulutus (sammutettuna): 0.3 watti(a)<br \/>Mukana tuleva ohjelmisto: AOC G-Menu<br \/>Mittojen &amp; painon yksityiskohdat:<br \/>Jalustan kanssa (matalin asento) &#8211; leveys: 71.73 cm &#8211; syvyys: 31.68 cm &#8211; korkeus: 48.59 cm &#8211; paino: 10.23 kg<br \/>Jalustan kanssa (korkein asento) &#8211; leveys: 71.73 cm &#8211; syvyys: 31.68 cm &#8211; korkeus: 63.59 cm &#8211; paino: 10.23 kg<br \/>Ilman jalustaa &#8211; leveys: 71.73 cm &#8211; syvyys: 42.08 cm &#8211; korkeus: 10.65 cm &#8211; paino: 7.4 kg<br \/>L\u00e4hetysleveys: 90 cm<br \/>L\u00e4hetyssyvyys: 50.7 cm<br \/>L\u00e4hetyskorkeus: 18.8 cm<br \/>L\u00e4hetyspaino: 13.39 kg<\/p>\n","protected":false},"excerpt":{"rendered":"<p>Valmistaja: AOC INTERNATIONAL<br \/>Valmistajan tuotekoodi: AG326UD<br \/>Tuotenimike: AOC 31.5inch 3840&#215;2160 QD OLED 130mm AGON PRO QD OLED UHD 4K 31.5inch 165Hz HDR TB400 HDMI2.1 3xUSB 3.2<br \/>Kuvaus: AOC AGON PRO AG326UD &#8211; OLED-n\u00e4ytt\u00f6 &#8211; pelaaminen &#8211; 32&#8243; (31.5&#8243; katseltava) &#8211; 3840 x 2160 4K UHD (2160p) @ 165 Hz &#8211; 250 cd\/m\u00b2 &#8211; 15000000:1 &#8211; DisplayHDR 400 True Black &#8211; 0.03 ms &#8211; 2xHDMI, DisplayPort &#8211; kaiuttimet &#8211; tummanharmaa<br \/>EAN-koodi: 4038986112468<br \/>Valmistajan takuu: 3 vuotta<\/p>\n","protected":false},"featured_media":8141,"comment_status":"open","ping_status":"closed","template":"","meta":[],"product_brand":[649],"product_cat":[684],"product_tag":[],"class_list":{"0":"post-8138","1":"product","2":"type-product","3":"status-publish","6":"product_brand-aoc-international","7":"product_cat-4k","9":"first","10":"instock","11":"sale","12":"taxable","13":"shipping-taxable","14":"purchasable","15":"product-type-simple"},"jetpack_sharing_enabled":true,"_links":{"self":[{"href":"https:\/\/www.digidreamer.fi\/kauppa\/wp-json\/wp\/v2\/product\/8138","targetHints":{"allow":["GET"]}}],"collection":[{"href":"https:\/\/www.digidreamer.fi\/kauppa\/wp-json\/wp\/v2\/product"}],"about":[{"href":"https:\/\/www.digidreamer.fi\/kauppa\/wp-json\/wp\/v2\/types\/product"}],"replies":[{"embeddable":true,"href":"https:\/\/www.digidreamer.fi\/kauppa\/wp-json\/wp\/v2\/comments?post=8138"}],"wp:featuredmedia":[{"embeddable":true,"href":"https:\/\/www.digidreamer.fi\/kauppa\/wp-json\/wp\/v2\/media\/8141"}],"wp:attachment":[{"href":"https:\/\/www.digidreamer.fi\/kauppa\/wp-json\/wp\/v2\/media?parent=8138"}],"wp:term":[{"taxonomy":"product_brand","embeddable":true,"href":"https:\/\/www.digidreamer.fi\/kauppa\/wp-json\/wp\/v2\/product_brand?post=8138"},{"taxonomy":"product_cat","embeddable":true,"href":"https:\/\/www.digidreamer.fi\/kauppa\/wp-json\/wp\/v2\/product_cat?post=8138"},{"taxonomy":"product_tag","embeddable":true,"href":"https:\/\/www.digidreamer.fi\/kauppa\/wp-json\/wp\/v2\/product_tag?post=8138"}],"curies":[{"name":"wp","href":"https:\/\/api.w.org\/{rel}","templated":true}]}}