{"id":8108,"date":"2025-06-01T23:49:45","date_gmt":"2025-06-01T20:49:45","guid":{"rendered":"https:\/\/www.digidreamer.fi\/kauppa\/?post_type=product&#038;p=8108"},"modified":"2026-04-29T20:03:04","modified_gmt":"2026-04-29T17:03:04","slug":"benq-ex240n-23-8-fhd-va-165hz-pelinaytto","status":"publish","type":"product","link":"https:\/\/www.digidreamer.fi\/kauppa\/tuote\/benq-ex240n-23-8-fhd-va-165hz-pelinaytto\/","title":{"rendered":"BENQ EX240N 23.8&#8243; FHD VA 165Hz-pelin\u00e4ytt\u00f6"},"content":{"rendered":"<p>N\u00e4yt\u00f6n tyyppi: LED-taustavalaistu LCD-n\u00e4ytt\u00f6 \/ TFT-aktiivimatriisi<br \/>Energialuokka: Luokka E<br \/>Energialuokka (HDR): Luokka F<br \/>N\u00e4yt\u00f6n koko: 23.8&#8243;<br \/>Kuva-ala: 24&#8243;<br \/>Adaptive-Sync -tekniikka: AMD FreeSync Premium<br \/>Paneelityyppi: VA<br \/>Katselusuhde: 16:9<br \/>Alkuper\u00e4inen tarkkuus: Full HD (1080p) 1920 x 1080 at 165 Hz<br \/>Pikselikoko: 0.274 mm<br \/>Pikseli\u00e4 per tuuma: 93<br \/>Kirkkaus: 250 cd\/m\u00b2<br \/>Kontrastisuhde: 3000:1<br \/>HDR-muoto: HDR10<br \/>V\u00e4rituki: 16,7 miljoonaa v\u00e4ri\u00e4<br \/>V\u00e4riasteikko: 72% NTSC<br \/>Vasteaika: 4 ms (gray-to-gray), 1 ms (MPRT)<br \/>Pelaaminen: Kyll\u00e4<br \/>Vaakasuuntainen katselukulma: 178<br \/>Pystysuuntainen katselukulma: 178<br \/>N\u00e4yt\u00f6n pinnoite: H\u00e4ik\u00e4isem\u00e4t\u00f6n<br \/>Taustavaloteknologia: LED-taustavalo<br \/>N\u00e4yt\u00f6n kielet: Arabia, t\u0161ekki, Kiina (perinteinen), englanti, ranska, italia, portugali, Polish, ruotsi, ven\u00e4j\u00e4, espanja, romania, japani, korea, unkari, saksa, hollanti, Kiina (yksinkertaistettu)<br \/>Ominaisuudet: Flicker Free -tekniikka, Low Blue Light Mode, ePaper-tila, Color Weakness Mode, Brightness Intelligence Plus Technology, Light Tuner, Color Vibrance, Black eQualizer, K Locker, HDR (high dynamic range), AMA -teknologia (Advanced Motion Accelerator ), videoformaatin tuki, kuulokepidike, sRGB Mode, FPS Mode, elokuva HDRi, peli HDRi, M-book Mode, Racing Mode, Motion Blur Reduction, FreeSync Premium Technology, treVolo-\u00e4\u00e4ni<br \/>V\u00e4ri: Tummanharmaa<br \/>Ulkomitat (PxSxK): 54 cm x 18.26 cm x 42.17 cm &#8211; jalustalla<br \/>Paino: 4.3 kg<br \/>Audio: Kaiuttimet &#8211; stereo<br \/>L\u00e4ht\u00f6teho \/ kanava: 2.5 watti(a)<br \/>Liit\u00e4nn\u00e4t:<br \/>HDMI<br \/>DisplayPort 1.2<br \/>N\u00e4yt\u00f6n sijainnin s\u00e4\u00e4d\u00f6t: Kaltevuus<br \/>Kallistuskulma: -5\/+15<br \/>VESA-kiinnitysliit\u00e4nt\u00e4: 100 x 100 mm<br \/>Sis\u00e4ltyv\u00e4t lis\u00e4varusteet: I\/O-suoja<br \/>Sis\u00e4ltyv\u00e4t kaapelit: 1 x HDMI-kaapeli &#8211; 1.5 m<br \/>Yhteensopivuusstandardit: TUV Rheinland Flicker Free Certification, HDCP 2.2, DisplayPort 1.4<br \/>Tuloj\u00e4nnite: Vaihtovirta 100-240 V<br \/>Virrankulutus SDR (p\u00e4\u00e4ll\u00e4-tila): 18 kWh\/1000 h<br \/>Virrankulutus HDR (virta p\u00e4\u00e4ll\u00e4 -tila): 21 kWh\/1000 h<br \/>Virrankulutus (tyypillinen): 20 watti(a)<br \/>Vorrankulutus (maks.): 40 watti(a)<br \/>Virrankulutuksen lepotila: 0.5 watti(a)<br \/>Virrankulutus (sammutettuna): 0.3 watti(a)<br \/>Mittojen &amp; painon yksityiskohdat:<br \/>Jalustalla &#8211; leveys: 54 cm &#8211; syvyys: 18.26 cm &#8211; korkeus: 42.17 cm &#8211; paino: 4.3 kg<br \/>Ilman jalustaa &#8211; leveys: 54 cm &#8211; syvyys: 6.77 cm &#8211; korkeus: 34.49 cm &#8211; paino: 3.7 kg<br \/>L\u00e4hetyspaino: 5.7 kg<\/p>\n","protected":false},"excerpt":{"rendered":"<p>Valmistaja: BENQ<br \/>Valmistajan tuotekoodi: 9H.LL6LB.QBE<br \/>Tuotenimike: BENQ EX240N 23.8inch FHD VA 165Hz 1ms 250cd\/m2 HDMI DP<br \/>Kuvaus: BenQ Mobiuz EX240N &#8211; LED-n\u00e4ytt\u00f6 &#8211; pelaaminen &#8211; 23.8&#8243; (24&#8243; katseltava) &#8211; 1920 x 1080 Full HD (1080p) @ 165 Hz &#8211; VA &#8211; 250 cd\/m\u00b2 &#8211; 3000:1 &#8211; HDR10 &#8211; 1 ms &#8211; HDMI, DisplayPort &#8211; kaiuttimet &#8211; tummanharmaa<br \/>EAN-koodi: 4718755089268<br \/>Valmistajan takuu: 3 vuotta<\/p>\n","protected":false},"featured_media":8111,"comment_status":"open","ping_status":"closed","template":"","meta":[],"product_brand":[],"product_cat":[682],"product_tag":[],"class_list":{"0":"post-8108","1":"product","2":"type-product","3":"status-publish","6":"product_cat-full-hd","8":"first","9":"onbackorder","10":"sale","11":"taxable","12":"shipping-taxable","13":"purchasable","14":"product-type-simple"},"jetpack_sharing_enabled":true,"_links":{"self":[{"href":"https:\/\/www.digidreamer.fi\/kauppa\/wp-json\/wp\/v2\/product\/8108","targetHints":{"allow":["GET"]}}],"collection":[{"href":"https:\/\/www.digidreamer.fi\/kauppa\/wp-json\/wp\/v2\/product"}],"about":[{"href":"https:\/\/www.digidreamer.fi\/kauppa\/wp-json\/wp\/v2\/types\/product"}],"replies":[{"embeddable":true,"href":"https:\/\/www.digidreamer.fi\/kauppa\/wp-json\/wp\/v2\/comments?post=8108"}],"wp:featuredmedia":[{"embeddable":true,"href":"https:\/\/www.digidreamer.fi\/kauppa\/wp-json\/wp\/v2\/media\/8111"}],"wp:attachment":[{"href":"https:\/\/www.digidreamer.fi\/kauppa\/wp-json\/wp\/v2\/media?parent=8108"}],"wp:term":[{"taxonomy":"product_brand","embeddable":true,"href":"https:\/\/www.digidreamer.fi\/kauppa\/wp-json\/wp\/v2\/product_brand?post=8108"},{"taxonomy":"product_cat","embeddable":true,"href":"https:\/\/www.digidreamer.fi\/kauppa\/wp-json\/wp\/v2\/product_cat?post=8108"},{"taxonomy":"product_tag","embeddable":true,"href":"https:\/\/www.digidreamer.fi\/kauppa\/wp-json\/wp\/v2\/product_tag?post=8108"}],"curies":[{"name":"wp","href":"https:\/\/api.w.org\/{rel}","templated":true}]}}