{"id":8033,"date":"2025-06-01T14:38:45","date_gmt":"2025-06-01T11:38:45","guid":{"rendered":"https:\/\/www.digidreamer.fi\/kauppa\/?post_type=product&#038;p=8033"},"modified":"2026-04-29T07:12:41","modified_gmt":"2026-04-29T04:12:41","slug":"aoc-ag246fk-24-11920x1080-540hz-pelinaytto","status":"publish","type":"product","link":"https:\/\/www.digidreamer.fi\/kauppa\/tuote\/aoc-ag246fk-24-11920x1080-540hz-pelinaytto\/","title":{"rendered":"AOC AG246FK 24.1\u201d FHD 1920&#215;1080 540Hz 0.3\u20130.5ms TN eSports pelin\u00e4ytt\u00f6 \u2013 DisplayHDR 400, DP 1.4, HDMI 2.0, 99% sRGB"},"content":{"rendered":"<p>AOC AGON AG246FK on yksi markkinoiden nopeimmista pelin\u00e4yt\u00f6ist\u00e4, suunniteltu erityisesti e-urheiluun ja kilpapelaamiseen.<br \/>540Hz virkistystaajuus yhdistettyn\u00e4 eritt\u00e4in nopeaan TN eSports -paneeliin tarjoaa l\u00e4hes viiveett\u00f6m\u00e4n reagoinnin, mik\u00e4 tekee siit\u00e4 erinomaisen valinnan CS2-, Valorant- ja Apex Legends -pelaajille.<br \/>0.3\u20130.5 ms vasteaika v\u00e4hent\u00e4\u00e4 liike-ep\u00e4ter\u00e4vyytt\u00e4 ja parantaa kohteiden n\u00e4kyvyytt\u00e4 nopeissa tilanteissa.<\/p>\n<p>Tekniset tiedot<br \/><strong>N\u00e4ytt\u00f6<\/strong><br \/>Koko: 24.1\u201d<br \/>Resoluutio: 1920 \u00d7 1080 (Full HD)<br \/>Paneeli: Ultra-Fast TN eSports<br \/>Virkistystaajuus: jopa 540Hz<br \/>Vasteaika: 0.3\u20130.5 ms MPRT \/ GTG<br \/>HDR: DisplayHDR 400<br \/>V\u00e4ripeitto: ~99% sRGB<\/p>\n<p><strong>Liit\u00e4nn\u00e4t<\/strong><br \/>2 \u00d7 HDMI 2.0<br \/>1 \u00d7 DisplayPort 1.4<br \/>USB 3.2 -hubi<br \/>3.5 mm \u00e4\u00e4nil\u00e4ht\u00f6<\/p>\n<p><strong>Ominaisuudet<\/strong><br \/>Adaptive Sync (FreeSync \/ G-Sync yhteensopiva)<br \/>Low input lag -tila<br \/>eSports-optimointi<br \/>Ergonominen jalusta (korkeus, pivot, kallistus)<br \/>3-sivuinen kehykset\u00f6n design<\/p>\n<p>Ominaisuudet<br \/>540Hz \u00e4\u00e4rimm\u00e4isen sulava kilpailupelaaminen<br \/>TN eSports -paneeli nopeimpaan reagointiin<br \/>Eritt\u00e4in matala input lag<br \/>HDR400 ja korkea kirkkaus (noin 400 nits)<br \/>USB-hubi ja monipuoliset liit\u00e4nn\u00e4t<br \/>Ammattitason e-urheiluun suunniteltu<\/p>\n<p>K\u00e4ytt\u00f6kohteet<br \/>CS2, Valorant, Fortnite competitive<br \/>e-urheilu ja LAN-turnaukset<br \/>FPS-pelaajat, jotka maksimoivat FPS ja reaktion<br \/>High-end PC:t (RTX 4070\u20135090 \/ RX 7800\u20139070 XT)<br \/>240\u2013360Hz p\u00e4ivityksest\u00e4 seuraava askel<\/p>\n","protected":false},"excerpt":{"rendered":"<p>AOC AG246FK on huipputason 24.1\u201d e-urheilun pelin\u00e4ytt\u00f6 540Hz virkistystaajuudella ja jopa 0.3 ms vasteajalla. Suunniteltu kilpapelaamiseen, jossa jokainen millisekunti ratkaisee.<\/p>\n<p>Valmistaja: AOC INTERNATIONAL<br \/>Valmistajan tuotekoodi: AG246FK<br \/>Tuotenimike: AOC AG246FK 24.1inch 1920&#215;1080 0.5ms 2xHDMI DP USB Black\/Grey<br \/>Kuvaus: AOC AGON PRO AG246FK &#8211; AG6 Series &#8211; LED-n\u00e4ytt\u00f6 &#8211; pelaaminen &#8211; 24&#8243; (24.1&#8243; katseltava) &#8211; 1920 x 1080 Full HD (1080p) @ 540 Hz &#8211; Ultra-Fast TN eSports &#8211; 400 cd\/m\u00b2 &#8211; 1000:1 &#8211; DisplayHDR 400 &#8211; 0.3 ms &#8211; 2xHDMI, DisplayPort &#8211; musta<br \/>EAN-koodi: 4038986142120<br \/>Valmistajan takuu: 3 vuotta<\/p>\n","protected":false},"featured_media":8034,"comment_status":"open","ping_status":"closed","template":"","meta":[],"product_brand":[649],"product_cat":[682],"product_tag":[],"class_list":{"0":"post-8033","1":"product","2":"type-product","3":"status-publish","6":"product_brand-aoc-international","7":"product_cat-full-hd","9":"first","10":"instock","11":"sale","12":"taxable","13":"shipping-taxable","14":"purchasable","15":"product-type-simple"},"jetpack_sharing_enabled":true,"_links":{"self":[{"href":"https:\/\/www.digidreamer.fi\/kauppa\/wp-json\/wp\/v2\/product\/8033","targetHints":{"allow":["GET"]}}],"collection":[{"href":"https:\/\/www.digidreamer.fi\/kauppa\/wp-json\/wp\/v2\/product"}],"about":[{"href":"https:\/\/www.digidreamer.fi\/kauppa\/wp-json\/wp\/v2\/types\/product"}],"replies":[{"embeddable":true,"href":"https:\/\/www.digidreamer.fi\/kauppa\/wp-json\/wp\/v2\/comments?post=8033"}],"wp:featuredmedia":[{"embeddable":true,"href":"https:\/\/www.digidreamer.fi\/kauppa\/wp-json\/wp\/v2\/media\/8034"}],"wp:attachment":[{"href":"https:\/\/www.digidreamer.fi\/kauppa\/wp-json\/wp\/v2\/media?parent=8033"}],"wp:term":[{"taxonomy":"product_brand","embeddable":true,"href":"https:\/\/www.digidreamer.fi\/kauppa\/wp-json\/wp\/v2\/product_brand?post=8033"},{"taxonomy":"product_cat","embeddable":true,"href":"https:\/\/www.digidreamer.fi\/kauppa\/wp-json\/wp\/v2\/product_cat?post=8033"},{"taxonomy":"product_tag","embeddable":true,"href":"https:\/\/www.digidreamer.fi\/kauppa\/wp-json\/wp\/v2\/product_tag?post=8033"}],"curies":[{"name":"wp","href":"https:\/\/api.w.org\/{rel}","templated":true}]}}