{"id":8014,"date":"2025-06-01T14:01:50","date_gmt":"2025-06-01T11:01:50","guid":{"rendered":"https:\/\/www.digidreamer.fi\/kauppa\/?post_type=product&#038;p=8014"},"modified":"2026-05-01T09:48:01","modified_gmt":"2026-05-01T06:48:01","slug":"asus-tuf-gaming-750w-bronze-psu-virtalahde","status":"publish","type":"product","link":"https:\/\/www.digidreamer.fi\/kauppa\/tuote\/asus-tuf-gaming-750w-bronze-psu-virtalahde\/","title":{"rendered":"ASUS TUF Gaming 750W Bronze PSU-virtal\u00e4hde"},"content":{"rendered":"<p>Laitteen tyyppi: Virtal\u00e4hde &#8211; sis\u00e4inen<br \/>Teknisten tietojen vaatimustenmukaisuus: ATX12V \/ EPS12V<br \/>PSU koko ja muoto: ATX<br \/>Tuloj\u00e4nnite: Vaihtovirta 100-240 V<br \/>Tehon l\u00e4ht\u00f6liittimien yksityiskohdat:<br \/>1 x virta 24 nastan ATX irrotettavalla 4 nastan osiolla<br \/>2 x virta 8 nastan EPS12V irrotettavalla 4 nastan ATX12V osiolla<br \/>4 x 8 pin PCI Express power with detachable 2 pin section<br \/>8 x 15 pin Serial ATA power<br \/>4 x 4-nastainen sis\u00e4inen virta<br \/>L\u00e4ht\u00f6j\u00e4nnite: +3.3, +5, \u00b112 V<br \/>Virtakapasiteetti: 750 watti(a)<br \/>Output -virta:<br \/>+3.3V &#8211; 25 A<br \/>+5V &#8211; 25 A<br \/>+12V &#8211; 62 A<br \/>-12V &#8211; 0.8 A<br \/>+5VSB &#8211; 3 A<br \/>80 PLUS -sertifiointi: 80 PLUS Bronze<br \/>Sis\u00e4ltyv\u00e4t lis\u00e4varusteet: TUF Gaming -tarra<br \/>Ominaisuudet: Ylikuumenemissuoja, ylikuormituksen suojaus, ylij\u00e4nnitesuojaus, ylivirtasuoja, matalaj\u00e4nnitesuoja, oikosulkusuojaus, kaksoiskuulalaakeri tuuletin, ei moduloitava, Axial-tech-tuuletindesign, 0db Technology<br \/>Yhteensopivuusstandardit: RoHS<br \/>Leveys: 15 cm<br \/>Syvyys: 15 cm<br \/>Korkeus: 8.6 cm<br \/>Paino: 2.18 kg<br \/>L\u00e4hetyspaino: 2.87 kg<\/p>\n","protected":false},"excerpt":{"rendered":"<p>Valmistaja: ASUS<br \/>Valmistajan tuotekoodi: 90YE00D0-B0NA00<br \/>Tuotenimike: ASUS TUF Gaming 750W Bronze PSU<br \/>Kuvaus: ASUS TUF-GAMING-750B &#8211; Virtal\u00e4hde (sis\u00e4inen) &#8211; ATX12V \/ EPS12V &#8211; 80 PLUS Bronze &#8211; Vaihtovirta 100-240 V &#8211; 750 watti(a)<br \/>EAN-koodi: 4718017724029<br \/>Valmistajan takuu: 5 vuotta<\/p>\n","protected":false},"featured_media":8015,"comment_status":"open","ping_status":"closed","template":"","meta":[],"product_brand":[633],"product_cat":[105],"product_tag":[],"class_list":{"0":"post-8014","1":"product","2":"type-product","3":"status-publish","6":"product_brand-asus","7":"product_cat-virtalahteet","9":"first","10":"instock","11":"sale","12":"taxable","13":"shipping-taxable","14":"purchasable","15":"product-type-simple"},"jetpack_sharing_enabled":true,"_links":{"self":[{"href":"https:\/\/www.digidreamer.fi\/kauppa\/wp-json\/wp\/v2\/product\/8014","targetHints":{"allow":["GET"]}}],"collection":[{"href":"https:\/\/www.digidreamer.fi\/kauppa\/wp-json\/wp\/v2\/product"}],"about":[{"href":"https:\/\/www.digidreamer.fi\/kauppa\/wp-json\/wp\/v2\/types\/product"}],"replies":[{"embeddable":true,"href":"https:\/\/www.digidreamer.fi\/kauppa\/wp-json\/wp\/v2\/comments?post=8014"}],"wp:featuredmedia":[{"embeddable":true,"href":"https:\/\/www.digidreamer.fi\/kauppa\/wp-json\/wp\/v2\/media\/8015"}],"wp:attachment":[{"href":"https:\/\/www.digidreamer.fi\/kauppa\/wp-json\/wp\/v2\/media?parent=8014"}],"wp:term":[{"taxonomy":"product_brand","embeddable":true,"href":"https:\/\/www.digidreamer.fi\/kauppa\/wp-json\/wp\/v2\/product_brand?post=8014"},{"taxonomy":"product_cat","embeddable":true,"href":"https:\/\/www.digidreamer.fi\/kauppa\/wp-json\/wp\/v2\/product_cat?post=8014"},{"taxonomy":"product_tag","embeddable":true,"href":"https:\/\/www.digidreamer.fi\/kauppa\/wp-json\/wp\/v2\/product_tag?post=8014"}],"curies":[{"name":"wp","href":"https:\/\/api.w.org\/{rel}","templated":true}]}}