{"id":8006,"date":"2025-06-01T12:46:39","date_gmt":"2025-06-01T10:46:39","guid":{"rendered":"https:\/\/www.digidreamer.fi\/kauppa\/?post_type=product&#038;p=8006"},"modified":"2026-05-01T09:44:14","modified_gmt":"2026-05-01T06:44:14","slug":"seagate-basic-portable-drive-hdd-usb3-0-rtl-ulkoinen-kovalevy","status":"publish","type":"product","link":"https:\/\/www.digidreamer.fi\/kauppa\/tuote\/seagate-basic-portable-drive-hdd-usb3-0-rtl-ulkoinen-kovalevy\/","title":{"rendered":"SEAGATE Basic Portable Drive HDD USB3.0 RTL-ulkoinen kovalevy"},"content":{"rendered":"<p>Laajenna tallennustilaasi helposti ja k\u00e4tev\u00e4sti t\u00e4ll\u00e4 Seagate Basic Portable Drive \u2011ulkokovalevyll\u00e4. USB\u202f3.0 \u2011liit\u00e4nn\u00e4n ansiosta tiedostojen siirto tietokoneelta tallennuslaitteelle on nopeaa ja vaivatonta. Kannettava ja kevyt muotoilu tekee t\u00e4st\u00e4 ratkaisusta ihanteellisen kumppanin niin varmuuskopiointiin kuin mediakokoelmien, dokumenttien tai projektitiedostojen s\u00e4ilytykseen. Plug\u2011and\u2011play\u2011yhteensopivuus takaa helpon k\u00e4ytt\u00f6\u00f6noton ilman asennuksia, ja virta saadaan suoraan USB\u2011portista ilman erillist\u00e4 virtal\u00e4hdett\u00e4. Soveltuu hyvin k\u00e4ytett\u00e4v\u00e4ksi Windows\u2011 ja Mac\u2011j\u00e4rjestelmiss\u00e4.<\/p>\n<p>Laitteen tyyppi: Kiintolevyasema &#8211; ulkoinen (kannettava)<br \/>Muistin koko: 1 Tt, 2 Tt, 4 Tt, 5 Tt<br \/>Liit\u00e4nt\u00e4: USB 3.0<br \/>Ominaisuudet: USB On-The-Go -yhteensopiva<br \/>Leveys: 80 mm<br \/>Syvyys: 14.8 mm<br \/>Korkeus: 117 mm<br \/>Paino: 170 g<br \/>Liit\u00e4nn\u00e4t: 1 x USB 3.0<br \/>Virtal\u00e4hde: USB-v\u00e4yl\u00e4<br \/>Vaadittu k\u00e4ytt\u00f6j\u00e4rjestelm\u00e4: Microsoft Windows 7 \/ 8 \/ 10<br \/>Sis\u00e4ltyv\u00e4t kaapelit: 1 x USB 3.0 -kaapeli<br \/>Toimii Chromebookin kanssa: Kyll\u00e4<br \/>Yhteensopivuusstandardit: Plug and Play<br \/>Kotelon v\u00e4ri: Harmaa<br \/>L\u00e4hetysleveys: 103 mm<br \/>L\u00e4hetyssyvyys: 31 mm<br \/>L\u00e4hetyskorkeus: 140 mm<br \/>L\u00e4hetyspaino: 260 g<\/p>\n","protected":false},"excerpt":{"rendered":"<p>Valmistaja: SEAGATE<br \/>Valmistajan tuotekoodi: STJL1000400, STJL2000400, STJL4000400, STJL5000400<br \/>Tuotenimike: SEAGATE Basic Portable Drive HDD USB3.0 RTL<br \/>Kuvaus: Seagate Basic STJL1000400 &#8211; Kiintolevyasema &#8211; ulkoinen (kannettava) &#8211; USB 3.0 &#8211; harmaa<br \/>EAN-koodi: 3660619408245, 3660619408184, 3660619408191, 3660619408207<br \/>Valmistajan takuu: 2 vuotta<\/p>\n","protected":false},"featured_media":8007,"comment_status":"open","ping_status":"closed","template":"","meta":[],"product_brand":[636],"product_cat":[132],"product_tag":[],"class_list":{"0":"post-8006","1":"product","2":"type-product","3":"status-publish","6":"product_brand-seagate","7":"product_cat-tiedontallennus","9":"first","10":"instock","11":"sale","12":"taxable","13":"shipping-taxable","14":"purchasable","15":"product-type-variable","16":"has-default-attributes"},"jetpack_sharing_enabled":true,"_links":{"self":[{"href":"https:\/\/www.digidreamer.fi\/kauppa\/wp-json\/wp\/v2\/product\/8006","targetHints":{"allow":["GET"]}}],"collection":[{"href":"https:\/\/www.digidreamer.fi\/kauppa\/wp-json\/wp\/v2\/product"}],"about":[{"href":"https:\/\/www.digidreamer.fi\/kauppa\/wp-json\/wp\/v2\/types\/product"}],"replies":[{"embeddable":true,"href":"https:\/\/www.digidreamer.fi\/kauppa\/wp-json\/wp\/v2\/comments?post=8006"}],"wp:featuredmedia":[{"embeddable":true,"href":"https:\/\/www.digidreamer.fi\/kauppa\/wp-json\/wp\/v2\/media\/8007"}],"wp:attachment":[{"href":"https:\/\/www.digidreamer.fi\/kauppa\/wp-json\/wp\/v2\/media?parent=8006"}],"wp:term":[{"taxonomy":"product_brand","embeddable":true,"href":"https:\/\/www.digidreamer.fi\/kauppa\/wp-json\/wp\/v2\/product_brand?post=8006"},{"taxonomy":"product_cat","embeddable":true,"href":"https:\/\/www.digidreamer.fi\/kauppa\/wp-json\/wp\/v2\/product_cat?post=8006"},{"taxonomy":"product_tag","embeddable":true,"href":"https:\/\/www.digidreamer.fi\/kauppa\/wp-json\/wp\/v2\/product_tag?post=8006"}],"curies":[{"name":"wp","href":"https:\/\/api.w.org\/{rel}","templated":true}]}}