{"id":7975,"date":"2025-06-01T12:04:11","date_gmt":"2025-06-01T10:04:11","guid":{"rendered":"https:\/\/www.digidreamer.fi\/kauppa\/?post_type=product&#038;p=7975"},"modified":"2026-05-01T10:07:49","modified_gmt":"2026-05-01T07:07:49","slug":"kingston-usb3-2-datatraveler-gen1-kyson-muistitikku","status":"publish","type":"product","link":"https:\/\/www.digidreamer.fi\/kauppa\/tuote\/kingston-usb3-2-datatraveler-gen1-kyson-muistitikku\/","title":{"rendered":"KINGSTON USB3.2 DataTraveler Gen1 Kyson-muistitikku"},"content":{"rendered":"<p>Kingston DataTraveler Kyson on tyylik\u00e4s ja kest\u00e4v\u00e4 USB\u2011muistitikku, joka tarjoaa nopeat siirtonopeudet USB\u202f3.2\u202fGen\u202f1 \u2011liit\u00e4nn\u00e4n ansiosta. Se sopii erinomaisesti tiedostojen, kuvien, videoiden ja muiden datojen tallentamiseen ja siirt\u00e4miseen nopeasti ja vaivattomasti. Metallinen, tulpaton design sek\u00e4 k\u00e4yt\u00e4nn\u00f6llinen ripustuslenkki tekev\u00e4t tikusta helpon ottaa mukaan arkeen ja matkalle. Kest\u00e4v\u00e4 rakenne ja luotettava toiminta tekev\u00e4t t\u00e4st\u00e4 muistitikusta monik\u00e4ytt\u00f6isen kumppanin niin ty\u00f6\u2011 kuin vapaa\u2011ajan tarpeisiin.<\/p>\n<p>Tuotetyyppi: USB Flash-asema<br \/>Tallennuskapasiteetti: 64 Gt, 128 Gt, 256 Gt, 512 Gt<br \/>Lukunopeus: Jopa 200 MB\/s<br \/>Liit\u00e4nt\u00e4tyyppi: USB 3.2 Gen 1<br \/>Ominaisuudet: Tulpaton muotoilu<br \/>Vaadittu k\u00e4ytt\u00f6j\u00e4rjestelm\u00e4: Windows 8, Windows 8.1, Windows 10, Apple MacOS X 10.10.x tai uudempi, Linux 2.6.x tai uudempi, Google Chrome OS<br \/>Leveys: 39 mm<br \/>Syvyys: 12.6 mm<br \/>Korkeus: 4.9 mm<br \/>Paino: 4 g<\/p>\n","protected":false},"excerpt":{"rendered":"<p>Valmistaja: KINGSTON<br \/>Valmistajan tuotekoodi: DTKN\/64GB, DTKN\/128GB, DTKN\/256GB, DTKN\/512GB<br \/>Tuotenimike: KINGSTON USB3.2 DataTraveler Gen1 Kyson<br \/>Kuvaus: Kingston DataTraveler Kyson &#8211; USB Flash-asema &#8211; USB 3.2 Gen 1<br \/>EAN-koodi: 0740617309102, 0740617309119, 0740617309195, 0740617340761<br \/>Valmistajan takuu: 5 vuotta<\/p>\n","protected":false},"featured_media":7976,"comment_status":"open","ping_status":"closed","template":"","meta":[],"product_brand":[638],"product_cat":[132],"product_tag":[],"class_list":{"0":"post-7975","1":"product","2":"type-product","3":"status-publish","6":"product_brand-kingston","7":"product_cat-tiedontallennus","9":"first","10":"instock","11":"sale","12":"taxable","13":"shipping-taxable","14":"purchasable","15":"product-type-variable","16":"has-default-attributes"},"jetpack_sharing_enabled":true,"_links":{"self":[{"href":"https:\/\/www.digidreamer.fi\/kauppa\/wp-json\/wp\/v2\/product\/7975","targetHints":{"allow":["GET"]}}],"collection":[{"href":"https:\/\/www.digidreamer.fi\/kauppa\/wp-json\/wp\/v2\/product"}],"about":[{"href":"https:\/\/www.digidreamer.fi\/kauppa\/wp-json\/wp\/v2\/types\/product"}],"replies":[{"embeddable":true,"href":"https:\/\/www.digidreamer.fi\/kauppa\/wp-json\/wp\/v2\/comments?post=7975"}],"wp:featuredmedia":[{"embeddable":true,"href":"https:\/\/www.digidreamer.fi\/kauppa\/wp-json\/wp\/v2\/media\/7976"}],"wp:attachment":[{"href":"https:\/\/www.digidreamer.fi\/kauppa\/wp-json\/wp\/v2\/media?parent=7975"}],"wp:term":[{"taxonomy":"product_brand","embeddable":true,"href":"https:\/\/www.digidreamer.fi\/kauppa\/wp-json\/wp\/v2\/product_brand?post=7975"},{"taxonomy":"product_cat","embeddable":true,"href":"https:\/\/www.digidreamer.fi\/kauppa\/wp-json\/wp\/v2\/product_cat?post=7975"},{"taxonomy":"product_tag","embeddable":true,"href":"https:\/\/www.digidreamer.fi\/kauppa\/wp-json\/wp\/v2\/product_tag?post=7975"}],"curies":[{"name":"wp","href":"https:\/\/api.w.org\/{rel}","templated":true}]}}