{"id":7890,"date":"2025-05-31T10:41:06","date_gmt":"2025-05-31T07:41:06","guid":{"rendered":"https:\/\/www.digidreamer.fi\/kauppa\/?post_type=product&#038;p=7890"},"modified":"2026-05-01T10:21:17","modified_gmt":"2026-05-01T07:21:17","slug":"kingston-portable-usb-3-2-gen-1-datatraveler-exodia-s-muistitikku","status":"publish","type":"product","link":"https:\/\/www.digidreamer.fi\/kauppa\/tuote\/kingston-portable-usb-3-2-gen-1-datatraveler-exodia-s-muistitikku\/","title":{"rendered":"KINGSTON Portable USB 3.2 Gen 1 DataTraveler Exodia S-muistitikku"},"content":{"rendered":"<p>Tuotetyyppi: USB Flash-asema<br \/>Tallennuskapasiteetti: 64 Gt, 128 Gt, 256 Gt, 512 Gt<br \/>Liit\u00e4nt\u00e4tyyppi: USB 3.2 Gen 1<br \/>Ominaisuudet: K\u00e4\u00e4nt\u00f6muotoilu<br \/>Vaadittu k\u00e4ytt\u00f6j\u00e4rjestelm\u00e4: Windows 11, Windows 10, Apple macOS 10.15.x tai uudempi, Linux 4.4 tai uudempi, Google Chrome OS<br \/>Leveys: 57 mm<br \/>Syvyys: 19 mm<br \/>Korkeus: 11.8 mm<br \/>Paino: 8.72 g<\/p>\n","protected":false},"excerpt":{"rendered":"<p>Valmistaja: KINGSTON<br \/>Valmistajan tuotekoodi: DTXS\/64GB, DTXS\/128GB, DTXS\/256GB, DTXS\/512GB<br \/>Tuotenimike: KINGSTON Portable USB 3.2 Gen 1 DataTraveler Exodia S<br \/>Kuvaus: Kingston DataTraveler Exodia S &#8211; USB Flash-asema &#8211; USB 3.2 Gen 1<br \/>EAN-koodi: 0740617348651, 0740617348699, 0740617348736, 0740617348774<br \/>Valmistajan takuu: 5 vuotta<\/p>\n","protected":false},"featured_media":7894,"comment_status":"open","ping_status":"closed","template":"","meta":[],"product_brand":[638],"product_cat":[132],"product_tag":[],"class_list":{"0":"post-7890","1":"product","2":"type-product","3":"status-publish","6":"product_brand-kingston","7":"product_cat-tiedontallennus","9":"first","10":"instock","11":"sale","12":"taxable","13":"shipping-taxable","14":"purchasable","15":"product-type-variable","16":"has-default-attributes"},"jetpack_sharing_enabled":true,"_links":{"self":[{"href":"https:\/\/www.digidreamer.fi\/kauppa\/wp-json\/wp\/v2\/product\/7890","targetHints":{"allow":["GET"]}}],"collection":[{"href":"https:\/\/www.digidreamer.fi\/kauppa\/wp-json\/wp\/v2\/product"}],"about":[{"href":"https:\/\/www.digidreamer.fi\/kauppa\/wp-json\/wp\/v2\/types\/product"}],"replies":[{"embeddable":true,"href":"https:\/\/www.digidreamer.fi\/kauppa\/wp-json\/wp\/v2\/comments?post=7890"}],"wp:featuredmedia":[{"embeddable":true,"href":"https:\/\/www.digidreamer.fi\/kauppa\/wp-json\/wp\/v2\/media\/7894"}],"wp:attachment":[{"href":"https:\/\/www.digidreamer.fi\/kauppa\/wp-json\/wp\/v2\/media?parent=7890"}],"wp:term":[{"taxonomy":"product_brand","embeddable":true,"href":"https:\/\/www.digidreamer.fi\/kauppa\/wp-json\/wp\/v2\/product_brand?post=7890"},{"taxonomy":"product_cat","embeddable":true,"href":"https:\/\/www.digidreamer.fi\/kauppa\/wp-json\/wp\/v2\/product_cat?post=7890"},{"taxonomy":"product_tag","embeddable":true,"href":"https:\/\/www.digidreamer.fi\/kauppa\/wp-json\/wp\/v2\/product_tag?post=7890"}],"curies":[{"name":"wp","href":"https:\/\/api.w.org\/{rel}","templated":true}]}}