{"id":7661,"date":"2025-05-19T20:58:22","date_gmt":"2025-05-19T17:58:22","guid":{"rendered":"https:\/\/www.digidreamer.fi\/kauppa\/?post_type=product&#038;p=7661"},"modified":"2026-05-01T10:04:41","modified_gmt":"2026-05-01T07:04:41","slug":"wd-black-sn770m-m-2-2230-nvme-ssd-levy","status":"publish","type":"product","link":"https:\/\/www.digidreamer.fi\/kauppa\/tuote\/wd-black-sn770m-m-2-2230-nvme-ssd-levy\/","title":{"rendered":"WD Black SN770M M.2 2230 NVMe SSD-levy"},"content":{"rendered":"<p>Laitteen tyyppi: SSD-levy &#8211; sis\u00e4inen<br \/>Muistin koko: 500 GB, 1 Tt, 2 Tt<br \/>NAND flash-muistityyppi: 3D triple-level cell (TLC)<br \/>Koko tai muoto: M.2 2230<br \/>Liit\u00e4nt\u00e4: PCIe 4.0 x4 (NVMe)<br \/>Ominaisuudet: nCache 4.0 -tekniikka, Microsoft DirectStorage API -tuki<br \/>Leveys: 22.1 mm<br \/>Syvyys: 29.97 mm<br \/>Korkeus: 2.29 mm<br \/>Paino: 2.8 g<br \/>Puolijohdeaseman kestokyky: 300 TB &#8211; 1200 TB<br \/>Sis\u00e4inen tiedonsiirtonopeus: 5000 &#8211; 5150 MBps (luku) \/ 4000 &#8211; 4850 MBps (kirjoitus)<br \/>Maximum 4KB Random Write: 800000 IOPS<br \/>4KB enimm\u00e4issatunnaistoisto: 460000 IOPS<br \/>Liit\u00e4nn\u00e4t: 1 x PCI Express 4.0 x4 (NVMe) &#8211; M.2 M-avain<br \/>Yhteensopiva paikka: M.2 2230<br \/>Vaadittu k\u00e4ytt\u00f6j\u00e4rjestelm\u00e4: Windows 10 tai uudempi<\/p>\n","protected":false},"excerpt":{"rendered":"<p>Valmistaja: WESTERN DIGITAL<br \/>Valmistajan tuotekoodi: WDS500G3X0G-00CHY0, WDS100T3X0G-00CHY0, WDS200T3X0G-00CHY0<br \/>Tuotenimike: WD Black SN770M 500GB M.2 2230 NVMe SSD<br \/>Kuvaus: WD Black WDS500G3X0G &#8211; SSD &#8211; 500 GB &#8211; mobiilipeliasema &#8211; sis\u00e4inen &#8211; M.2 2230 &#8211; PCIe 4.0 x4 (NVMe)<br \/>EAN-koodi: 0718037902975, 0718037902951, 0718037902968<br \/>Valmistajan takuu: Rajoitettu 5 vuotta<\/p>\n","protected":false},"featured_media":7662,"comment_status":"open","ping_status":"closed","template":"","meta":[],"product_brand":[632],"product_cat":[702],"product_tag":[],"class_list":{"0":"post-7661","1":"product","2":"type-product","3":"status-publish","6":"product_brand-western-digital","7":"product_cat-m-2-ssd","9":"first","10":"instock","11":"sale","12":"taxable","13":"shipping-taxable","14":"purchasable","15":"product-type-variable","16":"has-default-attributes"},"jetpack_sharing_enabled":true,"_links":{"self":[{"href":"https:\/\/www.digidreamer.fi\/kauppa\/wp-json\/wp\/v2\/product\/7661","targetHints":{"allow":["GET"]}}],"collection":[{"href":"https:\/\/www.digidreamer.fi\/kauppa\/wp-json\/wp\/v2\/product"}],"about":[{"href":"https:\/\/www.digidreamer.fi\/kauppa\/wp-json\/wp\/v2\/types\/product"}],"replies":[{"embeddable":true,"href":"https:\/\/www.digidreamer.fi\/kauppa\/wp-json\/wp\/v2\/comments?post=7661"}],"wp:featuredmedia":[{"embeddable":true,"href":"https:\/\/www.digidreamer.fi\/kauppa\/wp-json\/wp\/v2\/media\/7662"}],"wp:attachment":[{"href":"https:\/\/www.digidreamer.fi\/kauppa\/wp-json\/wp\/v2\/media?parent=7661"}],"wp:term":[{"taxonomy":"product_brand","embeddable":true,"href":"https:\/\/www.digidreamer.fi\/kauppa\/wp-json\/wp\/v2\/product_brand?post=7661"},{"taxonomy":"product_cat","embeddable":true,"href":"https:\/\/www.digidreamer.fi\/kauppa\/wp-json\/wp\/v2\/product_cat?post=7661"},{"taxonomy":"product_tag","embeddable":true,"href":"https:\/\/www.digidreamer.fi\/kauppa\/wp-json\/wp\/v2\/product_tag?post=7661"}],"curies":[{"name":"wp","href":"https:\/\/api.w.org\/{rel}","templated":true}]}}