{"id":7643,"date":"2025-05-19T20:32:00","date_gmt":"2025-05-19T17:32:00","guid":{"rendered":"https:\/\/www.digidreamer.fi\/kauppa\/?post_type=product&#038;p=7643"},"modified":"2026-05-01T10:13:59","modified_gmt":"2026-05-01T07:13:59","slug":"corsair-mp600-elite-gen4-pcie-x4-nvme-m-2-ssd-levy","status":"publish","type":"product","link":"https:\/\/www.digidreamer.fi\/kauppa\/tuote\/corsair-mp600-elite-gen4-pcie-x4-nvme-m-2-ssd-levy\/","title":{"rendered":"CORSAIR MP600 ELITE Gen4 PCIe x4 NVMe M.2 SSD-levy"},"content":{"rendered":"<p>Laitteen tyyppi: SSD-levy &#8211; sis\u00e4inen<br \/>Muistin koko: 1 Tt, 2 Tt, 4 Tt<br \/>Laitteistosalaus: Kyll\u00e4<br \/>Salausalgoritmi: AES 256 bitti\u00e4<br \/>NAND flash-muistityyppi: 3D triple-level cell (TLC)<br \/>Koko tai muoto: M.2 2280<br \/>Liit\u00e4nt\u00e4: PCIe 4.0 x4 (NVMe)<br \/>Ominaisuudet: NVM Express (NVMe) 1.4, S.M.A.R.T.<br \/>Paino: 30 g<br \/>Puolijohdeaseman kestokyky: 600 TB &#8211; 2400 TB<br \/>Sis\u00e4inen tiedonsiirtonopeus: 7000 MBps (luku) \/ 6200 MBps (kirjoitus)<br \/>Maximum 4KB Random Write: 1000000 IOPS<br \/>4KB enimm\u00e4issatunnaistoisto: 1000000 IOPS<br \/>Keskim\u00e4\u00e4r\u00e4inen vikav\u00e4li (MTBF): 1,500,000 tuntia<br \/>Liit\u00e4nn\u00e4t: 1 x PCI Express 4.0 x4 (NVMe)<br \/>Yhteensopiva paikka: M.2 2280<br \/>Virrankulutus: 5.6 watti(a) (aktiivinen)<br \/>Vaadittu k\u00e4ytt\u00f6j\u00e4rjestelm\u00e4: Windows 10, Apple MacOS X, Windows 11<br \/>Yhteensopivuusstandardit: EMC, RoHS, UKCA<\/p>\n","protected":false},"excerpt":{"rendered":"<p>Valmistaja: CORSAIR<br \/>Valmistajan tuotekoodi: CSSD-F1000GBMP600ENH, CSSD-F1000GBMP600EHS, CSSD-F2000GBMP600ENH, CSSD-F2000GBMP600EHS, CSSD-F4000GBMP600ENH, CSSD-F4000GBMP600EHS<br \/>Tuotenimike: CORSAIR MP600 ELITE 1TB Gen4 PCIe x4 NVMe M.2 SSD<br \/>Kuvaus: CORSAIR MP600 ELITE &#8211; SSD &#8211; salattu &#8211; 1 Tt &#8211; sis\u00e4inen &#8211; M.2 2280 &#8211; PCIe 4.0 x4 (NVMe) &#8211; AES 256 bitti\u00e4<br \/>EAN-koodi: 0840006677611, 0840006677604, 0840006677659, 0840006677642, 0840440489108, 0840440489092<br \/>Valmistajan takuu: Rajoitettu 5 vuotta<\/p>\n","protected":false},"featured_media":7645,"comment_status":"open","ping_status":"closed","template":"","meta":[],"product_brand":[639],"product_cat":[702],"product_tag":[],"class_list":{"0":"post-7643","1":"product","2":"type-product","3":"status-publish","6":"product_brand-corsair","7":"product_cat-m-2-ssd","9":"first","10":"onbackorder","11":"sale","12":"taxable","13":"shipping-taxable","14":"purchasable","15":"product-type-variable","16":"has-default-attributes"},"jetpack_sharing_enabled":true,"_links":{"self":[{"href":"https:\/\/www.digidreamer.fi\/kauppa\/wp-json\/wp\/v2\/product\/7643","targetHints":{"allow":["GET"]}}],"collection":[{"href":"https:\/\/www.digidreamer.fi\/kauppa\/wp-json\/wp\/v2\/product"}],"about":[{"href":"https:\/\/www.digidreamer.fi\/kauppa\/wp-json\/wp\/v2\/types\/product"}],"replies":[{"embeddable":true,"href":"https:\/\/www.digidreamer.fi\/kauppa\/wp-json\/wp\/v2\/comments?post=7643"}],"wp:featuredmedia":[{"embeddable":true,"href":"https:\/\/www.digidreamer.fi\/kauppa\/wp-json\/wp\/v2\/media\/7645"}],"wp:attachment":[{"href":"https:\/\/www.digidreamer.fi\/kauppa\/wp-json\/wp\/v2\/media?parent=7643"}],"wp:term":[{"taxonomy":"product_brand","embeddable":true,"href":"https:\/\/www.digidreamer.fi\/kauppa\/wp-json\/wp\/v2\/product_brand?post=7643"},{"taxonomy":"product_cat","embeddable":true,"href":"https:\/\/www.digidreamer.fi\/kauppa\/wp-json\/wp\/v2\/product_cat?post=7643"},{"taxonomy":"product_tag","embeddable":true,"href":"https:\/\/www.digidreamer.fi\/kauppa\/wp-json\/wp\/v2\/product_tag?post=7643"}],"curies":[{"name":"wp","href":"https:\/\/api.w.org\/{rel}","templated":true}]}}