{"id":7639,"date":"2025-05-19T20:25:54","date_gmt":"2025-05-19T17:25:54","guid":{"rendered":"https:\/\/www.digidreamer.fi\/kauppa\/?post_type=product&#038;p=7639"},"modified":"2026-05-01T10:10:34","modified_gmt":"2026-05-01T07:10:34","slug":"corsair-mp600-mini-gen4-pcie-x4-nvme-m-2-2230-ssd-levy","status":"publish","type":"product","link":"https:\/\/www.digidreamer.fi\/kauppa\/tuote\/corsair-mp600-mini-gen4-pcie-x4-nvme-m-2-2230-ssd-levy\/","title":{"rendered":"Corsair MP600 Mini M.2 2230 NVMe SSD \u2013 PCIe Gen4 x4, jopa 7000MB\/s, Steam Deck &amp; ultrakompaktiin k\u00e4ytt\u00f6\u00f6n"},"content":{"rendered":"<p>Corsair MP600 Mini on suunniteltu tilanteisiin, joissa tila on rajallinen mutta suorituskyvyst\u00e4 ei haluta tinki\u00e4. T\u00e4m\u00e4 M.2 2230 -kokoinen SSD tarjoaa t\u00e4ysiverisen PCIe Gen4 -nopeuden pieness\u00e4 formaatissa, mik\u00e4 tekee siit\u00e4 t\u00e4ydellisen p\u00e4ivityksen esimerkiksi handheld-pelikoneisiin ja ultrakannettaviin.<br \/>Levyn suorituskyky ylt\u00e4\u00e4 jopa noin <strong>7000 MB\/s lukunopeuteen ja 6200 MB\/s kirjoitusnopeuteen<\/strong>, mik\u00e4 on poikkeuksellisen korkea taso n\u00e4in pienelle SSD:lle<br \/>3D TLC NAND -muisti tarjoaa hyv\u00e4n tasapainon suorituskyvyn ja kest\u00e4vyyden v\u00e4lill\u00e4, ja 600 TBW kirjoituskest\u00e4vyys takaa pitk\u00e4n k\u00e4ytt\u00f6i\u00e4n my\u00f6s aktiivisessa k\u00e4yt\u00f6ss\u00e4<br \/>MP600 Mini on erityisen suosittu p\u00e4ivitys:<br \/>Steam Deck<br \/>ASUS ROG Ally<br \/>Microsoft Surface -laitteet<br \/>muut M.2 2230 -yhteensopivat laitteet<br \/>Koska kyseess\u00e4 on DRAMiton SSD (HMB k\u00e4yt\u00f6ss\u00e4), se kuluttaa v\u00e4hemm\u00e4n virtaa ja tuottaa v\u00e4hemm\u00e4n l\u00e4mp\u00f6\u00e4 \u2013 t\u00e4rke\u00e4 etu kannettavissa ja pienikokoisissa laitteissa.<\/p>\n<p>Tekniset tiedot<br \/><strong>Yleist\u00e4<\/strong><br \/>Malli: Corsair MP600 Mini<br \/>Form factor: M.2 2230<br \/><strong>Suorituskyky<\/strong><br \/>Liit\u00e4nt\u00e4: PCIe Gen4 x4 NVMe 1.4<br \/>Lukunopeus: jopa 7000 MB\/s<br \/>Kirjoitusnopeus: jopa 6200 MB\/s<br \/>Random IOPS: jopa 1M \/ 1M<br \/><strong>Muisti<\/strong><br \/>NAND: 3D TLC<br \/>DRAM: ei (HMB-tuki)<br \/><strong>Kest\u00e4vyys<\/strong><br \/>TBW: 600 TB<br \/>Iskunkesto: jopa 1500 G<br \/><strong>Yhteensopivuus<\/strong><br \/>Windows 10 \/ 11<br \/>macOS<br \/>Handheld PC:t ja tabletit<br \/><strong>Fyysiset tiedot<\/strong><br \/>Koko: 2230 (eritt\u00e4in kompakti)<br \/>Paino: ~25 g<\/p>\n","protected":false},"excerpt":{"rendered":"<p>Corsair MP600 Mini on eritt\u00e4in nopea ja kompakti M.2 2230 NVMe SSD, joka on suunniteltu handheld-laitteisiin, mini-PC:ihin ja kannettaviin.<\/p>\n<p>Valmistaja: CORSAIR<br \/>Valmistajan tuotekoodi: CSSD-F1000GBMP600MN, CSSD-F2000GBMP600MNR2<br \/>Tuotenimike: CORSAIR MP600 MINI Gen4 PCIe x4 NVMe M.2 2230 SSD<br \/>Kuvaus: CORSAIR MP600 Mini &#8211; SSD  &#8211; sis\u00e4inen &#8211; M.2 2230 &#8211; PCIe 4.0 x4 (NVMe) &#8211; AES 256 bitti\u00e4<br \/>EAN-koodi: 0840006661771, 0840006688785<br \/>Valmistajan takuu: Rajoitettu 5 vuotta<\/p>\n","protected":false},"featured_media":7640,"comment_status":"open","ping_status":"closed","template":"","meta":[],"product_brand":[639],"product_cat":[702],"product_tag":[],"class_list":{"0":"post-7639","1":"product","2":"type-product","3":"status-publish","6":"product_brand-corsair","7":"product_cat-m-2-ssd","9":"first","10":"onbackorder","11":"sale","12":"taxable","13":"shipping-taxable","14":"purchasable","15":"product-type-variable","16":"has-default-attributes"},"jetpack_sharing_enabled":true,"_links":{"self":[{"href":"https:\/\/www.digidreamer.fi\/kauppa\/wp-json\/wp\/v2\/product\/7639","targetHints":{"allow":["GET"]}}],"collection":[{"href":"https:\/\/www.digidreamer.fi\/kauppa\/wp-json\/wp\/v2\/product"}],"about":[{"href":"https:\/\/www.digidreamer.fi\/kauppa\/wp-json\/wp\/v2\/types\/product"}],"replies":[{"embeddable":true,"href":"https:\/\/www.digidreamer.fi\/kauppa\/wp-json\/wp\/v2\/comments?post=7639"}],"wp:featuredmedia":[{"embeddable":true,"href":"https:\/\/www.digidreamer.fi\/kauppa\/wp-json\/wp\/v2\/media\/7640"}],"wp:attachment":[{"href":"https:\/\/www.digidreamer.fi\/kauppa\/wp-json\/wp\/v2\/media?parent=7639"}],"wp:term":[{"taxonomy":"product_brand","embeddable":true,"href":"https:\/\/www.digidreamer.fi\/kauppa\/wp-json\/wp\/v2\/product_brand?post=7639"},{"taxonomy":"product_cat","embeddable":true,"href":"https:\/\/www.digidreamer.fi\/kauppa\/wp-json\/wp\/v2\/product_cat?post=7639"},{"taxonomy":"product_tag","embeddable":true,"href":"https:\/\/www.digidreamer.fi\/kauppa\/wp-json\/wp\/v2\/product_tag?post=7639"}],"curies":[{"name":"wp","href":"https:\/\/api.w.org\/{rel}","templated":true}]}}