{"id":7629,"date":"2025-05-19T20:13:24","date_gmt":"2025-05-19T17:13:24","guid":{"rendered":"https:\/\/www.digidreamer.fi\/kauppa\/?post_type=product&#038;p=7629"},"modified":"2026-05-01T10:14:38","modified_gmt":"2026-05-01T07:14:38","slug":"corsair-mp600-micro-gen4-pcie-x4-nvme-m-2-2242-ssd-levy","status":"publish","type":"product","link":"https:\/\/www.digidreamer.fi\/kauppa\/tuote\/corsair-mp600-micro-gen4-pcie-x4-nvme-m-2-2242-ssd-levy\/","title":{"rendered":"Corsair MP600 Micro Gen4 NVMe M.2 2242 SSD \u2013 PCIe 4.0 x4, 3D TLC NAND, 2242 kompakti SSD, jopa ~5000MB\/s, DRAM cache"},"content":{"rendered":"<p>Corsair MP600 Micro Gen4 on suunniteltu tilanteisiin, joissa tila on rajallinen mutta suorituskyvyst\u00e4 ei haluta tinki\u00e4.<br \/>Se hy\u00f6dynt\u00e4\u00e4 PCIe 4.0 x4 -liit\u00e4nt\u00e4\u00e4 ja modernia 3D TLC NAND -teknologiaa, tarjoten eritt\u00e4in nopean luku- ja kirjoitusnopeuden kompaktissa 2242-formaatissa.<br \/>T\u00e4m\u00e4 tekee siit\u00e4 erinomaisen valinnan mini PC -j\u00e4rjestelmiin, kannettaviin tietokoneisiin ja erikoisrakennelmiin, joissa 2280-kokoinen SSD ei mahdu.<\/p>\n<p>Tekniset tiedot<br \/><strong>Yleist\u00e4<\/strong><br \/>Valmistaja: Corsair<br \/>Malli: MP600 Micro Gen4<br \/>Form factor: M.2 2242<br \/>Liit\u00e4nt\u00e4: PCIe 4.0 x4<br \/>Protokolla: NVMe 1.4<\/p>\n<p><strong>Suorituskyky<\/strong><br \/>Lukunopeus: jopa ~5000 MB\/s luokkaa (malliversiosta riippuen)<br \/>Kirjoitusnopeus: jopa ~3500\u20134000 MB\/s<br \/>3D TLC NAND<br \/>HMB \/ DRAM cache -ratkaisu (mallista riippuen)<\/p>\n<p><strong>Rakenne<\/strong><br \/>Eritt\u00e4in kompakti 2242-koko<br \/>Matala l\u00e4mp\u00f6kuorma<br \/>Optimoitu kannettaviin ja tilarajoitteisiin j\u00e4rjestelmiin<br \/>Kevyt ja energiatehokas<\/p>\n<p>Ominaisuudet<br \/>PCIe 4.0 suorituskyky pieness\u00e4 koossa<br \/>Sopii laitteisiin, joihin 2280 ei mahdu<br \/>Nopea k\u00e4ytt\u00f6j\u00e4rjestelm\u00e4levy mini PC:ihin<br \/>Alhainen virrankulutus \u2192 parempi akkukesto kannettavissa<br \/>Luotettava Corsair-laatu<\/p>\n<p>K\u00e4ytt\u00f6kohteet<br \/>Mini PC -j\u00e4rjestelm\u00e4t<br \/>Kannettavat tietokoneet (M.2 2242 tuki)<br \/>Kompaktit ITX-rakennelmat<br \/>Embedded \/ erikoislaitteet<br \/>Kevyt gaming &amp; k\u00e4ytt\u00f6j\u00e4rjestelm\u00e4levy<\/p>\n","protected":false},"excerpt":{"rendered":"<p>Corsair MP600 Micro on eritt\u00e4in kompakti M.2 2242 -kokoinen PCIe 4.0 NVMe SSD, joka tarjoaa huippunopean tallennuksen pieniin laitteisiin kuten mini PC:ihin, kannettaviin ja erikoisrakenteisiin.<\/p>\n<p>Valmistaja: CORSAIR<br \/>Valmistajan tuotekoodi: CSSD-F1000GBMP600MCR, CSSD-F2000GBMP600MCR2<br \/>Tuotenimike: CORSAIR MP600 MICRO Gen4 PCIe x4 NVMe M.2 2242 SSD<br \/>Kuvaus: CORSAIR MP600 Micro &#8211; SSD &#8211; salattu &#8211; sis\u00e4inen &#8211; M.2 2242 &#8211; PCIe 4.0 x4 (NVMe) &#8211; AES 256 bitti\u00e4<br \/>EAN-koodi: 0840006680499, 0840440489078<br \/>Valmistajan takuu: Rajoitettu 5 vuotta<\/p>\n","protected":false},"featured_media":7630,"comment_status":"open","ping_status":"closed","template":"","meta":[],"product_brand":[639],"product_cat":[702],"product_tag":[],"class_list":{"0":"post-7629","1":"product","2":"type-product","3":"status-publish","6":"product_brand-corsair","7":"product_cat-m-2-ssd","9":"first","10":"onbackorder","11":"sale","12":"taxable","13":"shipping-taxable","14":"purchasable","15":"product-type-variable","16":"has-default-attributes"},"jetpack_sharing_enabled":true,"_links":{"self":[{"href":"https:\/\/www.digidreamer.fi\/kauppa\/wp-json\/wp\/v2\/product\/7629","targetHints":{"allow":["GET"]}}],"collection":[{"href":"https:\/\/www.digidreamer.fi\/kauppa\/wp-json\/wp\/v2\/product"}],"about":[{"href":"https:\/\/www.digidreamer.fi\/kauppa\/wp-json\/wp\/v2\/types\/product"}],"replies":[{"embeddable":true,"href":"https:\/\/www.digidreamer.fi\/kauppa\/wp-json\/wp\/v2\/comments?post=7629"}],"wp:featuredmedia":[{"embeddable":true,"href":"https:\/\/www.digidreamer.fi\/kauppa\/wp-json\/wp\/v2\/media\/7630"}],"wp:attachment":[{"href":"https:\/\/www.digidreamer.fi\/kauppa\/wp-json\/wp\/v2\/media?parent=7629"}],"wp:term":[{"taxonomy":"product_brand","embeddable":true,"href":"https:\/\/www.digidreamer.fi\/kauppa\/wp-json\/wp\/v2\/product_brand?post=7629"},{"taxonomy":"product_cat","embeddable":true,"href":"https:\/\/www.digidreamer.fi\/kauppa\/wp-json\/wp\/v2\/product_cat?post=7629"},{"taxonomy":"product_tag","embeddable":true,"href":"https:\/\/www.digidreamer.fi\/kauppa\/wp-json\/wp\/v2\/product_tag?post=7629"}],"curies":[{"name":"wp","href":"https:\/\/api.w.org\/{rel}","templated":true}]}}