{"id":7602,"date":"2025-05-19T19:29:31","date_gmt":"2025-05-19T16:29:31","guid":{"rendered":"https:\/\/www.digidreamer.fi\/kauppa\/?post_type=product&#038;p=7602"},"modified":"2026-05-01T10:08:53","modified_gmt":"2026-05-01T07:08:53","slug":"corsair-mp700-pro-ssd-levy","status":"publish","type":"product","link":"https:\/\/www.digidreamer.fi\/kauppa\/tuote\/corsair-mp700-pro-ssd-levy\/","title":{"rendered":"CORSAIR MP700 PRO SSD-levy"},"content":{"rendered":"<p>Laitteen tyyppi: SSD-levy &#8211; sis\u00e4inen<br \/>Muistin koko: 1 Tt, 2 Tt, 4 Tt<br \/>Salausalgoritmi: AES 256 bitti\u00e4<br \/>NAND flash-muistityyppi: 3D triple-level cell (TLC)<br \/>Koko tai muoto: M.2 2280<br \/>Liit\u00e4nt\u00e4: PCI Express 5.0 x4 (NVMe)<br \/>Ominaisuudet: NVM Express (NVMe) 2.0, S.M.A.R.T.<br \/>Puolijohdeaseman kestokyky: 700 TB &#8211; 2800 TB<br \/>Sis\u00e4inen tiedonsiirtonopeus: 11700 &#8211; 12400 MBps (luku) \/ 9600 &#8211; 11800 MBps (kirjoitus)<br \/>4KB Random Read: 1400000 IOPS<br \/>4KB Random Write: 1500000 IOPS<br \/>Keskim\u00e4\u00e4r\u00e4inen vikav\u00e4li (MTBF): 1,600,000 tuntia<br \/>Liit\u00e4nn\u00e4t: 1 x PCI Express 5.0 x4 (NVMe)<br \/>Yhteensopiva paikka: M.2 2280<\/p>\n","protected":false},"excerpt":{"rendered":"<p>Valmistaja: CORSAIR<br \/>Valmistajan tuotekoodi: CSSD-F1000GBMP700PNH, CSSD-F1000GBMP700PRO, CSSD-F2000GBMP700PNH, CSSD-F2000GBMP700PRO, CSSD-F4000GBMP700PNH, CSSD-F4000GBMP700PRO<br \/>Tuotenimike: CORSAIR MP700 PRO 1TB M.2 NVMe PCIe Gen. 5 x4 SSD no heatsink<br \/>Kuvaus: CORSAIR MP700 PRO &#8211; SSD &#8211; 1 Tt &#8211; sis\u00e4inen &#8211; M.2 2280 &#8211; PCI Express 5.0 x4 (NVMe) &#8211; AES 256 bitti\u00e4<br \/>EAN-koodi: 0840006675105, 0840006675129, 0840006675143, 0840006675167, 0840006675181, 0840006675204<br \/>Valmistajan takuu: Rajoitettu 5 vuotta<\/p>\n","protected":false},"featured_media":7603,"comment_status":"open","ping_status":"closed","template":"","meta":[],"product_brand":[639],"product_cat":[702],"product_tag":[],"class_list":{"0":"post-7602","1":"product","2":"type-product","3":"status-publish","6":"product_brand-corsair","7":"product_cat-m-2-ssd","9":"first","10":"instock","11":"sale","12":"taxable","13":"shipping-taxable","14":"purchasable","15":"product-type-variable","16":"has-default-attributes"},"jetpack_sharing_enabled":true,"_links":{"self":[{"href":"https:\/\/www.digidreamer.fi\/kauppa\/wp-json\/wp\/v2\/product\/7602","targetHints":{"allow":["GET"]}}],"collection":[{"href":"https:\/\/www.digidreamer.fi\/kauppa\/wp-json\/wp\/v2\/product"}],"about":[{"href":"https:\/\/www.digidreamer.fi\/kauppa\/wp-json\/wp\/v2\/types\/product"}],"replies":[{"embeddable":true,"href":"https:\/\/www.digidreamer.fi\/kauppa\/wp-json\/wp\/v2\/comments?post=7602"}],"wp:featuredmedia":[{"embeddable":true,"href":"https:\/\/www.digidreamer.fi\/kauppa\/wp-json\/wp\/v2\/media\/7603"}],"wp:attachment":[{"href":"https:\/\/www.digidreamer.fi\/kauppa\/wp-json\/wp\/v2\/media?parent=7602"}],"wp:term":[{"taxonomy":"product_brand","embeddable":true,"href":"https:\/\/www.digidreamer.fi\/kauppa\/wp-json\/wp\/v2\/product_brand?post=7602"},{"taxonomy":"product_cat","embeddable":true,"href":"https:\/\/www.digidreamer.fi\/kauppa\/wp-json\/wp\/v2\/product_cat?post=7602"},{"taxonomy":"product_tag","embeddable":true,"href":"https:\/\/www.digidreamer.fi\/kauppa\/wp-json\/wp\/v2\/product_tag?post=7602"}],"curies":[{"name":"wp","href":"https:\/\/api.w.org\/{rel}","templated":true}]}}