{"id":7574,"date":"2025-05-17T18:21:40","date_gmt":"2025-05-17T15:21:40","guid":{"rendered":"https:\/\/www.digidreamer.fi\/kauppa\/?post_type=product&#038;p=7574"},"modified":"2026-04-29T20:20:40","modified_gmt":"2026-04-29T17:20:40","slug":"asus-prime-geforce-rtx-5070-12gb-gddr7-naytonohjain","status":"publish","type":"product","link":"https:\/\/www.digidreamer.fi\/kauppa\/tuote\/asus-prime-geforce-rtx-5070-12gb-gddr7-naytonohjain\/","title":{"rendered":"ASUS PRIME GeForce RTX 5070 12GB GDDR7-n\u00e4yt\u00f6nohjain"},"content":{"rendered":"<p>Laitteen tyyppi: N\u00e4yt\u00f6nohjain<br \/>V\u00e4yl\u00e4tyyppi: PCI Express 5.0<br \/>Grafiikkamoottori: NVIDIA GeForce RTX 5070<br \/>Boost Clock: 2512 MHz<br \/>Tehostuskello (OC): 2542 MHz<br \/>CUDA-ytimet: 6144<br \/>Enimm\u00e4istarkkuus: 7680 x 4320<br \/>Tuettu n\u00e4ytt\u00f6jen enimm\u00e4ism\u00e4\u00e4r\u00e4: 4<br \/>Rajapintojen tiedot:<br \/>3 x DisplayPort<br \/>HDMI<br \/>API-tuettu: OpenGL 4.6<br \/>Ominaisuudet: 5. sukupolven Tensor-ytimet, 4. sukupolven s\u00e4teenseuranta ytimet, NVIDIA DLSS 4, NVIDIA Reflex 2, NVIDIA Avatar Cloud Engine (ACE), NVIDIA G-Sync -valmis, Nvidia Studio, NVIDIA Multi Frame Generation, NVIDIA Frame Warp, Nvidia Broadcast, 9. sukupolven NVIDIA-kooderi, 2.5-slot Fan Cooler, 0dB Technology, kaksoiskuulalaakerituulettimet, tuuletettu takalevy, MaxContact technology, vaihe-siirtym\u00e4 l\u00e4mp\u00f6tyyny, ASUS GPU Guard, protection plate, kiinnike ruostumattomasta ter\u00e4ksest\u00e4, Dual Bios, AUTO-EXTREME -tekniikka, NVIDIA GeForce SFF-Ready, HDCP<br \/>Muisti: 12 Gt<br \/>Tekniikka: GDDR7 SDRAM<br \/>Muistin nopeus: 28 Gbit\/s<br \/>V\u00e4yl\u00e4leveys: 192-bit<br \/>Vaadittava virtal\u00e4hde: 750 W<br \/>Lis\u00e4vaatimukset: 16-nastainen PCI Express -virtaliitin, 2 rinnakkaista PCI-paikkaa<br \/>Sis\u00e4ltyv\u00e4t lis\u00e4varusteet: 2 x 8-nastainen kaapeli 12VHPWR-kaapeliin, haka- ja silmukkakiinnitys, kiitoskortti, n\u00e4yt\u00f6nohjaimen tukipidike<br \/>Mukana tulevat ohjelmistot: ASUS GPU Tweak III, MuseTree, GeForce Game Ready -ohjaimet<br \/>Yhteensopivuusstandardit: HDCP 2.3, DisplayPort 2.1b<br \/>Leveys: 5 cm<br \/>Syvyys: 30.4 cm<br \/>Korkeus: 12.6 cm<\/p>\n","protected":false},"excerpt":{"rendered":"<p>Valmistaja: ASUS<br \/>Valmistajan tuotekoodi: 90YV0M11-M0NA00<br \/>Tuotenimike: ASUS PRIME GeForce RTX 5070 12GB GDDR7<br \/>Kuvaus: ASUS PRIME GeForce RTX 5070 12GB &#8211; N\u00e4yt\u00f6nohjain &#8211; GeForce RTX 5070 &#8211; 12 Gt GDDR7 &#8211; PCI Express 5.0 &#8211; 3 x DisplayPort, HDMI<br \/>EAN-koodi: 4711387837832<br \/>Valmistajan takuu: 3 vuotta<\/p>\n","protected":false},"featured_media":7577,"comment_status":"open","ping_status":"closed","template":"","meta":[],"product_brand":[633],"product_cat":[103],"product_tag":[],"class_list":{"0":"post-7574","1":"product","2":"type-product","3":"status-publish","6":"product_brand-asus","7":"product_cat-nvidia-geforce-rtx","9":"first","10":"onbackorder","11":"sale","12":"taxable","13":"shipping-taxable","14":"purchasable","15":"product-type-simple"},"jetpack_sharing_enabled":true,"_links":{"self":[{"href":"https:\/\/www.digidreamer.fi\/kauppa\/wp-json\/wp\/v2\/product\/7574","targetHints":{"allow":["GET"]}}],"collection":[{"href":"https:\/\/www.digidreamer.fi\/kauppa\/wp-json\/wp\/v2\/product"}],"about":[{"href":"https:\/\/www.digidreamer.fi\/kauppa\/wp-json\/wp\/v2\/types\/product"}],"replies":[{"embeddable":true,"href":"https:\/\/www.digidreamer.fi\/kauppa\/wp-json\/wp\/v2\/comments?post=7574"}],"wp:featuredmedia":[{"embeddable":true,"href":"https:\/\/www.digidreamer.fi\/kauppa\/wp-json\/wp\/v2\/media\/7577"}],"wp:attachment":[{"href":"https:\/\/www.digidreamer.fi\/kauppa\/wp-json\/wp\/v2\/media?parent=7574"}],"wp:term":[{"taxonomy":"product_brand","embeddable":true,"href":"https:\/\/www.digidreamer.fi\/kauppa\/wp-json\/wp\/v2\/product_brand?post=7574"},{"taxonomy":"product_cat","embeddable":true,"href":"https:\/\/www.digidreamer.fi\/kauppa\/wp-json\/wp\/v2\/product_cat?post=7574"},{"taxonomy":"product_tag","embeddable":true,"href":"https:\/\/www.digidreamer.fi\/kauppa\/wp-json\/wp\/v2\/product_tag?post=7574"}],"curies":[{"name":"wp","href":"https:\/\/api.w.org\/{rel}","templated":true}]}}