{"id":7402,"date":"2025-05-13T13:55:01","date_gmt":"2025-05-13T11:55:01","guid":{"rendered":"https:\/\/www.digidreamer.fi\/kauppa\/?post_type=product&#038;p=7402"},"modified":"2026-05-06T20:52:28","modified_gmt":"2026-05-06T17:52:28","slug":"vivanco-classic-wallet-oneplus-nord-4-5g-lompakkokotelo","status":"publish","type":"product","link":"https:\/\/www.digidreamer.fi\/kauppa\/tuote\/vivanco-classic-wallet-oneplus-nord-4-5g-lompakkokotelo\/","title":{"rendered":"VIVANCO Classic Wallet OnePlus Nord 4 5G-lompakkokotelo"},"content":{"rendered":"<p>Klassinen lompakkokotelo OnePlus Nord 4 5G -mallille, joka yhdist\u00e4\u00e4 tyylin ja k\u00e4yt\u00e4nn\u00f6llisyyden.<br \/>Valmistettu kest\u00e4v\u00e4st\u00e4 ja pehme\u00e4st\u00e4 ekonahasta, joka suojaa puhelinta naarmuilta ja kolhuilta.<br \/>Sis\u00e4lt\u00e4\u00e4 paikat kolmelle luottokortille ja erillisen setelitaskun, joten t\u00e4rke\u00e4t kortit kulkevat aina mukana.<br \/>Magnettisuljenta pit\u00e4\u00e4 kotelon tukevasti kiinni.<br \/>L\u00e4pp\u00e4 toimii jalustana, jonka avulla puhelimen voi asettaa pystyyn esimerkiksi videoiden katselua varten.<br \/>Kotelon muotoilu takaa p\u00e4\u00e4syn kaikkiin puhelimen portteihin ilman poistamista.<br \/>Tyylik\u00e4s ja ajaton ulkon\u00e4k\u00f6 sopii niin arkeen kuin lahjaksi.<br \/>Pit\u00e4\u00e4 puhelimen suojattuna p\u00e4ivitt\u00e4isess\u00e4 k\u00e4yt\u00f6ss\u00e4.<\/p>\n<p>TEKNISET TIEDOT<br \/>Yhteensopivuus<br \/>Suunniteltu OnePlus Nord 4 5G -puhelimelle<br \/>Materiaali<br \/>Kest\u00e4v\u00e4 ekonahka (PU)<br \/>Korttipaikat<br \/>3 paikkaa luottokorteille tai muille korteille<br \/>Setelitasku<br \/>Sis\u00e4inen tasku seteleille tai pienille asiakirjoille<br \/>Jalusta<br \/>L\u00e4pp\u00e4 toimii jalustana vaaka-asennossa<br \/>Suljin<br \/>Magnettisuljenta<br \/>Porttien saatavuus<br \/>T\u00e4ysi p\u00e4\u00e4sy kaikkiin puhelimen portteihin ja painikkeisiin<br \/>Takuu<br \/>1 vuosi<\/p>\n","protected":false},"excerpt":{"rendered":"<p>Valmistaja: VIVANCO<br \/>Valmistajan tuotekoodi: 64319, 64320<br \/>Tuotenimike: VIVANCO Classic Wallet OnePlus Nord 4 5G Black<br \/>EAN-koodi: 4008928643190, 4008928643206<br \/>Valmistajan takuu: 1 vuosi<\/p>\n","protected":false},"featured_media":7406,"comment_status":"open","ping_status":"closed","template":"","meta":[],"product_brand":[647],"product_cat":[543],"product_tag":[],"class_list":{"0":"post-7402","1":"product","2":"type-product","3":"status-publish","6":"product_brand-vivanco","7":"product_cat-suojakotelot-naytonsuojat","9":"first","10":"onbackorder","11":"taxable","12":"shipping-taxable","13":"purchasable","14":"product-type-variable","15":"has-default-attributes"},"jetpack_sharing_enabled":true,"_links":{"self":[{"href":"https:\/\/www.digidreamer.fi\/kauppa\/wp-json\/wp\/v2\/product\/7402","targetHints":{"allow":["GET"]}}],"collection":[{"href":"https:\/\/www.digidreamer.fi\/kauppa\/wp-json\/wp\/v2\/product"}],"about":[{"href":"https:\/\/www.digidreamer.fi\/kauppa\/wp-json\/wp\/v2\/types\/product"}],"replies":[{"embeddable":true,"href":"https:\/\/www.digidreamer.fi\/kauppa\/wp-json\/wp\/v2\/comments?post=7402"}],"wp:featuredmedia":[{"embeddable":true,"href":"https:\/\/www.digidreamer.fi\/kauppa\/wp-json\/wp\/v2\/media\/7406"}],"wp:attachment":[{"href":"https:\/\/www.digidreamer.fi\/kauppa\/wp-json\/wp\/v2\/media?parent=7402"}],"wp:term":[{"taxonomy":"product_brand","embeddable":true,"href":"https:\/\/www.digidreamer.fi\/kauppa\/wp-json\/wp\/v2\/product_brand?post=7402"},{"taxonomy":"product_cat","embeddable":true,"href":"https:\/\/www.digidreamer.fi\/kauppa\/wp-json\/wp\/v2\/product_cat?post=7402"},{"taxonomy":"product_tag","embeddable":true,"href":"https:\/\/www.digidreamer.fi\/kauppa\/wp-json\/wp\/v2\/product_tag?post=7402"}],"curies":[{"name":"wp","href":"https:\/\/api.w.org\/{rel}","templated":true}]}}