{"id":7359,"date":"2025-05-11T17:32:16","date_gmt":"2025-05-11T15:32:16","guid":{"rendered":"https:\/\/www.digidreamer.fi\/kauppa\/?post_type=product&#038;p=7359"},"modified":"2026-05-07T15:50:11","modified_gmt":"2026-05-07T12:50:11","slug":"vivanco-full-screen-tempered-glass-iphone-16-pro-max-naytonsuoja","status":"publish","type":"product","link":"https:\/\/www.digidreamer.fi\/kauppa\/tuote\/vivanco-full-screen-tempered-glass-iphone-16-pro-max-naytonsuoja\/","title":{"rendered":"VIVANCO Full Screen Tempered Glass iPhone 16 Pro Max-n\u00e4yt\u00f6nsuoja"},"content":{"rendered":"<p>Vivanco Mag Clear -panssarilasi suojaa Apple iPhone 16 Pro Maxin n\u00e4yt\u00f6n naarmuilta, iskuilta ja kolhuilta.<br \/>Karkaistu 9H\u2011kovuuden lasi tarjoaa vahvan suojan arkip\u00e4iv\u00e4n kulutusta vastaan.<br \/>T\u00e4ysikokoinen peitto takaa, ett\u00e4 koko n\u00e4ytt\u00f6alue on suojattu.<br \/>Panssarilasi on eritt\u00e4in l\u00e4pin\u00e4kyv\u00e4, joten se ei heikenn\u00e4 n\u00e4yt\u00f6n kirkkautta tai kosketusherkkyytt\u00e4.<br \/>Pinta on k\u00e4sitelty sormenj\u00e4lkien ja lian vastaisesti, mik\u00e4 helpottaa puhtaan pinnan yll\u00e4pitoa.<br \/>Helppo ja kuplaton asennus varmistaa siistin lopputuloksen ilman vaivaa.<br \/>Mukana tulee asennusapu, kuten mikrokuituliina ja p\u00f6lynpoistoapu.<br \/>Suunniteltu erityisesti iPhone 16 Pro Maxin n\u00e4yt\u00f6lle sopivaksi.<br \/>Erinomainen valinta arjen suojaan ja laitteen pitk\u00e4ik\u00e4isyyden turvaamiseen.<\/p>\n<p>TEKNISET TIEDOT<br \/>Yleist\u00e4<br \/>Tuotekoodi: 64240<br \/>Malli: Vivanco Mag Clear iPhone 16 Pro Max<br \/>Tuotetyyppi: N\u00e4yt\u00f6n panssarilasi \/ suojalasi<br \/>Yhteensopivuus<br \/>Suunniteltu Apple iPhone 16 Pro Maxille<br \/>Sopii 6,9&#8243; n\u00e4ytt\u00f6alueelle<br \/>Materiaali<br \/>Karkaistu lasi<br \/>Kovuusluokka: 9H<br \/>L\u00e4pin\u00e4kyv\u00e4 pinta<br \/>Suojatoiminnot<br \/>Suojaa naarmuilta, iskuilta ja kolhuilta<br \/>Sormenj\u00e4lkien vastainen k\u00e4sittely<br \/>Kest\u00e4v\u00e4 ja pitk\u00e4ik\u00e4inen pinta<br \/>Asennus<br \/>Kuplaton asennus<br \/>Mukana asennustarvikkeet (mikrokuituliina, p\u00f6lynpoistoapu)<br \/>Pakkaus<br \/>1 suojalasi per pakkaus<\/p>\n","protected":false},"excerpt":{"rendered":"<p>Valmistaja: VIVANCO<br \/>Valmistajan tuotekoodi: 64240<br \/>Tuotenimike: VIVANCO Full Screen Tempered Glass iPhone 16 Pro Max<br \/>EAN-koodi: 4008928642407<br \/>Valmistajan takuu: 1 vuosi<\/p>\n","protected":false},"featured_media":7360,"comment_status":"open","ping_status":"closed","template":"","meta":[],"product_brand":[647],"product_cat":[543],"product_tag":[],"class_list":{"0":"post-7359","1":"product","2":"type-product","3":"status-publish","6":"product_brand-vivanco","7":"product_cat-suojakotelot-naytonsuojat","9":"first","10":"instock","11":"taxable","12":"shipping-taxable","13":"purchasable","14":"product-type-simple"},"jetpack_sharing_enabled":true,"_links":{"self":[{"href":"https:\/\/www.digidreamer.fi\/kauppa\/wp-json\/wp\/v2\/product\/7359","targetHints":{"allow":["GET"]}}],"collection":[{"href":"https:\/\/www.digidreamer.fi\/kauppa\/wp-json\/wp\/v2\/product"}],"about":[{"href":"https:\/\/www.digidreamer.fi\/kauppa\/wp-json\/wp\/v2\/types\/product"}],"replies":[{"embeddable":true,"href":"https:\/\/www.digidreamer.fi\/kauppa\/wp-json\/wp\/v2\/comments?post=7359"}],"wp:featuredmedia":[{"embeddable":true,"href":"https:\/\/www.digidreamer.fi\/kauppa\/wp-json\/wp\/v2\/media\/7360"}],"wp:attachment":[{"href":"https:\/\/www.digidreamer.fi\/kauppa\/wp-json\/wp\/v2\/media?parent=7359"}],"wp:term":[{"taxonomy":"product_brand","embeddable":true,"href":"https:\/\/www.digidreamer.fi\/kauppa\/wp-json\/wp\/v2\/product_brand?post=7359"},{"taxonomy":"product_cat","embeddable":true,"href":"https:\/\/www.digidreamer.fi\/kauppa\/wp-json\/wp\/v2\/product_cat?post=7359"},{"taxonomy":"product_tag","embeddable":true,"href":"https:\/\/www.digidreamer.fi\/kauppa\/wp-json\/wp\/v2\/product_tag?post=7359"}],"curies":[{"name":"wp","href":"https:\/\/api.w.org\/{rel}","templated":true}]}}