{"id":7322,"date":"2025-05-11T17:52:53","date_gmt":"2025-05-11T14:52:53","guid":{"rendered":"https:\/\/www.digidreamer.fi\/kauppa\/?post_type=product&#038;p=7322"},"modified":"2026-05-07T15:41:33","modified_gmt":"2026-05-07T12:41:33","slug":"vivanco-classic-wallet-iphone-15-14-13-black-lompakkokotelo","status":"publish","type":"product","link":"https:\/\/www.digidreamer.fi\/kauppa\/tuote\/vivanco-classic-wallet-iphone-15-14-13-black-lompakkokotelo\/","title":{"rendered":"VIVANCO Classic Wallet iPhone 15\/14\/13 Black-lompakkokotelo"},"content":{"rendered":"<p>V\u00e4ri: Musta<br \/>Tyyppi: Suojakotelo<br \/>Suositusk\u00e4ytt\u00f6: Matkapuhelimelle<br \/>Kansityyppi: L\u00e4pp\u00e4kansi<br \/>Aukaisutyyppi: Puoli<br \/>Sulkemistyyppi: Magneettikiinnitys<br \/>Ylim\u00e4\u00e4r\u00e4iset lokerot: 3 x luottokortti, setelit<br \/>Kannen ominaisuudet: Jalustatoiminto<br \/>Suunniteltu malleihin: Apple iPhone 15<\/p>\n","protected":false},"excerpt":{"rendered":"<p>Valmistaja: VIVANCO<br \/>Valmistajan tuotekoodi: 63893<br \/>Tuotenimike: VIVANCO Classic Wallet iPhone 15\/14\/13 Black<br \/>Kuvaus: Vivanco Classic &#8211; L\u00e4pp\u00e4kansi matkapuhelimelle &#8211; musta malleihin Apple iPhone 15<br \/>EAN-koodi: 4008928638936<br \/>Valmistajan takuu: 1 vuosi<\/p>\n","protected":false},"featured_media":7323,"comment_status":"open","ping_status":"closed","template":"","meta":[],"product_brand":[647],"product_cat":[543],"product_tag":[],"class_list":{"0":"post-7322","1":"product","2":"type-product","3":"status-publish","6":"product_brand-vivanco","7":"product_cat-suojakotelot-naytonsuojat","9":"first","10":"instock","11":"taxable","12":"shipping-taxable","13":"purchasable","14":"product-type-simple"},"jetpack_sharing_enabled":true,"_links":{"self":[{"href":"https:\/\/www.digidreamer.fi\/kauppa\/wp-json\/wp\/v2\/product\/7322","targetHints":{"allow":["GET"]}}],"collection":[{"href":"https:\/\/www.digidreamer.fi\/kauppa\/wp-json\/wp\/v2\/product"}],"about":[{"href":"https:\/\/www.digidreamer.fi\/kauppa\/wp-json\/wp\/v2\/types\/product"}],"replies":[{"embeddable":true,"href":"https:\/\/www.digidreamer.fi\/kauppa\/wp-json\/wp\/v2\/comments?post=7322"}],"wp:featuredmedia":[{"embeddable":true,"href":"https:\/\/www.digidreamer.fi\/kauppa\/wp-json\/wp\/v2\/media\/7323"}],"wp:attachment":[{"href":"https:\/\/www.digidreamer.fi\/kauppa\/wp-json\/wp\/v2\/media?parent=7322"}],"wp:term":[{"taxonomy":"product_brand","embeddable":true,"href":"https:\/\/www.digidreamer.fi\/kauppa\/wp-json\/wp\/v2\/product_brand?post=7322"},{"taxonomy":"product_cat","embeddable":true,"href":"https:\/\/www.digidreamer.fi\/kauppa\/wp-json\/wp\/v2\/product_cat?post=7322"},{"taxonomy":"product_tag","embeddable":true,"href":"https:\/\/www.digidreamer.fi\/kauppa\/wp-json\/wp\/v2\/product_tag?post=7322"}],"curies":[{"name":"wp","href":"https:\/\/api.w.org\/{rel}","templated":true}]}}