{"id":7257,"date":"2025-05-08T21:17:39","date_gmt":"2025-05-08T18:17:39","guid":{"rendered":"https:\/\/www.digidreamer.fi\/kauppa\/?post_type=product&#038;p=7257"},"modified":"2026-04-29T07:18:02","modified_gmt":"2026-04-29T04:18:02","slug":"lenovo-thinkvision-t24-40-23-8inch-ips-1920x1080-169-250cd-m2-hdmi-dp-vga-usb-naytto","status":"publish","type":"product","link":"https:\/\/www.digidreamer.fi\/kauppa\/tuote\/lenovo-thinkvision-t24-40-23-8inch-ips-1920x1080-169-250cd-m2-hdmi-dp-vga-usb-naytto\/","title":{"rendered":"LENOVO ThinkVision T24-40 23.8inch IPS 1920&#215;1080 16:9 250cd\/m2 HDMI DP VGA USB-n\u00e4ytt\u00f6"},"content":{"rendered":"<p>N\u00e4yt\u00f6n tyyppi: LED-taustavalaistu LCD-n\u00e4ytt\u00f6 \/ TFT-aktiivimatriisi<br \/>Energialuokka: Luokka C<br \/>N\u00e4yt\u00f6n koko: 24&#8243;<br \/>Kuva-ala: 23.8&#8243;<br \/>Sis\u00e4\u00e4nrakennetut laitteet: USB 3.2 Gen 1 -keskitin<br \/>Paneelityyppi: IPS<br \/>Katselusuhde: 16:9<br \/>Alkuper\u00e4inen tarkkuus: Full HD (1080p) 1920 x 1080 at 120 Hz<br \/>Pikselikoko: 0.2745 mm<br \/>Pikseli\u00e4 per tuuma: 95<br \/>Kirkkaus: 250 cd\/m\u00b2<br \/>Kontrastisuhde: 1500:1 \/ 3000000:1 (dynaaminen)<br \/>V\u00e4rituki: 16,7 miljoonaa v\u00e4ri\u00e4<br \/>V\u00e4riasteikko: 99% sRGB, 99% BT.709<br \/>Vasteaika: 4 ms (extreme), 6 ms (normaali)<br \/>Pystysuuntainen p\u00e4ivityssuhde: 48 &#8211; 120 Hz<br \/>Vaakasuuntainen p\u00e4ivityssuhde: 28 &#8211; 150 kHz<br \/>Vaakasuuntainen katselukulma: 178<br \/>Pystysuuntainen katselukulma: 178<br \/>N\u00e4yt\u00f6n pinnoite: H\u00e4ik\u00e4isem\u00e4t\u00f6n<br \/>Taustavaloteknologia: WLED<br \/>Ominaisuudet: Ultra thin bezel design, 8 bitin v\u00e4risyvyys, Natural Low Blue Light -tekniikka, sis\u00e4inen kaapelinhallinta, modulaarinen kameratuki<br \/>V\u00e4ri: Y\u00f6nmusta<br \/>Ulkomitat (PxSxK): 53.98 cm x 19 cm x 50.58 cm &#8211; jalustan kanssa (korkein asento)<br \/>Paino: 5.1 kg<br \/>Liit\u00e4nn\u00e4t:<br \/>USB-C 3.2 Gen 1 alavirta (data, teho enint\u00e4\u00e4n 15 W)<br \/>3 x USB 3.2 Gen 1 alavirta<br \/>USB-B 3.2 Gen 1 yl\u00e4virtaan<br \/>HDMI<br \/>DisplayPort 1.2<br \/>VGA<br \/>N\u00e4yt\u00f6n sijainnin s\u00e4\u00e4d\u00f6t: Kaltevuus, k\u00e4\u00e4nt\u00f6alusta, nivel (kierto), korkeus<br \/>Kallistuskulma: -5\/23.5<br \/>K\u00e4\u00e4nt\u00f6kulma: 90<br \/>Kiertokulma: 180<br \/>Korkeudens\u00e4\u00e4t\u00f6: 155 mm<br \/>VESA-kiinnitysliit\u00e4nt\u00e4: 100 x 100 mm<br \/>Ominaisuudet: Paikka lukituslaitteelle (kaapelilukko myyd\u00e4\u00e4n erikseen), Tiny-tuki<br \/>Sis\u00e4ltyv\u00e4t kaapelit:<br \/>1 x DisplayPort -kaapeli &#8211; 1.8 m<br \/>1 x USB-A &#8211; USB-B -kaapeli &#8211; 1.8 m<br \/>Yhteensopivuusstandardit: RoHS, TCO Certified 10.0, Eyesafe Certified 2.0, TUV Rheinlandin silm\u00e4mukavuustodistus (5 t\u00e4hte\u00e4), TUV Rheinland Flicker Free Certification, T\u00dcV Rheinland Low Blue Light, TUV Rheinland Low Blue Light (Hardware Solution), China Energy standard Tier 1<br \/>Lokalisointi: Englanti \/ Eurooppa<br \/>Turvapaikkatyyppi: Kensington-turvalukkopaikka<br \/>Tuloj\u00e4nnite: Vaihtovirta 100-240 V (50\/60 Hz)<br \/>Virrankulutus SDR (p\u00e4\u00e4ll\u00e4-tila): 12 kWh\/1000 h<br \/>Virrankulutus (tyypillinen): 12 watti(a)<br \/>Vorrankulutus (maks.): 66 watti(a)<br \/>Virrankulutuksen lepotila: 0.5 watti(a)<br \/>Virrankulutus (sammutettuna): 0.3 watti(a)<br \/>Mukana tuleva ohjelmisto: Lenovo ThinkColour<br \/>Vaadittu k\u00e4ytt\u00f6j\u00e4rjestelm\u00e4: Windows 10, Windows 11<br \/>Mittojen &amp; painon yksityiskohdat:<br \/>Ilman jalustaa &#8211; leveys: 53.98 cm &#8211; syvyys: 4.53 cm &#8211; korkeus: 31.48 cm &#8211; paino: 3 kg<br \/>Jalustan kanssa (korkein asento) &#8211; leveys: 53.98 cm &#8211; syvyys: 19 cm &#8211; korkeus: 50.58 cm &#8211; paino: 5.1 kg<br \/>Jalustan kanssa (matalin asento) &#8211; leveys: 53.98 cm &#8211; syvyys: 19 cm &#8211; korkeus: 35.08 cm &#8211; paino: 5.1 kg<br \/>L\u00e4hetysleveys: 73.4 cm<br \/>L\u00e4hetyssyvyys: 11.2 cm<br \/>L\u00e4hetyskorkeus: 42.2 cm<br \/>L\u00e4hetyspaino: 7.3 kg<br \/>EPEAT -yhteensopiva: EPEAT Gold<br \/>ENERGY STAR -sertifioitu: Kyll\u00e4<\/p>\n","protected":false},"excerpt":{"rendered":"<p>Valmistaja: LENOVO<br \/>Valmistajan tuotekoodi: 64A4MATXEU<br \/>Tuotenimike: LENOVO ThinkVision T24-40 23.8inch IPS 1920&#215;1080 16:9 250cd\/m2 HDMI DP VGA USB TopSeller<br \/>Kuvaus: Lenovo ThinkVision T24-40 &#8211; LED-n\u00e4ytt\u00f6 &#8211; 24&#8243; (23.8&#8243; katseltava) &#8211; 1920 x 1080 Full HD (1080p) @ 120 Hz &#8211; IPS &#8211; 250 cd\/m\u00b2 &#8211; 1500:1 &#8211; 4 ms &#8211; HDMI, VGA, DisplayPort &#8211; y\u00f6nmusta<br \/>EAN-koodi: 0198155418754<br \/>Valmistajan takuu: 3 vuotta<\/p>\n","protected":false},"featured_media":7260,"comment_status":"open","ping_status":"closed","template":"","meta":[],"product_brand":[637],"product_cat":[682],"product_tag":[],"class_list":{"0":"post-7257","1":"product","2":"type-product","3":"status-publish","6":"product_brand-lenovo","7":"product_cat-full-hd","9":"first","10":"instock","11":"sale","12":"taxable","13":"shipping-taxable","14":"purchasable","15":"product-type-simple"},"jetpack_sharing_enabled":true,"_links":{"self":[{"href":"https:\/\/www.digidreamer.fi\/kauppa\/wp-json\/wp\/v2\/product\/7257","targetHints":{"allow":["GET"]}}],"collection":[{"href":"https:\/\/www.digidreamer.fi\/kauppa\/wp-json\/wp\/v2\/product"}],"about":[{"href":"https:\/\/www.digidreamer.fi\/kauppa\/wp-json\/wp\/v2\/types\/product"}],"replies":[{"embeddable":true,"href":"https:\/\/www.digidreamer.fi\/kauppa\/wp-json\/wp\/v2\/comments?post=7257"}],"wp:featuredmedia":[{"embeddable":true,"href":"https:\/\/www.digidreamer.fi\/kauppa\/wp-json\/wp\/v2\/media\/7260"}],"wp:attachment":[{"href":"https:\/\/www.digidreamer.fi\/kauppa\/wp-json\/wp\/v2\/media?parent=7257"}],"wp:term":[{"taxonomy":"product_brand","embeddable":true,"href":"https:\/\/www.digidreamer.fi\/kauppa\/wp-json\/wp\/v2\/product_brand?post=7257"},{"taxonomy":"product_cat","embeddable":true,"href":"https:\/\/www.digidreamer.fi\/kauppa\/wp-json\/wp\/v2\/product_cat?post=7257"},{"taxonomy":"product_tag","embeddable":true,"href":"https:\/\/www.digidreamer.fi\/kauppa\/wp-json\/wp\/v2\/product_tag?post=7257"}],"curies":[{"name":"wp","href":"https:\/\/api.w.org\/{rel}","templated":true}]}}