{"id":7234,"date":"2025-05-08T17:41:00","date_gmt":"2025-05-08T14:41:00","guid":{"rendered":"https:\/\/www.digidreamer.fi\/kauppa\/?post_type=product&#038;p=7234"},"modified":"2026-05-01T09:50:13","modified_gmt":"2026-05-01T06:50:13","slug":"kingston-3200mhz-ddr4-cl16-dimm-fury-beast-black-keskusmuisti","status":"publish","type":"product","link":"https:\/\/www.digidreamer.fi\/kauppa\/tuote\/kingston-3200mhz-ddr4-cl16-dimm-fury-beast-black-keskusmuisti\/","title":{"rendered":"KINGSTON 3200MHz DDR4 CL16 DIMM FURY Beast Black-keskusmuisti"},"content":{"rendered":"<p>Kapasiteetti: 8 Gt, 16 Gt, 32 Gt<br \/>P\u00e4ivitystyyppi: Yleinen<br \/>Leveys: 133.35 mm<br \/>Syvyys: 7.2 mm<br \/>Korkeus: 34.1 mm<br \/>Tyyppi: DRAM muistimoduuli<br \/>Tekniikka: DDR4 SDRAM<br \/>Koko tai muoto: DIMM 288 nastaa<br \/>Moduulin korkeus (tuumaa): 1.34<br \/>Nopeus: 3200 MHz (PC4-25600)<br \/>Saantiviiveet: CL16 (16-18-18)<br \/>Tiedon eheystarkistus: Non-ECC<br \/>Ominaisuudet: Intel Extreme Memory Profiles (XMP 2.0), AMD Ryzen Ready, matalan profiilin muistinj\u00e4\u00e4hdytin, Black PCB, On-Die Termination (ODT), 16 kentt\u00e4\u00e4 (banks), Serial Presence Detect (SPD), Single Rank, puskuroimaton<br \/>Moduulin kokoonpano: 1024 x 64<br \/>Sirurakenne (Chips Organization): 1024 x 8<br \/>J\u00e4nnite: 1.35 V<br \/>Liitinpinnoite: Kulta<br \/>RAM-tehokkuus: SPD &#8211; 2400 MHz &#8211; 1.2 V &#8211; CL17 &#8211; 17-17-17<br \/>Intel Extreme Memory Profiles (XMP) &#8211; 3000 MHz &#8211; 1.35 V &#8211; CL15 &#8211; 15-17-17<br \/>Intel Extreme Memory Profiles (XMP) &#8211; 3200 MHz &#8211; 1.35 V &#8211; CL16 &#8211; 16-18-18<br \/>V\u00e4rikategoria: Musta<br \/>Yhteensopivuusstandardit: Plug and Play, JEDEC<\/p>\n","protected":false},"excerpt":{"rendered":"<p>Valmistaja: KINGSTON<br \/>Valmistajan tuotekoodi: KF432C16BB\/8, KF432C16BB\/16, KF432C16BB\/32<br \/>Tuotenimike: KINGSTON 3200MHz DDR4 CL16 DIMM FURY Beast Black<br \/>Kuvaus: Kingston FURY Beast &#8211; DDR4 &#8211; moduuli &#8211; DIMM 288 nastaa &#8211; 3200 MHz \/ PC4-25600 &#8211; CL16 &#8211; 1.35 V &#8211; puskuroimaton &#8211; non-ECC &#8211; musta<br \/>EAN-koodi: 0740617319910, 0740617319859, 0740617319828<br \/>Valmistajan takuu: Rajoitettu elinik\u00e4inen<\/p>\n","protected":false},"featured_media":7235,"comment_status":"open","ping_status":"closed","template":"","meta":[],"product_brand":[638],"product_cat":[697],"product_tag":[],"class_list":{"0":"post-7234","1":"product","2":"type-product","3":"status-publish","6":"product_brand-kingston","7":"product_cat-ddr4","9":"first","10":"instock","11":"sale","12":"taxable","13":"shipping-taxable","14":"purchasable","15":"product-type-variable","16":"has-default-attributes"},"jetpack_sharing_enabled":true,"_links":{"self":[{"href":"https:\/\/www.digidreamer.fi\/kauppa\/wp-json\/wp\/v2\/product\/7234","targetHints":{"allow":["GET"]}}],"collection":[{"href":"https:\/\/www.digidreamer.fi\/kauppa\/wp-json\/wp\/v2\/product"}],"about":[{"href":"https:\/\/www.digidreamer.fi\/kauppa\/wp-json\/wp\/v2\/types\/product"}],"replies":[{"embeddable":true,"href":"https:\/\/www.digidreamer.fi\/kauppa\/wp-json\/wp\/v2\/comments?post=7234"}],"wp:featuredmedia":[{"embeddable":true,"href":"https:\/\/www.digidreamer.fi\/kauppa\/wp-json\/wp\/v2\/media\/7235"}],"wp:attachment":[{"href":"https:\/\/www.digidreamer.fi\/kauppa\/wp-json\/wp\/v2\/media?parent=7234"}],"wp:term":[{"taxonomy":"product_brand","embeddable":true,"href":"https:\/\/www.digidreamer.fi\/kauppa\/wp-json\/wp\/v2\/product_brand?post=7234"},{"taxonomy":"product_cat","embeddable":true,"href":"https:\/\/www.digidreamer.fi\/kauppa\/wp-json\/wp\/v2\/product_cat?post=7234"},{"taxonomy":"product_tag","embeddable":true,"href":"https:\/\/www.digidreamer.fi\/kauppa\/wp-json\/wp\/v2\/product_tag?post=7234"}],"curies":[{"name":"wp","href":"https:\/\/api.w.org\/{rel}","templated":true}]}}