{"id":6979,"date":"2025-05-07T12:47:21","date_gmt":"2025-05-07T10:47:21","guid":{"rendered":"https:\/\/www.digidreamer.fi\/kauppa\/?post_type=product&#038;p=6979"},"modified":"2026-05-01T09:29:15","modified_gmt":"2026-05-01T06:29:15","slug":"chieftec-psu-85230v-w-cable-mng-virtalahde","status":"publish","type":"product","link":"https:\/\/www.digidreamer.fi\/kauppa\/tuote\/chieftec-psu-85230v-w-cable-mng-virtalahde\/","title":{"rendered":"CHIEFTEC PSU. 85+.230V W\/CABLE MNG-virtal\u00e4hde"},"content":{"rendered":"<p>Laitteen tyyppi: Virtal\u00e4hde &#8211; Aktiivinen tehokertoimen korjaus (PFC) &#8211; sis\u00e4inen<br \/>Teknisten tietojen vaatimustenmukaisuus: ATX12V 2.3\/ EPS12V<br \/>PSU koko ja muoto: ATX<br \/>Tuloj\u00e4nnite: Vaihtovirta 230 V<br \/>Vaadittu taajuus: 50 Hz<br \/>Tehon l\u00e4ht\u00f6liittimien yksityiskohdat:<br \/>1 x virta 24 nastan ATX irrotettavalla 4 nastan osiolla<br \/>1 x virta 8 nastan EPS12V irrotettavalla 4 nastan ATX12V osiolla<br \/>2 x 8 pin PCI Express power with detachable 2 pin section<br \/>6 x 15 pin Serial ATA power<br \/>4 x 4-nastainen sis\u00e4inen virta<br \/>2 x 4-nastainen mini-virtavastake<br \/>L\u00e4ht\u00f6j\u00e4nnite: +3.3, +5, \u00b112 V<br \/>Virtakapasiteetti: 550, 650, 750 watti(a)<br \/>Output -virta:<br \/>+5V &#8211; 22 A<br \/>+3.3V &#8211; 22 A<br \/>+12V1 &#8211; 35 A<br \/>+12V2 &#8211; 35 A<br \/>-12V &#8211; 0.3 A<br \/>+5VSB &#8211; 3 A<br \/>Tehokkuus: 85%+<br \/>Modulaarijohdon hallinta: Kyll\u00e4<br \/>Keskim\u00e4\u00e4r\u00e4inen vikav\u00e4li (MTBF): 100,000 tuntia<br \/>J\u00e4\u00e4hdytysj\u00e4rjestelm\u00e4: 120 mm tuuletin<br \/>Ominaisuudet: Ylikuumenemissuoja, ylikuormituksen suojaus, ylij\u00e4nnitesuojaus, SLI-Ready, ylikuormitussuoja, matalaj\u00e4nnitesuoja, oikosulkusuojaus, CrossFireX ready<br \/>Yhteensopivuusstandardit: TUV, CB, FCC, RoHS, EuP Ready<br \/>Leveys: 15 cm<br \/>Syvyys: 14 cm<br \/>Korkeus: 8.7 cm<\/p>\n","protected":false},"excerpt":{"rendered":"<p>Valmistaja: CHIEFTEC<br \/>Valmistajan tuotekoodi: CTG-550C, CTG-650C, CTG-750C<br \/>Tuotenimike: CHIEFTEC PSU, 85+,230V W\/CABLE MNG<br \/>EAN-koodi: 4710713239364, 4710713239371, 4710713239388<br \/>Valmistajan takuu: 2 vuotta<\/p>\n","protected":false},"featured_media":6983,"comment_status":"open","ping_status":"closed","template":"","meta":[],"product_brand":[626],"product_cat":[105],"product_tag":[],"class_list":{"0":"post-6979","1":"product","2":"type-product","3":"status-publish","6":"product_brand-chieftec","7":"product_cat-virtalahteet","8":"product_shipping_class-pieni","10":"first","11":"onbackorder","12":"sale","13":"taxable","14":"shipping-taxable","15":"purchasable","16":"product-type-variable","17":"has-default-attributes"},"jetpack_sharing_enabled":true,"_links":{"self":[{"href":"https:\/\/www.digidreamer.fi\/kauppa\/wp-json\/wp\/v2\/product\/6979","targetHints":{"allow":["GET"]}}],"collection":[{"href":"https:\/\/www.digidreamer.fi\/kauppa\/wp-json\/wp\/v2\/product"}],"about":[{"href":"https:\/\/www.digidreamer.fi\/kauppa\/wp-json\/wp\/v2\/types\/product"}],"replies":[{"embeddable":true,"href":"https:\/\/www.digidreamer.fi\/kauppa\/wp-json\/wp\/v2\/comments?post=6979"}],"wp:featuredmedia":[{"embeddable":true,"href":"https:\/\/www.digidreamer.fi\/kauppa\/wp-json\/wp\/v2\/media\/6983"}],"wp:attachment":[{"href":"https:\/\/www.digidreamer.fi\/kauppa\/wp-json\/wp\/v2\/media?parent=6979"}],"wp:term":[{"taxonomy":"product_brand","embeddable":true,"href":"https:\/\/www.digidreamer.fi\/kauppa\/wp-json\/wp\/v2\/product_brand?post=6979"},{"taxonomy":"product_cat","embeddable":true,"href":"https:\/\/www.digidreamer.fi\/kauppa\/wp-json\/wp\/v2\/product_cat?post=6979"},{"taxonomy":"product_tag","embeddable":true,"href":"https:\/\/www.digidreamer.fi\/kauppa\/wp-json\/wp\/v2\/product_tag?post=6979"}],"curies":[{"name":"wp","href":"https:\/\/api.w.org\/{rel}","templated":true}]}}