{"id":6780,"date":"2025-04-29T19:49:15","date_gmt":"2025-04-29T17:49:15","guid":{"rendered":"https:\/\/www.digidreamer.fi\/kauppa\/?post_type=product&#038;p=6780"},"modified":"2026-05-01T10:26:38","modified_gmt":"2026-05-01T07:26:38","slug":"kingston-fury-renegade-g5-pcie-5-0-m-2-nvme-ssd-levy","status":"publish","type":"product","link":"https:\/\/www.digidreamer.fi\/kauppa\/tuote\/kingston-fury-renegade-g5-pcie-5-0-m-2-nvme-ssd-levy\/","title":{"rendered":"KINGSTON FURY Renegade G5 PCIe 5.0 M.2 NVMe SSD-levy"},"content":{"rendered":"<p>Kingston FURY Renegade G5 on huippunopea PCIe\u202f5.0\u2011NVMe\u2011SSD, joka vie tallennusratkaisusi uudelle tasolle. Se on suunniteltu vaativille k\u00e4ytt\u00e4jille, pelaajille ja sis\u00e4ll\u00f6ntuottajille, jotka tarvitsevat \u00e4\u00e4rimm\u00e4ist\u00e4 suorituskyky\u00e4 j\u00e4rjestelm\u00e4ss\u00e4\u00e4n.<br \/>Erinomaiset luku\u2011 ja kirjoitusnopeudet varmistavat lyhyet latausajat ja sujuvan k\u00e4sittelyn isoille tiedostoille sek\u00e4 raskaalle ohjelmak\u00e4yt\u00f6lle. SSD sopii niin huippuluokan pelikoneisiin kuin tehokkaisiin ty\u00f6asemiin ja sis\u00e4lt\u00e4\u00e4 edistyksellisen j\u00e4\u00e4hdytys\u2011 ja suunnitteluratkaisun vakaan toiminnan takaamiseksi.<\/p>\n<p>Laitteen tyyppi: SSD-levy &#8211; sis\u00e4inen<br \/>Muistin koko: 1 Tt &#8211; 8 Tt<br \/>NAND flash-muistityyppi: 3D triple-level cell (TLC)<br \/>Koko tai muoto: M.2 2280<br \/>Liit\u00e4nt\u00e4: PCI Express 5.0 x4 (NVMe)<br \/>Ominaisuudet: Silicon Motion SM2508 -ohjain, 12-kerroksinen PCB-suunnittelu, 3D NAND Technology, Microsoft DirectStorage API -tuki<br \/>Leveys: 22 mm<br \/>Syvyys: 80 mm<br \/>Korkeus: 3.65 mm<br \/>Paino: 9.2 g<br \/>Puolijohdeaseman kestokyky: 1 PB &#8211; 8 PB<br \/>Sis\u00e4inen tiedonsiirtonopeus: 14800 MBps (luku) \/ 14000 MBps (kirjoitus)<br \/>4KB Random Read: 2200000 IOPS<br \/>4KB Random Write: 2200000 IOPS<br \/>Keskim\u00e4\u00e4r\u00e4inen vikav\u00e4li (MTBF): 2,000,000 tuntia<br \/>Liit\u00e4nn\u00e4t: 1 x PCI Express 5.0 x4 (NVMe)<br \/>Yhteensopiva paikka: M.2 2280<br \/>Virrankulutus:<br \/>7.5 watti(a) (maksimi)<br \/>0.27 watti(a) (keskim\u00e4\u00e4r\u00e4)<br \/>9.5 watti(a) (maksimi)<\/p>\n","protected":false},"excerpt":{"rendered":"<p>Valmistaja: KINGSTON<br \/>Valmistajan tuotekoodi: SFYR2S\/1T0, SFYR2S\/2T0, SFYR2S\/4T0, SFYR2D\/8T1<br \/>Tuotenimike: KINGSTON FURY Renegade G5 PCIe 5.0 M.2 NVMe SSD<br \/>EAN-koodi: 0740617349481, 0740617349498, 0740617349504, 0740617351613<br \/>Valmistajan takuu: Rajoitettu 5 vuotta<\/p>\n","protected":false},"featured_media":6787,"comment_status":"open","ping_status":"closed","template":"","meta":[],"product_brand":[638],"product_cat":[702],"product_tag":[],"class_list":{"0":"post-6780","1":"product","2":"type-product","3":"status-publish","6":"product_brand-kingston","7":"product_cat-m-2-ssd","8":"product_shipping_class-kirje","10":"first","11":"instock","12":"sale","13":"taxable","14":"shipping-taxable","15":"purchasable","16":"product-type-variable","17":"has-default-attributes"},"jetpack_sharing_enabled":true,"_links":{"self":[{"href":"https:\/\/www.digidreamer.fi\/kauppa\/wp-json\/wp\/v2\/product\/6780","targetHints":{"allow":["GET"]}}],"collection":[{"href":"https:\/\/www.digidreamer.fi\/kauppa\/wp-json\/wp\/v2\/product"}],"about":[{"href":"https:\/\/www.digidreamer.fi\/kauppa\/wp-json\/wp\/v2\/types\/product"}],"replies":[{"embeddable":true,"href":"https:\/\/www.digidreamer.fi\/kauppa\/wp-json\/wp\/v2\/comments?post=6780"}],"wp:featuredmedia":[{"embeddable":true,"href":"https:\/\/www.digidreamer.fi\/kauppa\/wp-json\/wp\/v2\/media\/6787"}],"wp:attachment":[{"href":"https:\/\/www.digidreamer.fi\/kauppa\/wp-json\/wp\/v2\/media?parent=6780"}],"wp:term":[{"taxonomy":"product_brand","embeddable":true,"href":"https:\/\/www.digidreamer.fi\/kauppa\/wp-json\/wp\/v2\/product_brand?post=6780"},{"taxonomy":"product_cat","embeddable":true,"href":"https:\/\/www.digidreamer.fi\/kauppa\/wp-json\/wp\/v2\/product_cat?post=6780"},{"taxonomy":"product_tag","embeddable":true,"href":"https:\/\/www.digidreamer.fi\/kauppa\/wp-json\/wp\/v2\/product_tag?post=6780"}],"curies":[{"name":"wp","href":"https:\/\/api.w.org\/{rel}","templated":true}]}}