{"id":6636,"date":"2025-04-26T00:21:42","date_gmt":"2025-04-25T22:21:42","guid":{"rendered":"https:\/\/www.digidreamer.fi\/kauppa\/?post_type=product&#038;p=6636"},"modified":"2026-05-01T10:20:29","modified_gmt":"2026-05-01T07:20:29","slug":"kingston-microsdxc-canvas-go-plus-gen4-200mb-s-a2-u3-v30-card-adapter-muistikortti","status":"publish","type":"product","link":"https:\/\/www.digidreamer.fi\/kauppa\/tuote\/kingston-microsdxc-canvas-go-plus-gen4-200mb-s-a2-u3-v30-card-adapter-muistikortti\/","title":{"rendered":"KINGSTON microSDXC Canvas Go Plus Gen4 200MB\/s A2 U3 V30 Card + Adapter-muistikortti"},"content":{"rendered":"<p>Kingston Canvas Go Plus Gen4 \u2011muistikortti tarjoaa erinomaisen yhdistelm\u00e4n nopeutta, luotettavuutta ja monipuolisuutta. Suuret siirtonopeudet takaavat sulavan tallennuksen ja toiston, mik\u00e4 tekee kortista erinomaisen valinnan 4K\u2011videoille, valokuville ja sovelluksille. Kortin kest\u00e4v\u00e4 rakenne ja mukana tuleva SD\u2011adapteri varmistavat yhteensopivuuden sek\u00e4 microSD\u2011 ett\u00e4 SD\u2011paikkaa k\u00e4ytt\u00e4vien laitteiden kanssa. Luotettava muistikortti niin arkeen kuin vaativampaankin k\u00e4ytt\u00f6\u00f6n.<\/p>\n<p>Tekniset tiedot:<br \/>Malli: Kingston microSDXC Canvas Go Plus Gen4<br \/>Tallennuskapasiteetti: microSDXC (erikseen m\u00e4\u00e4ritelty kapasiteetti tuotekohtaisesti)<br \/>Nopeusluokitukset: A2, U3, V30<br \/>Lukunopeus: jopa 200 MB\/s<br \/>Kirjoitusnopeus: vastaava standardin mukainen (Gen4\u2011luokka)<br \/>Tiedostoj\u00e4rjestelm\u00e4: exFAT<br \/>Liit\u00e4nn\u00e4t: microSD + SD\u2011adapteri mukana<br \/>Soveltuu: \u00e4lypuhelimet, tabletit, action\u2011kamerat, dronet ja muut microSDXC\u2011yhteensopivat laitteet<br \/>Kest\u00e4vyys: suunniteltu toimimaan monenlaisissa k\u00e4ytt\u00f6olosuhteissa ja laitteissa<\/p>\n","protected":false},"excerpt":{"rendered":"<p>Valmistaja: KINGSTON<br \/>Valmistajan tuotekoodi: SDCG4\/64GB, SDCG4\/128GB, SDCG4\/256GB, SDCG4\/512GB, SDCG4\/1TB<br \/>Tuotenimike: KINGSTON microSDXC Canvas Go Plus Gen4 200MB\/s A2 U3 V30 Card + Adapter<br \/>EAN-koodi: 0740617347890, 0740617347944, 0740617347999, 0740617348040, 0740617348095<br \/>Valmistajan takuu: Rajoitettu elinik\u00e4inen<\/p>\n","protected":false},"featured_media":4665,"comment_status":"open","ping_status":"closed","template":"","meta":[],"product_brand":[638],"product_cat":[132],"product_tag":[],"class_list":{"0":"post-6636","1":"product","2":"type-product","3":"status-publish","6":"product_brand-kingston","7":"product_cat-tiedontallennus","8":"product_shipping_class-kirje","10":"first","11":"instock","12":"sale","13":"taxable","14":"shipping-taxable","15":"purchasable","16":"product-type-variable","17":"has-default-attributes"},"jetpack_sharing_enabled":true,"_links":{"self":[{"href":"https:\/\/www.digidreamer.fi\/kauppa\/wp-json\/wp\/v2\/product\/6636","targetHints":{"allow":["GET"]}}],"collection":[{"href":"https:\/\/www.digidreamer.fi\/kauppa\/wp-json\/wp\/v2\/product"}],"about":[{"href":"https:\/\/www.digidreamer.fi\/kauppa\/wp-json\/wp\/v2\/types\/product"}],"replies":[{"embeddable":true,"href":"https:\/\/www.digidreamer.fi\/kauppa\/wp-json\/wp\/v2\/comments?post=6636"}],"wp:featuredmedia":[{"embeddable":true,"href":"https:\/\/www.digidreamer.fi\/kauppa\/wp-json\/wp\/v2\/media\/4665"}],"wp:attachment":[{"href":"https:\/\/www.digidreamer.fi\/kauppa\/wp-json\/wp\/v2\/media?parent=6636"}],"wp:term":[{"taxonomy":"product_brand","embeddable":true,"href":"https:\/\/www.digidreamer.fi\/kauppa\/wp-json\/wp\/v2\/product_brand?post=6636"},{"taxonomy":"product_cat","embeddable":true,"href":"https:\/\/www.digidreamer.fi\/kauppa\/wp-json\/wp\/v2\/product_cat?post=6636"},{"taxonomy":"product_tag","embeddable":true,"href":"https:\/\/www.digidreamer.fi\/kauppa\/wp-json\/wp\/v2\/product_tag?post=6636"}],"curies":[{"name":"wp","href":"https:\/\/api.w.org\/{rel}","templated":true}]}}