{"id":6632,"date":"2025-04-26T01:21:42","date_gmt":"2025-04-25T22:21:42","guid":{"rendered":"https:\/\/www.digidreamer.fi\/kauppa\/?post_type=product&#038;p=6632"},"modified":"2026-05-01T09:43:52","modified_gmt":"2026-05-01T06:43:52","slug":"chieftec-task-certified-80plus-bronze-atx-virtalahde","status":"publish","type":"product","link":"https:\/\/www.digidreamer.fi\/kauppa\/tuote\/chieftec-task-certified-80plus-bronze-atx-virtalahde\/","title":{"rendered":"CHIEFTEC Task certified 80Plus Bronze ATX-virtal\u00e4hde"},"content":{"rendered":"<p>Laitteen tyyppi: Virtal\u00e4hde &#8211; Aktiivinen tehokertoimen korjaus (PFC) &#8211; sis\u00e4inen<br \/>Teknisten tietojen vaatimustenmukaisuus: ATX12V 2.3\/ EPS12V\/ PS\/2<br \/>PSU koko ja muoto: ATX<br \/>Tuloj\u00e4nnite: Vaihtovirta 100-240 V<br \/>Vaadittu taajuus: 47 &#8211; 63 Hz<br \/>Tehon l\u00e4ht\u00f6liittimien yksityiskohdat:<br \/>1 x virta 24 nastan ATX irrotettavalla 4 nastan osiolla<br \/>1 x virta 8 nastan EPS12V irrotettavalla 4 nastan ATX12V osiolla<br \/>6 x 15 pin Serial ATA power<br \/>2 x 8 pin PCI Express power with detachable 2 pin section<br \/>3 x 4-nastainen sis\u00e4inen virta<br \/>L\u00e4ht\u00f6j\u00e4nnite: +3.3, +5, \u00b112 V<br \/>Virtakapasiteetti: 600W, 700W<br \/>Output -virta:<br \/>+5V &#8211; 17 A<br \/>+3.3V &#8211; 19 A<br \/>+12V1 &#8211; 54 A<br \/>-12V &#8211; 0.3 A<br \/>+5VSB &#8211; 2.5 A<br \/>Tehokerroin (PF): 0.9<br \/>80 PLUS -sertifiointi: 80 PLUS Bronze<br \/>J\u00e4\u00e4hdytysj\u00e4rjestelm\u00e4: 120 mm tuuletin<br \/>Ominaisuudet: Ylikuumenemissuoja, ylij\u00e4nnitesuojaus, ylivirtasuoja, matalaj\u00e4nnitesuoja, oikosulkusuojaus, Automaattinen puhallinnopeuden s\u00e4\u00e4t\u00f6<br \/>Yhteensopivuusstandardit: CB, FCC, RoHS, WEEE, ERP, EAC, Interseroh, TUV Rheinland<br \/>Paino: 1.74 kg<br \/>L\u00e4hetyspaino: 2.15 kg<\/p>\n","protected":false},"excerpt":{"rendered":"<p>Valmistaja: CHIEFTEC<br \/>Valmistajan tuotekoodi: TPS-600S, TPS-700S<br \/>Tuotenimike: CHIEFTEC Task certified 80Plus Bronze ATX 12V 2.3 Active CFP 0.9 65cm cable length<br \/>EAN-koodi: 0753263076496, 0753263076502<br \/>Valmistajan takuu: 2 vuotta<\/p>\n","protected":false},"featured_media":4651,"comment_status":"open","ping_status":"closed","template":"","meta":[],"product_brand":[626],"product_cat":[105],"product_tag":[],"class_list":{"0":"post-6632","1":"product","2":"type-product","3":"status-publish","6":"product_brand-chieftec","7":"product_cat-virtalahteet","8":"product_shipping_class-keski","10":"first","11":"instock","12":"sale","13":"taxable","14":"shipping-taxable","15":"purchasable","16":"product-type-variable","17":"has-default-attributes"},"jetpack_sharing_enabled":true,"_links":{"self":[{"href":"https:\/\/www.digidreamer.fi\/kauppa\/wp-json\/wp\/v2\/product\/6632","targetHints":{"allow":["GET"]}}],"collection":[{"href":"https:\/\/www.digidreamer.fi\/kauppa\/wp-json\/wp\/v2\/product"}],"about":[{"href":"https:\/\/www.digidreamer.fi\/kauppa\/wp-json\/wp\/v2\/types\/product"}],"replies":[{"embeddable":true,"href":"https:\/\/www.digidreamer.fi\/kauppa\/wp-json\/wp\/v2\/comments?post=6632"}],"wp:featuredmedia":[{"embeddable":true,"href":"https:\/\/www.digidreamer.fi\/kauppa\/wp-json\/wp\/v2\/media\/4651"}],"wp:attachment":[{"href":"https:\/\/www.digidreamer.fi\/kauppa\/wp-json\/wp\/v2\/media?parent=6632"}],"wp:term":[{"taxonomy":"product_brand","embeddable":true,"href":"https:\/\/www.digidreamer.fi\/kauppa\/wp-json\/wp\/v2\/product_brand?post=6632"},{"taxonomy":"product_cat","embeddable":true,"href":"https:\/\/www.digidreamer.fi\/kauppa\/wp-json\/wp\/v2\/product_cat?post=6632"},{"taxonomy":"product_tag","embeddable":true,"href":"https:\/\/www.digidreamer.fi\/kauppa\/wp-json\/wp\/v2\/product_tag?post=6632"}],"curies":[{"name":"wp","href":"https:\/\/api.w.org\/{rel}","templated":true}]}}