{"id":6631,"date":"2025-04-26T00:21:42","date_gmt":"2025-04-25T22:21:42","guid":{"rendered":"https:\/\/www.digidreamer.fi\/kauppa\/?post_type=product&#038;p=6631"},"modified":"2026-05-01T10:15:28","modified_gmt":"2026-05-01T07:15:28","slug":"amd-ryzen-7-9800x3d-5-2ghz-am5-8c-16t-120w-104mb-tray-prosessori","status":"publish","type":"product","link":"https:\/\/www.digidreamer.fi\/kauppa\/tuote\/amd-ryzen-7-9800x3d-5-2ghz-am5-8c-16t-120w-104mb-tray-prosessori\/","title":{"rendered":"AMD Ryzen 7 9800X3D 5.2GHZ AM5 8C\/16T 120W 104MB TRAY-prosessori"},"content":{"rendered":"<p>AMD Ryzen 7 9800X3D on huippuluokan 8-ytiminen prosessori, joka tarjoaa 16 s\u00e4iett\u00e4 ja eritt\u00e4in korkean suorituskyvyn niin pelaamiseen kuin vaativaan luovaan ty\u00f6h\u00f6n.<br \/>5,2\u202fGHz:n boost-kellotaajuus takaa nopean ja sulavan moniajon ja sovellusten k\u00e4yt\u00f6n.<br \/>104\u202fMB:n suuri v\u00e4limuisti (L2+L3) parantaa peli- ja ohjelmistosuorituskyky\u00e4 huomattavasti.<br \/>AM5-kanta ja moderni 7\u202fnm-arkkitehtuuri tarjoavat yhteensopivuuden uusimpien emolevyjen ja DDR5-muistin kanssa.<br \/>T\u00e4m\u00e4 TRAY-versio sopii suoraan kokoonpanoon ilman mukana toimitettavaa j\u00e4\u00e4hdytint\u00e4, jolloin voit valita oman j\u00e4\u00e4hdytysratkaisusi.<\/p>\n<p>Tyyppi \/ Koko tai muoto: AMD Ryzen 7 9800X3D<br \/>Ydinten m\u00e4\u00e4r\u00e4: 8-ydin<br \/>S\u00e4ikeiden m\u00e4\u00e4r\u00e4: 16 s\u00e4iett\u00e4<br \/>V\u00e4limuisti: 96 Mt<br \/>Cache-muistin tiedot:<br \/>L3 &#8211; 96 Mt<br \/>L2 &#8211; 8 MB<br \/>L1 &#8211; 640 Kt<br \/>Suorittimien m\u00e4\u00e4r\u00e4: 1<br \/>Kellotaajuus: 4.7 GHz<br \/>Max. turbonopeus: 5.2 GHz<br \/>Yhteensopiva suoritinkanta: Socket AM5<br \/>Tuotantoprosessi: 4 nm<br \/>Thermal Design Power: 120 W<br \/>L\u00e4mp\u00f6tiedot: 95 \u00b0C<br \/>PCI Express -versio: 5.0<br \/>PCI Express Revision-kaistojen m\u00e4\u00e4r\u00e4: 28<br \/>Arkkitehtuuriset ominaisuudet: AMD 3D V-Cache 2nd gen technology, &#8220;Zen 5&#8221; -ydinarkkitehtuuri, AMD EXPO Technology, AMD Ryzen Master Utility, AMD Precision Boost 2 -tekniikka<br \/>N\u00e4yt\u00f6nohjain: Radeon Graphics<br \/>Perustaajuus: 2200 MHz<br \/>Pakkaustyyppi: OEM\/alusta<\/p>\n","protected":false},"excerpt":{"rendered":"<p>Valmistaja: AMD<br \/>Valmistajan tuotekoodi: 100-000001084<br \/>Tuotenimike: AMD Ryzen 7 9800X3D 5.2GHZ AM5 8C\/16T 120W 104MB TRAY<br \/>Kuvaus: AMD Ryzen 7 9800X3D &#8211; 4.7 GHz &#8211; 8-ydin &#8211; 16 s\u00e4iett\u00e4 &#8211; 96 Mt cache &#8211; Socket AM5 &#8211; OEM<br \/>EAN-koodi: 0000473679710<br \/>Valmistajan takuu: 3 vuotta<\/p>\n","protected":false},"featured_media":2120,"comment_status":"open","ping_status":"closed","template":"","meta":[],"product_brand":[646],"product_cat":[97],"product_tag":[],"class_list":{"0":"post-6631","1":"product","2":"type-product","3":"status-publish","6":"product_brand-amd","7":"product_cat-amd-am5","8":"product_shipping_class-pieni","10":"first","11":"instock","12":"sale","13":"taxable","14":"shipping-taxable","15":"purchasable","16":"product-type-simple"},"jetpack_sharing_enabled":true,"_links":{"self":[{"href":"https:\/\/www.digidreamer.fi\/kauppa\/wp-json\/wp\/v2\/product\/6631","targetHints":{"allow":["GET"]}}],"collection":[{"href":"https:\/\/www.digidreamer.fi\/kauppa\/wp-json\/wp\/v2\/product"}],"about":[{"href":"https:\/\/www.digidreamer.fi\/kauppa\/wp-json\/wp\/v2\/types\/product"}],"replies":[{"embeddable":true,"href":"https:\/\/www.digidreamer.fi\/kauppa\/wp-json\/wp\/v2\/comments?post=6631"}],"wp:featuredmedia":[{"embeddable":true,"href":"https:\/\/www.digidreamer.fi\/kauppa\/wp-json\/wp\/v2\/media\/2120"}],"wp:attachment":[{"href":"https:\/\/www.digidreamer.fi\/kauppa\/wp-json\/wp\/v2\/media?parent=6631"}],"wp:term":[{"taxonomy":"product_brand","embeddable":true,"href":"https:\/\/www.digidreamer.fi\/kauppa\/wp-json\/wp\/v2\/product_brand?post=6631"},{"taxonomy":"product_cat","embeddable":true,"href":"https:\/\/www.digidreamer.fi\/kauppa\/wp-json\/wp\/v2\/product_cat?post=6631"},{"taxonomy":"product_tag","embeddable":true,"href":"https:\/\/www.digidreamer.fi\/kauppa\/wp-json\/wp\/v2\/product_tag?post=6631"}],"curies":[{"name":"wp","href":"https:\/\/api.w.org\/{rel}","templated":true}]}}