{"id":6616,"date":"2025-04-26T00:21:31","date_gmt":"2025-04-25T22:21:31","guid":{"rendered":"https:\/\/www.digidreamer.fi\/kauppa\/?post_type=product&#038;p=6616"},"modified":"2026-04-21T11:35:17","modified_gmt":"2026-04-21T08:35:17","slug":"msi-mag-pcie5-ii-gold-power-supply-virtalahde","status":"publish","type":"product","link":"https:\/\/www.digidreamer.fi\/kauppa\/tuote\/msi-mag-pcie5-ii-gold-power-supply-virtalahde\/","title":{"rendered":"MSI MAG PCIE5 II GOLD POWER SUPPLY-virtal\u00e4hde"},"content":{"rendered":"<p>MSI MAG PCIE5 II GOLD on tehokas ja luotettava virtal\u00e4hde, joka takaa vakauden ja optimaalisen suorituskyvyn nykyaikaisille PC-j\u00e4rjestelmille. Se tukee PCIe 5.0 -laitteita ja tarjoaa korkean 80 PLUS Gold -hy\u00f6tysuhteen energians\u00e4\u00e4st\u00f6\u00f6n ja v\u00e4h\u00e4iseen l\u00e4mm\u00f6ntuotantoon.<\/p>\n<p>Tekniset tiedot:<br \/>Teho: (valitse teholuokka, esim. 850W)<br \/>80 PLUS: Gold<br \/>Liit\u00e4nn\u00e4t: PCIe 5.0 -valmius, ATX 3.0 yhteensopiva<br \/>Modulaarisuus: T\u00e4ysin modulaarinen<br \/>Suojaukset: OCP, OVP, SCP, OTP, UVP, Surge Protection<br \/>Tuulettimen koko: (esim. 120 mm, PWM)<br \/>Mitat: (esim. 150 x 140 x 86 mm)<br \/>Yhteensopivuus: ATX 3.0 kotelot, uudet PCIe 5.0 -n\u00e4yt\u00f6nohjaimet<\/p>\n","protected":false},"excerpt":{"rendered":"<p>Valmistaja: MSI<br \/>Valmistajan tuotekoodi: MAG A750GL PCIE5 II, MAG A850GL PCIE5 II<br \/>Tuotenimike: MSI MAG PCIE5 II GOLD POWER SUPPLY<br \/>EAN-koodi: 4711377246705, 4711377246682<br \/>Valmistajan takuu: 5 vuotta<\/p>\n","protected":false},"featured_media":4605,"comment_status":"open","ping_status":"closed","template":"","meta":[],"product_brand":[641],"product_cat":[105],"product_tag":[],"class_list":{"0":"post-6616","1":"product","2":"type-product","3":"status-publish","6":"product_brand-msi","7":"product_cat-virtalahteet","8":"product_shipping_class-keski","10":"first","11":"onbackorder","12":"sale","13":"taxable","14":"shipping-taxable","15":"purchasable","16":"product-type-variable","17":"has-default-attributes"},"jetpack_sharing_enabled":true,"_links":{"self":[{"href":"https:\/\/www.digidreamer.fi\/kauppa\/wp-json\/wp\/v2\/product\/6616","targetHints":{"allow":["GET"]}}],"collection":[{"href":"https:\/\/www.digidreamer.fi\/kauppa\/wp-json\/wp\/v2\/product"}],"about":[{"href":"https:\/\/www.digidreamer.fi\/kauppa\/wp-json\/wp\/v2\/types\/product"}],"replies":[{"embeddable":true,"href":"https:\/\/www.digidreamer.fi\/kauppa\/wp-json\/wp\/v2\/comments?post=6616"}],"wp:featuredmedia":[{"embeddable":true,"href":"https:\/\/www.digidreamer.fi\/kauppa\/wp-json\/wp\/v2\/media\/4605"}],"wp:attachment":[{"href":"https:\/\/www.digidreamer.fi\/kauppa\/wp-json\/wp\/v2\/media?parent=6616"}],"wp:term":[{"taxonomy":"product_brand","embeddable":true,"href":"https:\/\/www.digidreamer.fi\/kauppa\/wp-json\/wp\/v2\/product_brand?post=6616"},{"taxonomy":"product_cat","embeddable":true,"href":"https:\/\/www.digidreamer.fi\/kauppa\/wp-json\/wp\/v2\/product_cat?post=6616"},{"taxonomy":"product_tag","embeddable":true,"href":"https:\/\/www.digidreamer.fi\/kauppa\/wp-json\/wp\/v2\/product_tag?post=6616"}],"curies":[{"name":"wp","href":"https:\/\/api.w.org\/{rel}","templated":true}]}}