{"id":6138,"date":"2025-04-26T01:17:28","date_gmt":"2025-04-25T22:17:28","guid":{"rendered":"https:\/\/www.digidreamer.fi\/kauppa\/?post_type=product&#038;p=6138"},"modified":"2026-05-01T09:39:55","modified_gmt":"2026-05-01T06:39:55","slug":"kingston-ssdnow-a400-sata3-6gb-s-2-5-kovalevy","status":"publish","type":"product","link":"https:\/\/www.digidreamer.fi\/kauppa\/tuote\/kingston-ssdnow-a400-sata3-6gb-s-2-5-kovalevy\/","title":{"rendered":"KINGSTON SSDNow A400 SATA3 6Gb\/s 2.5&#8243;-kovalevy"},"content":{"rendered":"<p>Laitteen tyyppi: SSD-levy &#8211; sis\u00e4inen<br \/>Muistin koko: 240 GB, 480 GB, 960 GB<br \/>NAND flash-muistityyppi: Triple-level cell (TLC)<br \/>Koko tai muoto: 2.5&#8243;<br \/>Liit\u00e4nt\u00e4: SATA 6Gb\/s<br \/>Leveys: 69.9 mm<br \/>Syvyys: 100 mm<br \/>Korkeus: 7 mm<br \/>Paino: 41 g<br \/>Aseman siirtonopeus: 600 MBps (ulkoinen)<br \/>Sis\u00e4inen tiedonsiirtonopeus: 500 MBps (luku) \/ 350 &#8211; 450 MBps (kirjoitus)<br \/>Keskim\u00e4\u00e4r\u00e4inen vikav\u00e4li (MTBF): 1,000,000 tuntia<br \/>Liit\u00e4nn\u00e4t: 1 x SATA 6 Gb\/s &#8211; 7 pin Serial ATA<br \/>Yhteensopiva paikka: 2.5&#8243;<br \/>Virrankulutus:<br \/>0.195 watti(a) (joutok\u00e4ynnill\u00e4)<br \/>0.279 watti(a) (keskim\u00e4\u00e4r\u00e4)<br \/>0.642 watti(a) (luku)<br \/>1.535 watti(a) (kirjoitus)<br \/>Yhteensopivuusstandardit: SGS, ISO 9001<\/p>\n","protected":false},"excerpt":{"rendered":"<p>Valmistaja: KINGSTON<br \/>Valmistajan tuotekoodi: SA400S37\/240G, SA400S37\/480G, SA400S37\/960G<br \/>Tuotenimike: KINGSTON SSDNow A400 SATA3 6Gb\/s 2.5inch 7mm height \/ up to 500MB\/s Read and 350MB\/s Write<br \/>Kuvaus: Kingston A400 &#8211; SSD &#8211; sis\u00e4inen &#8211; 2.5&#8243; &#8211; SATA 6Gb\/s<br \/>EAN-koodi: 0740617261219, 0740617263442, 0740617277357<br \/>Valmistajan takuu: 3 vuotta<\/p>\n","protected":false},"featured_media":3102,"comment_status":"open","ping_status":"closed","template":"","meta":[],"product_brand":[638],"product_cat":[703],"product_tag":[],"class_list":{"0":"post-6138","1":"product","2":"type-product","3":"status-publish","6":"product_brand-kingston","7":"product_cat-2-5-sata-ssd","8":"product_shipping_class-kirje","10":"first","11":"instock","12":"sale","13":"taxable","14":"shipping-taxable","15":"purchasable","16":"product-type-variable","17":"has-default-attributes"},"jetpack_sharing_enabled":true,"_links":{"self":[{"href":"https:\/\/www.digidreamer.fi\/kauppa\/wp-json\/wp\/v2\/product\/6138","targetHints":{"allow":["GET"]}}],"collection":[{"href":"https:\/\/www.digidreamer.fi\/kauppa\/wp-json\/wp\/v2\/product"}],"about":[{"href":"https:\/\/www.digidreamer.fi\/kauppa\/wp-json\/wp\/v2\/types\/product"}],"replies":[{"embeddable":true,"href":"https:\/\/www.digidreamer.fi\/kauppa\/wp-json\/wp\/v2\/comments?post=6138"}],"wp:featuredmedia":[{"embeddable":true,"href":"https:\/\/www.digidreamer.fi\/kauppa\/wp-json\/wp\/v2\/media\/3102"}],"wp:attachment":[{"href":"https:\/\/www.digidreamer.fi\/kauppa\/wp-json\/wp\/v2\/media?parent=6138"}],"wp:term":[{"taxonomy":"product_brand","embeddable":true,"href":"https:\/\/www.digidreamer.fi\/kauppa\/wp-json\/wp\/v2\/product_brand?post=6138"},{"taxonomy":"product_cat","embeddable":true,"href":"https:\/\/www.digidreamer.fi\/kauppa\/wp-json\/wp\/v2\/product_cat?post=6138"},{"taxonomy":"product_tag","embeddable":true,"href":"https:\/\/www.digidreamer.fi\/kauppa\/wp-json\/wp\/v2\/product_tag?post=6138"}],"curies":[{"name":"wp","href":"https:\/\/api.w.org\/{rel}","templated":true}]}}