{"id":6117,"date":"2025-04-26T01:17:24","date_gmt":"2025-04-25T22:17:24","guid":{"rendered":"https:\/\/www.digidreamer.fi\/kauppa\/?post_type=product&#038;p=6117"},"modified":"2026-05-01T10:04:40","modified_gmt":"2026-05-01T07:04:40","slug":"corsair-cx-series-psu-80-plus-bronze-virtalahde","status":"publish","type":"product","link":"https:\/\/www.digidreamer.fi\/kauppa\/tuote\/corsair-cx-series-psu-80-plus-bronze-virtalahde\/","title":{"rendered":"CORSAIR CX Series PSU 80 PLUS Bronze-virtal\u00e4hde"},"content":{"rendered":"<p>Laitteen tyyppi: Virtal\u00e4hde &#8211; sis\u00e4inen<br \/>Teknisten tietojen vaatimustenmukaisuus: ATX<br \/>PSU koko ja muoto: ATX<br \/>Lokalisointi: Eurooppa<br \/>Tehon l\u00e4ht\u00f6liittimien yksityiskohdat 550W:<br \/>1 x virta 24-nastainen ATX<br \/>1 x virta 8 nastan EPS12V irrotettavalla 4 nastan ATX12V osiolla<br \/>1 x 8 pin PCI Express power with detachable 2 pin section<br \/>2 x Parallel ATA<br \/>3 x 15 pin Serial ATA power<br \/>Tehon l\u00e4ht\u00f6liittimien yksityiskohdat 650W ja 750W:<br \/>1 x virta 24 nastan ATX irrotettavalla 4 nastan osiolla<br \/>1 x virta 8 nastan EPS12V irrotettavalla 4 nastan ATX12V osiolla<br \/>2 x 8 pin PCI Express power with detachable 2 pin section<br \/>2 x 4-nastainen sis\u00e4inen virta<br \/>3 x 15 pin Serial ATA power<br \/>Virtakapasiteetti: 550 wattia, 650 wattia, 750 wattia<br \/>80 PLUS -sertifiointi: 80 PLUS Bronze<br \/>J\u00e4\u00e4hdytysj\u00e4rjestelm\u00e4: 120 mm tuuletin<br \/>Huolto ja tuki: Rajoitettu takuu &#8211; 5 vuotta<br \/>Leveys: 12.5 cm<br \/>Syvyys: 15 cm<\/p>\n","protected":false},"excerpt":{"rendered":"<p>Valmistaja: CORSAIR<br \/>Valmistajan tuotekoodi: CP-9020277-EU, CP-9020278-EU, CP-9020279-EU<br \/>Tuotenimike: CORSAIR CX Series CX550 PSU 550 Watt 80 PLUS Bronze<br \/>Kuvaus: CORSAIR CX Series CX550 &#8211; Virtal\u00e4hde (sis\u00e4inen) &#8211; ATX &#8211; 80 PLUS Bronze &#8211; 550 watti(a) &#8211; Eurooppa<br \/>EAN-koodi: 0840006670773, 0840006670896, 0840006671015<br \/>Valmistajan takuu: 5 vuotta<\/p>\n","protected":false},"featured_media":3076,"comment_status":"open","ping_status":"closed","template":"","meta":[],"product_brand":[639],"product_cat":[105],"product_tag":[],"class_list":{"0":"post-6117","1":"product","2":"type-product","3":"status-publish","6":"product_brand-corsair","7":"product_cat-virtalahteet","8":"product_shipping_class-keski","10":"first","11":"instock","12":"sale","13":"taxable","14":"shipping-taxable","15":"purchasable","16":"product-type-variable","17":"has-default-attributes"},"jetpack_sharing_enabled":true,"_links":{"self":[{"href":"https:\/\/www.digidreamer.fi\/kauppa\/wp-json\/wp\/v2\/product\/6117","targetHints":{"allow":["GET"]}}],"collection":[{"href":"https:\/\/www.digidreamer.fi\/kauppa\/wp-json\/wp\/v2\/product"}],"about":[{"href":"https:\/\/www.digidreamer.fi\/kauppa\/wp-json\/wp\/v2\/types\/product"}],"replies":[{"embeddable":true,"href":"https:\/\/www.digidreamer.fi\/kauppa\/wp-json\/wp\/v2\/comments?post=6117"}],"wp:featuredmedia":[{"embeddable":true,"href":"https:\/\/www.digidreamer.fi\/kauppa\/wp-json\/wp\/v2\/media\/3076"}],"wp:attachment":[{"href":"https:\/\/www.digidreamer.fi\/kauppa\/wp-json\/wp\/v2\/media?parent=6117"}],"wp:term":[{"taxonomy":"product_brand","embeddable":true,"href":"https:\/\/www.digidreamer.fi\/kauppa\/wp-json\/wp\/v2\/product_brand?post=6117"},{"taxonomy":"product_cat","embeddable":true,"href":"https:\/\/www.digidreamer.fi\/kauppa\/wp-json\/wp\/v2\/product_cat?post=6117"},{"taxonomy":"product_tag","embeddable":true,"href":"https:\/\/www.digidreamer.fi\/kauppa\/wp-json\/wp\/v2\/product_tag?post=6117"}],"curies":[{"name":"wp","href":"https:\/\/api.w.org\/{rel}","templated":true}]}}