{"id":5978,"date":"2025-04-26T00:15:49","date_gmt":"2025-04-25T22:15:49","guid":{"rendered":"https:\/\/www.digidreamer.fi\/kauppa\/?post_type=product&#038;p=5978"},"modified":"2026-05-01T10:27:33","modified_gmt":"2026-05-01T07:27:33","slug":"corsair-vengeance-rgb-64gb-2x32gb-ddr5-6000mhz-cl40-50-50-96-keskusmuisti","status":"publish","type":"product","link":"https:\/\/www.digidreamer.fi\/kauppa\/tuote\/corsair-vengeance-rgb-64gb-2x32gb-ddr5-6000mhz-cl40-50-50-96-keskusmuisti\/","title":{"rendered":"CORSAIR VENGEANCE RGB 64GB 2x32GB DDR5 6000MHz CL40-50-50-96-keskusmuisti"},"content":{"rendered":"<p>Corsair VENGEANCE RGB 64\u202fGB DDR5 -muistilla saat tehokkaan ja tyylikk\u00e4\u00e4n p\u00e4ivityksen huippuluokan PC\u2011rakennukseen. 6000\u202fMHz taajuus ja CL40\u2011latenssi tarjoavat nopean reagoinnin ja sujuvan moniajon vaativissa sovelluksissa ja peleiss\u00e4. RGB\u2011valaistus tuo n\u00e4ytt\u00e4v\u00e4n visuaalisen ilmeen koteloosi, ja Dual\u2011Channel\u2011paketti tarjoaa maksimaalisen suorituskyvyn. Erinomainen valinta pelaajille, sis\u00e4ll\u00f6ntuottajille ja teho\u2011PC\u2011k\u00e4ytt\u00e4jille.<\/p>\n<p>Tekniset tiedot<br \/>Tyyppi: DDR5 DIMM<br \/>Muistikapasiteetti: 64\u202fGB (2 \u00d7 32\u202fGB)<br \/>Taajuus: 6000\u202fMHz \/ PC5\u201148000<br \/>CAS\u2011latenssi: CL40 (40\u201150\u201150\u201196)<br \/>J\u00e4nnite: 1,35\u202fV<br \/>Muoto: 288\u2011pin UDIMM<br \/>RGB: mukautettava valaistus<br \/>Profiilit: Intel XMP &amp; AMD EXPO tukee automaattista optimointia<br \/>Yhteensopivuus: DDR5\u2011yhteensopivat emolevyt<br \/>Soveltuu: pelaamiseen, luovaan ty\u00f6skentelyyn ja moniajoon<\/p>\n","protected":false},"excerpt":{"rendered":"<p>Valmistaja: CORSAIR<br \/>Valmistajan tuotekoodi: CMH64GX5M2D6000Z40<br \/>Tuotenimike: CORSAIR VENGEANCE RGB 64GB 2x32GB DDR5 6000MT\/s CL40-50-50-96 1.35V Intel XMP &amp; AMD EXPO &#8211; GREY<br \/>EAN-koodi: 0840440417026<br \/>Valmistajan takuu: Rajoitettu elinik\u00e4inen<\/p>\n","protected":false},"featured_media":11364,"comment_status":"open","ping_status":"closed","template":"","meta":[],"product_brand":[639],"product_cat":[698],"product_tag":[247,245,256,246,253,248,252,153,262,261,263,249,190,257,259,264,265,258,260,250,255,251,254],"class_list":{"0":"post-5978","1":"product","2":"type-product","3":"status-publish","6":"product_brand-corsair","7":"product_cat-ddr5","8":"product_tag-kone","9":"product_tag-koti","10":"product_tag-koti-pc","11":"product_tag-kotikone","12":"product_tag-kotipc","13":"product_tag-kotitietokone","14":"product_tag-pc","15":"product_tag-pelaaminen","16":"product_tag-peli-pc","17":"product_tag-pelikone","18":"product_tag-pelipc","19":"product_tag-tieto","20":"product_tag-tietokone","21":"product_tag-tietokone-kotiin","22":"product_tag-tietokone-kotikayttoon","23":"product_tag-tietokone-pelaamiseen","24":"product_tag-tietokone-pelikayttoon","25":"product_tag-tietokone-yritykselle","26":"product_tag-tietokone-yrityskayttoon","27":"product_tag-yritys","28":"product_tag-yritys-pc","29":"product_tag-yrityskone","30":"product_tag-yrityspc","32":"first","33":"instock","34":"sale","35":"taxable","36":"shipping-taxable","37":"purchasable","38":"product-type-simple"},"jetpack_sharing_enabled":true,"_links":{"self":[{"href":"https:\/\/www.digidreamer.fi\/kauppa\/wp-json\/wp\/v2\/product\/5978","targetHints":{"allow":["GET"]}}],"collection":[{"href":"https:\/\/www.digidreamer.fi\/kauppa\/wp-json\/wp\/v2\/product"}],"about":[{"href":"https:\/\/www.digidreamer.fi\/kauppa\/wp-json\/wp\/v2\/types\/product"}],"replies":[{"embeddable":true,"href":"https:\/\/www.digidreamer.fi\/kauppa\/wp-json\/wp\/v2\/comments?post=5978"}],"wp:featuredmedia":[{"embeddable":true,"href":"https:\/\/www.digidreamer.fi\/kauppa\/wp-json\/wp\/v2\/media\/11364"}],"wp:attachment":[{"href":"https:\/\/www.digidreamer.fi\/kauppa\/wp-json\/wp\/v2\/media?parent=5978"}],"wp:term":[{"taxonomy":"product_brand","embeddable":true,"href":"https:\/\/www.digidreamer.fi\/kauppa\/wp-json\/wp\/v2\/product_brand?post=5978"},{"taxonomy":"product_cat","embeddable":true,"href":"https:\/\/www.digidreamer.fi\/kauppa\/wp-json\/wp\/v2\/product_cat?post=5978"},{"taxonomy":"product_tag","embeddable":true,"href":"https:\/\/www.digidreamer.fi\/kauppa\/wp-json\/wp\/v2\/product_tag?post=5978"}],"curies":[{"name":"wp","href":"https:\/\/api.w.org\/{rel}","templated":true}]}}