{"id":5943,"date":"2025-04-26T01:15:28","date_gmt":"2025-04-25T22:15:28","guid":{"rendered":"https:\/\/www.digidreamer.fi\/kauppa\/?post_type=product&#038;p=5943"},"modified":"2026-05-01T10:09:35","modified_gmt":"2026-05-01T07:09:35","slug":"kingston-6000mhz-ddr5-cl30-dimm-kit-of-2-fury-beast-black-expo-keskusmuisti","status":"publish","type":"product","link":"https:\/\/www.digidreamer.fi\/kauppa\/tuote\/kingston-6000mhz-ddr5-cl30-dimm-kit-of-2-fury-beast-black-expo-keskusmuisti\/","title":{"rendered":"Kingston FURY Beast DDR5 6000MHz CL30 DIMM Kit \u2013 Black, AMD EXPO \/ Intel XMP, Hynix A-die"},"content":{"rendered":"<p>Kingston FURY Beast DDR5 6000MHz CL30 on korkean suorituskyvyn muistipaketti, joka on suunniteltu moderneihin high-end PC-rakennuksiin.<br \/>6000MHz taajuus yhdistettyn\u00e4 CL30-latenssiin tekee t\u00e4st\u00e4 yhden DDR5-markkinan \u201csweet spot\u201d -ratkaisuista, jossa yhdistyy korkea kaistanleveys ja matala viive. T\u00e4m\u00e4 parantaa erityisesti pelisuorituskyky\u00e4 ja CPU-riippuvaisia ty\u00f6kuormia.<br \/>Muistimoduulit perustuvat tyypillisesti Hynix A-die -piireihin, jotka tunnetaan erinomaisesta ylikellotuspotentiaalista ja vakaudesta suurilla taajuuksilla. EXPO- ja XMP-profiilit mahdollistavat helpon k\u00e4ytt\u00f6\u00f6noton ilman manuaalista s\u00e4\u00e4t\u00f6\u00e4.<br \/>T\u00e4m\u00e4 muistipaketti soveltuu erityisesti:<br \/>AAA-pelaamiseen ja high refresh gaming -kokoonpanoihin<br \/>3D-render\u00f6intiin ja CAD-ty\u00f6h\u00f6n<br \/>videoeditointiin (4K \/ 8K)<br \/>virtuaalikoneisiin ja kehitysymp\u00e4rist\u00f6ihin<br \/>raskaisiin multitasking-ty\u00f6asemiin<\/p>\n<p><img decoding=\"async\" role=\"img\" class=\"emoji\" src=\"https:\/\/s.w.org\/images\/core\/emoji\/17.0.2\/svg\/1f537.svg\" alt=\"\ud83d\udd37\"> Tekniset tiedot<br \/><strong>Yleist\u00e4<\/strong><br \/>Valmistaja: Kingston<br \/>Sarja: FURY Beast<br \/>Tyyppi: DDR5 UDIMM<br \/>V\u00e4ri: musta (low profile heatspreader)<br \/><strong>Suorituskyky<\/strong><br \/>Nopeus: 6000 MT\/s<br \/>Latenssi: CL30-36-36 (EXPO\/XMP profiili)<br \/>J\u00e4nnite: 1.4V<br \/>PC-luokitus: PC5-48000<br \/><strong>Yhteensopivuus<\/strong><br \/>AMD EXPO 1.0<br \/>Intel XMP 3.0<br \/>AMD AM5 \/ Intel LGA 1700 \/ uudemmat DDR5-alustat<br \/><strong>Rakenne<\/strong><br \/>288-pin DIMM<br \/>Dual-channel kit<br \/>Alumiininen heatspreader (musta)<br \/>Ei RGB<br \/><strong>Ominaisuudet<\/strong><br \/>On-die ECC (parantaa vakautta)<br \/>Optimoitu Hynix A-die -piireille (yleinen t\u00e4ss\u00e4 SKU:ssa)<br \/>Helppo BIOS-aktivointi EXPO\/XMP-profiililla<br \/>Korkea vakaus my\u00f6s raskaissa kuormissa<br \/><strong>Takuu<\/strong><br \/>Rajoitettu elinik\u00e4inen takuu (Kingston)<\/p>\n","protected":false},"excerpt":{"rendered":"<p>Kingston FURY Beast DDR5 6000MHz CL30 on huippunopea ja matalalatenssinen muistipaketti vaativaan k\u00e4ytt\u00f6\u00f6n. Tukee AMD EXPO- ja Intel XMP 3.0 -profiileja, tarjoten erinomaisen suorituskyvyn pelaamiseen, sis\u00e4ll\u00f6ntuotantoon ja workstation-k\u00e4ytt\u00f6\u00f6n.<\/p>\n<p>Valmistaja: KINGSTON<br \/>Valmistajan tuotekoodi: KF560C30BBEK2-16, KF560C30BBEK2-32, KF560C30BBEK2-64<br \/>Tuotenimike: KINGSTON 6000MT\/s DDR5 CL30 DIMM Kit of 2 FURY Beast Black EXPO<br \/>Kuvaus: Kingston FURY Beast &#8211; DDR5 &#8211; pakkaus &#8211; DIMM 288 nastaa &#8211; 6000 MHz \/ PC5-48000 &#8211; CL30 &#8211; 1.4 V &#8211; puskuroimaton &#8211; on-die ECC &#8211; musta<br \/>EAN-koodi: 0740617343427, 0740617342994, 0740617343403<br \/>Takuu: Rajoitettu elinik\u00e4inen<\/p>\n","protected":false},"featured_media":2275,"comment_status":"open","ping_status":"closed","template":"","meta":[],"product_brand":[638],"product_cat":[698],"product_tag":[],"class_list":{"0":"post-5943","1":"product","2":"type-product","3":"status-publish","6":"product_brand-kingston","7":"product_cat-ddr5","8":"product_shipping_class-kirje","10":"first","11":"instock","12":"sale","13":"taxable","14":"shipping-taxable","15":"purchasable","16":"product-type-variable","17":"has-default-attributes"},"jetpack_sharing_enabled":true,"_links":{"self":[{"href":"https:\/\/www.digidreamer.fi\/kauppa\/wp-json\/wp\/v2\/product\/5943","targetHints":{"allow":["GET"]}}],"collection":[{"href":"https:\/\/www.digidreamer.fi\/kauppa\/wp-json\/wp\/v2\/product"}],"about":[{"href":"https:\/\/www.digidreamer.fi\/kauppa\/wp-json\/wp\/v2\/types\/product"}],"replies":[{"embeddable":true,"href":"https:\/\/www.digidreamer.fi\/kauppa\/wp-json\/wp\/v2\/comments?post=5943"}],"wp:featuredmedia":[{"embeddable":true,"href":"https:\/\/www.digidreamer.fi\/kauppa\/wp-json\/wp\/v2\/media\/2275"}],"wp:attachment":[{"href":"https:\/\/www.digidreamer.fi\/kauppa\/wp-json\/wp\/v2\/media?parent=5943"}],"wp:term":[{"taxonomy":"product_brand","embeddable":true,"href":"https:\/\/www.digidreamer.fi\/kauppa\/wp-json\/wp\/v2\/product_brand?post=5943"},{"taxonomy":"product_cat","embeddable":true,"href":"https:\/\/www.digidreamer.fi\/kauppa\/wp-json\/wp\/v2\/product_cat?post=5943"},{"taxonomy":"product_tag","embeddable":true,"href":"https:\/\/www.digidreamer.fi\/kauppa\/wp-json\/wp\/v2\/product_tag?post=5943"}],"curies":[{"name":"wp","href":"https:\/\/api.w.org\/{rel}","templated":true}]}}