{"id":5940,"date":"2025-04-26T00:15:28","date_gmt":"2025-04-25T22:15:28","guid":{"rendered":"https:\/\/www.digidreamer.fi\/kauppa\/?post_type=product&#038;p=5940"},"modified":"2026-05-01T10:09:36","modified_gmt":"2026-05-01T07:09:36","slug":"kingston-6000mhz-ddr5-cl30-dimm-kit-of-2-fury-beast-white-rgb-expo-keskusmuisti","status":"publish","type":"product","link":"https:\/\/www.digidreamer.fi\/kauppa\/tuote\/kingston-6000mhz-ddr5-cl30-dimm-kit-of-2-fury-beast-white-rgb-expo-keskusmuisti\/","title":{"rendered":"KINGSTON 6000MHz DDR5 CL30 DIMM Kit of 2 FURY Beast White RGB EXPO-keskusmuisti"},"content":{"rendered":"<p>KINGSTON FURY Beast White RGB DDR5 -muisti tarjoaa huippunopean ja luotettavan suorituskyvyn moderneille PC\u2011rakennuksille. 6000\u202fMHz:n taajuus ja CL30-latenssi takaavat nopean tiedonsiirron ja sulavan moniajon, kun taas tyylik\u00e4s valkoinen RGB-valaistus antaa n\u00e4ytt\u00e4v\u00e4n visuaalisen ilmeen. Sopii erinomaisesti pelaamiseen, luovaan ty\u00f6skentelyyn ja vaativiin sovelluksiin.<\/p>\n<p>Kapasiteetti: 32 Gt: 2 x 16 Gt, 64 Gt: 2 x 32 Gt<br \/>P\u00e4ivitystyyppi: Yleinen<br \/>Leveys: 133.35 mm<br \/>Syvyys: 7.11 mm<br \/>Korkeus: 42.23 mm<br \/>Tyyppi: DRAM muistipakkaus<br \/>Tekniikka: DDR5 SDRAM<br \/>Koko tai muoto: DIMM 288 nastaa<br \/>Moduulin korkeus (tuumaa): 1.66<br \/>Nopeus: 6000 MHz (PC5-48000)<br \/>Saantiviiveet: CL30 (30-36-36)<br \/>Tiedon eheystarkistus: On-die ECC<br \/>Ominaisuudet: Single Rank, Intel Extreme Memory Profiles (XMP 3.0), Kingston FURY CTRL -tuki, Kingston FURY Infrared Sync -tekniikka, plug and play, j\u00e4\u00e4hdytin, MSI Mystic Light RGB -tuki, ASUS Aura Sync -tuki, ASRock RGB LED -tuki, Gigabyte RGB Fusion 2.0 -tuki, AMD EXPO, puskuroimaton<br \/>Moduulin kokoonpano: 2048 x 64<br \/>Sirurakenne (Chips Organization): X8<br \/>J\u00e4nnite: 1.4 V<br \/>Liitinpinnoite: Kulta<br \/>RAM-tehokkuus: SPD &#8211; 4800 MHz &#8211; 1.1 V &#8211; CL40 &#8211; 40-39-39<br \/>AMD:n laajennettu profiili ylikuormitusta varten (EXPO) &#8211; 6000 MHz &#8211; 1.4 V &#8211; CL30 &#8211; 30-36-36<br \/>AMD:n laajennettu profiili ylikuormitusta varten (EXPO) &#8211; 5600 MHz &#8211; 1.25 V &#8211; CL40 &#8211; 40-40-40<br \/>Intel Extreme Memory Profiles (XMP 3.0) &#8211; 6000 MHz &#8211; 1.4 V &#8211; CL30 &#8211; 30-36-36<br \/>Intel Extreme Memory Profiles (XMP 3.0) &#8211; 5600 MHz &#8211; 1.25 V &#8211; CL40 &#8211; 40-40-40<br \/>V\u00e4rikategoria: Valkoinen<br \/>Yhteensopivuusstandardit: JEDEC<\/p>\n","protected":false},"excerpt":{"rendered":"<p>Valmistaja: KINGSTON<br \/>Valmistajan tuotekoodi: KF560C30BWEAK2-32, KF560C30BWEAK2-64<br \/>Tuotenimike: KINGSTON 6000MT\/s DDR5 CL30 DIMM Kit of 2 FURY Beast White RGB EXPO<br \/>Kuvaus: Kingston FURY Beast RGB &#8211; DDR5 &#8211; pakkaus &#8211; DIMM 288 nastaa &#8211; 6000 MHz \/ PC5-48000 &#8211; CL30 &#8211; 1.4 V &#8211; puskuroimaton &#8211; on-die ECC &#8211; valkoinen<br \/>EAN-koodi: 0740617343311, 0740617343298<br \/>Takuu: Rajoitettu elinik\u00e4inen<\/p>\n","protected":false},"featured_media":2267,"comment_status":"open","ping_status":"closed","template":"","meta":[],"product_brand":[638],"product_cat":[698],"product_tag":[],"class_list":{"0":"post-5940","1":"product","2":"type-product","3":"status-publish","6":"product_brand-kingston","7":"product_cat-ddr5","8":"product_shipping_class-kirje","10":"first","11":"instock","12":"sale","13":"taxable","14":"shipping-taxable","15":"purchasable","16":"product-type-variable","17":"has-default-attributes"},"jetpack_sharing_enabled":true,"_links":{"self":[{"href":"https:\/\/www.digidreamer.fi\/kauppa\/wp-json\/wp\/v2\/product\/5940","targetHints":{"allow":["GET"]}}],"collection":[{"href":"https:\/\/www.digidreamer.fi\/kauppa\/wp-json\/wp\/v2\/product"}],"about":[{"href":"https:\/\/www.digidreamer.fi\/kauppa\/wp-json\/wp\/v2\/types\/product"}],"replies":[{"embeddable":true,"href":"https:\/\/www.digidreamer.fi\/kauppa\/wp-json\/wp\/v2\/comments?post=5940"}],"wp:featuredmedia":[{"embeddable":true,"href":"https:\/\/www.digidreamer.fi\/kauppa\/wp-json\/wp\/v2\/media\/2267"}],"wp:attachment":[{"href":"https:\/\/www.digidreamer.fi\/kauppa\/wp-json\/wp\/v2\/media?parent=5940"}],"wp:term":[{"taxonomy":"product_brand","embeddable":true,"href":"https:\/\/www.digidreamer.fi\/kauppa\/wp-json\/wp\/v2\/product_brand?post=5940"},{"taxonomy":"product_cat","embeddable":true,"href":"https:\/\/www.digidreamer.fi\/kauppa\/wp-json\/wp\/v2\/product_cat?post=5940"},{"taxonomy":"product_tag","embeddable":true,"href":"https:\/\/www.digidreamer.fi\/kauppa\/wp-json\/wp\/v2\/product_tag?post=5940"}],"curies":[{"name":"wp","href":"https:\/\/api.w.org\/{rel}","templated":true}]}}