{"id":5935,"date":"2025-04-26T01:15:07","date_gmt":"2025-04-25T22:15:07","guid":{"rendered":"https:\/\/www.digidreamer.fi\/kauppa\/?post_type=product&#038;p=5935"},"modified":"2026-05-01T09:29:32","modified_gmt":"2026-05-01T06:29:32","slug":"chieftec-psu-12cm-fan-active-pfc-atx12v-v2-3-80-eff-virtalahde","status":"publish","type":"product","link":"https:\/\/www.digidreamer.fi\/kauppa\/tuote\/chieftec-psu-12cm-fan-active-pfc-atx12v-v2-3-80-eff-virtalahde\/","title":{"rendered":"CHIEFTEC PSU 12CM FAN ACTIVE PFC ATX12V V2.3 80+ EFF-virtal\u00e4hde"},"content":{"rendered":"<p>Laitteen tyyppi: Virtal\u00e4hde &#8211; Aktiivinen tehokertoimen korjaus (PFC) &#8211; sis\u00e4inen<br \/>Teknisten tietojen vaatimustenmukaisuus: ATX12V 2.3<br \/>PSU koko ja muoto: ATX<br \/>V\u00e4ri: Musta<br \/>Tuloj\u00e4nnite: Vaihtovirta 230 V<br \/>Vaadittu taajuus: 47 &#8211; 63 Hz<br \/>Tehon l\u00e4ht\u00f6liittimien yksityiskohdat:<br \/>1 x virta 24 nastan ATX irrotettavalla 4 nastan osiolla<br \/>1 x virtaliitin 4-nastainen ATX12V<br \/>3-6 x 15 pin Serial ATA power<br \/>2 x 4-nastainen sis\u00e4inen virta<br \/>1 x 4-nastainen mini-virtavastake<br \/>1-2 x 8 pin PCI Express power with detachable 2 pin section<br \/>L\u00e4ht\u00f6j\u00e4nnite: +3.3, +5, \u00b112 V<br \/>Virtakapasiteetti: 400 watti(a) &#8211; 700 watti(a)<br \/>Output -virta:<br \/>+3.3V &#8211; 22 A<br \/>+5V &#8211; 18 A<br \/>+12V1 &#8211; 18 A<br \/>+12V2 &#8211; 17 A<br \/>-12V &#8211; 0.3 A<br \/>+5VSB &#8211; 2.5 A<br \/>Tehokkuus: 80%<br \/>80 PLUS -sertifiointi: 80 PLUS<br \/>Keskim\u00e4\u00e4r\u00e4inen vikav\u00e4li (MTBF): 100,000 tuntia<br \/>J\u00e4\u00e4hdytysj\u00e4rjestelm\u00e4: 120 mm tuuletin<br \/>Ominaisuudet: P\u00e4\u00e4llystetyt kaapelit, ylikuumenemissuoja, ylikuormituksen suojaus, ylij\u00e4nnitesuojaus, ylikuormitussuoja, matalaj\u00e4nnitesuoja, oikosulkusuojaus<br \/>Yhteensopivuusstandardit: CB, FCC, RoHS, EuP Ready<br \/>Leveys: 15 cm<br \/>Syvyys: 14 cm<br \/>Korkeus: 8.7 cm<\/p>\n","protected":false},"excerpt":{"rendered":"<p>Valmistaja: CHIEFTEC<br \/>Valmistajan tuotekoodi: GPS-400A8, GPS-500A8, GPS-600A8, GPS-700A8<br \/>Tuotenimike: CHIEFTEC PSU 12CM FAN ACTIVE PFC ATX12V V2.3 80+ EFF. WITH POWER CORD<br \/>Kuvaus: Chieftec Smart Series &#8211; Virtal\u00e4hde (sis\u00e4inen) &#8211; ATX12V 2.3 &#8211; 80 PLUS &#8211; Vaihtovirta 230 V &#8211; aktiivinen PFC &#8211; musta<br \/>EAN-koodi: 4710713239517, 4710713239531, 4710713239555, 4710713239579<br \/>Takuu: 2 vuotta<\/p>\n","protected":false},"featured_media":2257,"comment_status":"open","ping_status":"closed","template":"","meta":[],"product_brand":[626],"product_cat":[105],"product_tag":[],"class_list":{"0":"post-5935","1":"product","2":"type-product","3":"status-publish","6":"product_brand-chieftec","7":"product_cat-virtalahteet","8":"product_shipping_class-pieni","10":"first","11":"instock","12":"sale","13":"taxable","14":"shipping-taxable","15":"purchasable","16":"product-type-variable","17":"has-default-attributes"},"jetpack_sharing_enabled":true,"_links":{"self":[{"href":"https:\/\/www.digidreamer.fi\/kauppa\/wp-json\/wp\/v2\/product\/5935","targetHints":{"allow":["GET"]}}],"collection":[{"href":"https:\/\/www.digidreamer.fi\/kauppa\/wp-json\/wp\/v2\/product"}],"about":[{"href":"https:\/\/www.digidreamer.fi\/kauppa\/wp-json\/wp\/v2\/types\/product"}],"replies":[{"embeddable":true,"href":"https:\/\/www.digidreamer.fi\/kauppa\/wp-json\/wp\/v2\/comments?post=5935"}],"wp:featuredmedia":[{"embeddable":true,"href":"https:\/\/www.digidreamer.fi\/kauppa\/wp-json\/wp\/v2\/media\/2257"}],"wp:attachment":[{"href":"https:\/\/www.digidreamer.fi\/kauppa\/wp-json\/wp\/v2\/media?parent=5935"}],"wp:term":[{"taxonomy":"product_brand","embeddable":true,"href":"https:\/\/www.digidreamer.fi\/kauppa\/wp-json\/wp\/v2\/product_brand?post=5935"},{"taxonomy":"product_cat","embeddable":true,"href":"https:\/\/www.digidreamer.fi\/kauppa\/wp-json\/wp\/v2\/product_cat?post=5935"},{"taxonomy":"product_tag","embeddable":true,"href":"https:\/\/www.digidreamer.fi\/kauppa\/wp-json\/wp\/v2\/product_tag?post=5935"}],"curies":[{"name":"wp","href":"https:\/\/api.w.org\/{rel}","templated":true}]}}