{"id":5934,"date":"2025-04-26T01:15:07","date_gmt":"2025-04-25T22:15:07","guid":{"rendered":"https:\/\/www.digidreamer.fi\/kauppa\/?post_type=product&#038;p=5934"},"modified":"2026-05-06T20:52:57","modified_gmt":"2026-05-06T17:52:57","slug":"asus-rog-strix-z890-a-gaming-wifi-lga1851-ddr5-atx-emolevy","status":"publish","type":"product","link":"https:\/\/www.digidreamer.fi\/kauppa\/tuote\/asus-rog-strix-z890-a-gaming-wifi-lga1851-ddr5-atx-emolevy\/","title":{"rendered":"ASUS ROG Strix Z890-A Gaming WiFi ATX Emolevy \u2013 LGA1851, DDR5, PCIe 5.0, WiFi 7, Thunderbolt 4"},"content":{"rendered":"<p>ASUS ROG Strix Z890-A Gaming WiFi on premium-luokan emolevy, joka on suunniteltu Intelin uusimmille Core Ultra -prosessoreille (Series 2) LGA1851-kannalla.<br \/>Se tarjoaa eritt\u00e4in vahvan virtasy\u00f6t\u00f6n ja modernit liit\u00e4nn\u00e4t vaativiin kokoonpanoihin, mukaan lukien DDR5-muistituki eritt\u00e4in korkeille kellotaajuuksille, PCIe 5.0 -n\u00e4yt\u00f6nohjaintuki sek\u00e4 laaja M.2 NVMe -tallennusratkaisu.<br \/>ROG Strix -sarjan tavoin t\u00e4m\u00e4 malli on suunniteltu sek\u00e4 pelaajille ett\u00e4 harrastajille, jotka haluavat maksimaalisen suorituskyvyn, vakaan ylikellotuksen ja kattavat liit\u00e4nn\u00e4t ilman kompromisseja.<\/p>\n<p>Tekniset tiedot<br \/><strong>Yleist\u00e4<\/strong><br \/>Valmistaja: ASUS<br \/>Malli: ROG Strix Z890-A Gaming WiFi<br \/>Kanta: LGA1851<br \/>Piirisarja: Intel Z890<br \/>Muotokerroin: ATX<br \/><strong>Muisti<\/strong><br \/>4 \u00d7 DDR5 DIMM<br \/>Maksimi: jopa 256GB<br \/>Nopeus: jopa 8600+ MT\/s (OC)<br \/>Intel XMP 3.0 tuki<br \/>ASUS AEMP III -optimointi<br \/>Dual Channel<br \/><strong>Laajennuspaikat<\/strong><br \/>1 \u00d7 PCIe 5.0 x16 (GPU)<br \/>1 \u00d7 PCIe 4.0 x16 (x4 mode)<br \/><strong>Tallennus<\/strong><br \/>5 \u00d7 M.2 NVMe -paikkaa<br \/>4 \u00d7 SATA 6Gb\/s<br \/>PCIe 5.0 M.2 -tuki<br \/>PCIe 4.0 M.2 -tuki<br \/><strong>Verkko<\/strong><br \/>WiFi 7 (802.11be) 2\u00d72<br \/>Bluetooth 5.4<br \/>Intel 2.5Gb Ethernet<br \/><strong>USB &amp; liit\u00e4nn\u00e4t<\/strong><br \/>2 \u00d7 Thunderbolt 4 (USB-C)<br \/>USB 10Gbps Type-A + Type-C<br \/>USB-C etupaneelille<br \/>USB 2.0 headerit<br \/><strong>\u00c4\u00e4ni<\/strong><br \/>ROG SupremeFX ALC4080<br \/>7.1 surround tuki<br \/>Savitech AMP<br \/>Dolby Atmos -tuki<br \/><strong>Ominaisuudet<\/strong><br \/>PCIe 5.0 GPU &amp; SSD -tuki<br \/>WiFi 7 -valmius<br \/>AI OC \/ AI Cooling<br \/>BIOS FlashBack<br \/>Q-Design (M.2 Q-Latch, Q-Release)<br \/>ROG Armoury Crate -tuki<\/p>\n","protected":false},"excerpt":{"rendered":"<p>ASUS ROG Strix Z890-A Gaming WiFi on huipputason ATX-emolevy Intel Core Ultra -prosessoreille (LGA1851). Se tukee DDR5-muistia, PCIe 5.0 -n\u00e4yt\u00f6nohjaimia, WiFi 7 -yhteytt\u00e4 ja Thunderbolt 4 -liit\u00e4nt\u00f6j\u00e4 \u2013 t\u00e4ydellinen high-end gaming- ja workstation-alusta.<\/p>\n<p>Valmistaja: ASUS<br \/>Valmistajan tuotekoodi: 90MB1I90-M0EAY0<br \/>Tuotenimike: ASUS ROG STRIX Z890-A GAMING WIFI LGA1851 DDR5 ATX MB<br \/>Kuvaus: ASUS ROG STRIX Z890-A GAMING WIFI &#8211; Emolevy &#8211; ATX &#8211; LGA1851 Socket &#8211; Z890 Chipset &#8211; USB-C 3.2 Gen 2&#215;2, USB 3.2 Gen 1, USB 3.2 Gen 2, USB-C 3.2 Gen2, USB4 &#8211; 2.5 Gigabit LAN, Wi-Fi 7, Bluetooth &#8211; onboard graphics (CPU vaaditaan) &#8211; HD Audio (8-kanavainen)<br \/>EAN-koodi: 4711387758830<br \/>Takuu: 3 vuotta<\/p>\n","protected":false},"featured_media":2255,"comment_status":"open","ping_status":"closed","template":"","meta":[],"product_brand":[633],"product_cat":[699],"product_tag":[],"class_list":{"0":"post-5934","1":"product","2":"type-product","3":"status-publish","6":"product_brand-asus","7":"product_cat-z890-piirisarjalla","8":"product_shipping_class-pieni","10":"first","11":"onbackorder","12":"taxable","13":"shipping-taxable","14":"purchasable","15":"product-type-simple"},"jetpack_sharing_enabled":true,"_links":{"self":[{"href":"https:\/\/www.digidreamer.fi\/kauppa\/wp-json\/wp\/v2\/product\/5934","targetHints":{"allow":["GET"]}}],"collection":[{"href":"https:\/\/www.digidreamer.fi\/kauppa\/wp-json\/wp\/v2\/product"}],"about":[{"href":"https:\/\/www.digidreamer.fi\/kauppa\/wp-json\/wp\/v2\/types\/product"}],"replies":[{"embeddable":true,"href":"https:\/\/www.digidreamer.fi\/kauppa\/wp-json\/wp\/v2\/comments?post=5934"}],"wp:featuredmedia":[{"embeddable":true,"href":"https:\/\/www.digidreamer.fi\/kauppa\/wp-json\/wp\/v2\/media\/2255"}],"wp:attachment":[{"href":"https:\/\/www.digidreamer.fi\/kauppa\/wp-json\/wp\/v2\/media?parent=5934"}],"wp:term":[{"taxonomy":"product_brand","embeddable":true,"href":"https:\/\/www.digidreamer.fi\/kauppa\/wp-json\/wp\/v2\/product_brand?post=5934"},{"taxonomy":"product_cat","embeddable":true,"href":"https:\/\/www.digidreamer.fi\/kauppa\/wp-json\/wp\/v2\/product_cat?post=5934"},{"taxonomy":"product_tag","embeddable":true,"href":"https:\/\/www.digidreamer.fi\/kauppa\/wp-json\/wp\/v2\/product_tag?post=5934"}],"curies":[{"name":"wp","href":"https:\/\/api.w.org\/{rel}","templated":true}]}}