{"id":5932,"date":"2025-04-26T01:15:06","date_gmt":"2025-04-25T22:15:06","guid":{"rendered":"https:\/\/www.digidreamer.fi\/kauppa\/?post_type=product&#038;p=5932"},"modified":"2026-05-06T20:52:58","modified_gmt":"2026-05-06T17:52:58","slug":"asus-prime-z890-p-lga1851-ddr5-atx-emolevy","status":"publish","type":"product","link":"https:\/\/www.digidreamer.fi\/kauppa\/tuote\/asus-prime-z890-p-lga1851-ddr5-atx-emolevy\/","title":{"rendered":"ASUS PRIME Z890-P LGA1851 DDR5 ATX-emolevy"},"content":{"rendered":"<p>Tuotteen tyyppi: Emolevy &#8211; ATX<br \/>Piirisarjatyyppi: Intel Z890<br \/>Suoritinkanta: LGA1851 Socket<br \/>Prosessoreiden enimm\u00e4ism\u00e4\u00e4r\u00e4: 1<br \/>Yhteensopivat suorittimet: (supports Intel Core Ultra processors (Series 2))<br \/>RAM enimm\u00e4iskoko: 192 Gt<br \/>Teknologia: DDR5<br \/>Bus Clock: 4333 MHz (O.C.)<br \/>Tuettu RAM-eheystarkistus: Non-ECC<br \/>Tallennettu tai puskuroitu: Puskuroimaton<br \/>Ominaisuudet: Kahden kanavan muistiarkkitehtuuri, Intel Extreme Memory Profiles (XMP)<br \/>Audio: HD Audio (8-kanavainen)<br \/>Yhteensopivuusstandardit: High Definition Audio<br \/>Verkkoliit\u00e4nn\u00e4t: 2.5 Gigabit Ethernet<br \/>Laajennuspaikat:<br \/>1 x CPU<br \/>4 x DIMM 288-nastainen<br \/>1 x PCIe 5.0 x16<br \/>2 x PCIe 4.0 x16 (x4 tila)<br \/>1 x PCIe 4.0 x16 (x1 tila)<br \/>1 x M.2 socket (2280 M.2 slot)<br \/>1 x M.2 socket (2242\/2260\/2280 M.2-n\u00e4pp\u00e4imen M-korttipaikka)<br \/>2 x M.2 socket (2280\/22110 M.2 n\u00e4pp\u00e4in M-korttipaikka)<br \/>Muistiliit\u00e4nn\u00e4t:<br \/>SATA-600 -liittimet: 6 x 7-nastainen sarjaliitett\u00e4v\u00e4 ATA<br \/>PCIe 4.0 -liittimet: 3 x M.2 &#8211; RAID 0 \/ RAID 1 \/ RAID 10 \/ RAID 5<br \/>PCIe 5.0 -liittimet: 1 x M.2 &#8211; RAID 0 \/ RAID 1 \/ RAID 10 \/ RAID 5<br \/>Liit\u00e4nn\u00e4t:<br \/>1 x DisplayPort<br \/>1 x HDMI<br \/>1 x USB-C 3.2 Gen2x2<br \/>1 x LAN (2.5Gigabit Ethernet)<br \/>1 x USB 3.2 Gen 2<br \/>2 x USB 3.2 Gen 1<br \/>4 x USB 2.0<br \/>2 x antenni<br \/>1 x mikrofoni &#8211; miniliitin<br \/>1 x \u00e4\u00e4nilinjal\u00e4ht\u00f6 &#8211; miniliitin<br \/>1 x \u00e4\u00e4nilinjatulo &#8211; miniliitin<br \/>Sis\u00e4iset liit\u00e4nn\u00e4t:<br \/>1 x USB-C 3.2 Gen 2 &#8211; header<br \/>4 x USB 3.2 Gen 1 &#8211; header<br \/>4 x USB 2.0 &#8211; header<br \/>1 x sarja &#8211; header<br \/>1 x audio &#8211; header<br \/>1 x SPI &#8211; header<br \/>1 x Thunderbolt 4 &#8211; header<br \/>1 x SPDIF-ulostulo &#8211; header<br \/>Virtaliittimet: 24-nastainen p\u00e4\u00e4virtaliitin, 2 x 8-pin ATX12V-liittimet<br \/>BIOS-tyyppi: AMI<br \/>BIOS-ominaisuudet: UEFI BIOS, ASUS EZ Flash, ASUS UEFI BIOS EZ -tila<br \/>Lepo \/ Her\u00e4tys (Sleep \/ Wake up): LAN her\u00e4tys (WOL, wake on LAN), wake on PME<br \/>Laitteiston ominaisuudet: Intel Turbo Boost Technology 2.0, Intel Turbo Boost Max Technology 3.0, ASUS Enhanced Memory Profile (AEMP) III, CUDIMM support, LANGuard, ASUS 5X Protection III, ASUS Aura Sync, ASUS DIGI+ VRM, ASUS EZ DIY, ASUS-ylij\u00e4nnitesuojaus, ASUS ProCool, ASUS Q-Design, ASUS SafeSlot, ASUS Stainless Steel Back I\/O, BIOS FlashBack -painike, BIOS FlashBack LED-valo, esiasennettu I\/O-suoja, Q-Antenna, Q-Dashboard, Q-DIMM, Q-LED Core, Q-Slot, VRM:n j\u00e4\u00e4hdytyslevyn rakenne, CrashFree BIOS 3, Preboot eXecution Environment (PXE), 14+1+2+1 Phase Power Design, piirisarjan j\u00e4\u00e4hdytyslevy, AI Networking II, AI Cooling II, NPU Boost, 6 Layer PCB, PCIe Slot Q-Release<br \/>Sis\u00e4ltyv\u00e4t lis\u00e4varusteet: 2 x M.2-ruuvipakkausta, 1 M.2-kumipakkaus<br \/>Sis\u00e4ltyv\u00e4t kaapelit: 2 x SATA Express -kaapeli<br \/>Mukana tulevat ohjelmistot: Armoury Crate, ASUS Fan Xpert 4, ASUS DriverHub, ASUS CPU-Z, Norton 360 Deluxe (60 p\u00e4iv\u00e4n kokeilujakso), TurboV Core, WinRAR (40 days trial)<br \/>Yhteensopivuusstandardit: DisplayPort 1.4<br \/>Leveys: 30.5 cm<br \/>Syvyys: 24.4 cm<\/p>\n","protected":false},"excerpt":{"rendered":"<p>Valmistaja: ASUS<br \/>Valmistajan tuotekoodi: 90MB1I50-M0EAY0<br \/>Tuotenimike: ASUS PRIME Z890-P LGA1851 DDR5 ATX MB<br \/>Kuvaus: ASUS PRIME Z890-P &#8211; Emolevy &#8211; micro ATX &#8211; LGA1851 Socket &#8211; Z890 Chipset &#8211; USB-C 3.2 Gen 2&#215;2, USB 3.2 Gen 2, USB 3.2 Gen 1, USB-C 3.2 Gen 1 &#8211; 2.5 Gigabit LAN &#8211; onboard graphics (CPU vaaditaan) &#8211; HD Audio (8-kanavainen)<br \/>EAN-koodi: 4711387759103<br \/>Takuu: 3 vuotta<\/p>\n","protected":false},"featured_media":2249,"comment_status":"open","ping_status":"closed","template":"","meta":[],"product_brand":[633],"product_cat":[699],"product_tag":[],"class_list":{"0":"post-5932","1":"product","2":"type-product","3":"status-publish","6":"product_brand-asus","7":"product_cat-z890-piirisarjalla","8":"product_shipping_class-pieni","10":"first","11":"onbackorder","12":"taxable","13":"shipping-taxable","14":"purchasable","15":"product-type-simple"},"jetpack_sharing_enabled":true,"_links":{"self":[{"href":"https:\/\/www.digidreamer.fi\/kauppa\/wp-json\/wp\/v2\/product\/5932","targetHints":{"allow":["GET"]}}],"collection":[{"href":"https:\/\/www.digidreamer.fi\/kauppa\/wp-json\/wp\/v2\/product"}],"about":[{"href":"https:\/\/www.digidreamer.fi\/kauppa\/wp-json\/wp\/v2\/types\/product"}],"replies":[{"embeddable":true,"href":"https:\/\/www.digidreamer.fi\/kauppa\/wp-json\/wp\/v2\/comments?post=5932"}],"wp:featuredmedia":[{"embeddable":true,"href":"https:\/\/www.digidreamer.fi\/kauppa\/wp-json\/wp\/v2\/media\/2249"}],"wp:attachment":[{"href":"https:\/\/www.digidreamer.fi\/kauppa\/wp-json\/wp\/v2\/media?parent=5932"}],"wp:term":[{"taxonomy":"product_brand","embeddable":true,"href":"https:\/\/www.digidreamer.fi\/kauppa\/wp-json\/wp\/v2\/product_brand?post=5932"},{"taxonomy":"product_cat","embeddable":true,"href":"https:\/\/www.digidreamer.fi\/kauppa\/wp-json\/wp\/v2\/product_cat?post=5932"},{"taxonomy":"product_tag","embeddable":true,"href":"https:\/\/www.digidreamer.fi\/kauppa\/wp-json\/wp\/v2\/product_tag?post=5932"}],"curies":[{"name":"wp","href":"https:\/\/api.w.org\/{rel}","templated":true}]}}