{"id":5930,"date":"2025-04-26T01:15:06","date_gmt":"2025-04-25T22:15:06","guid":{"rendered":"https:\/\/www.digidreamer.fi\/kauppa\/?post_type=product&#038;p=5930"},"modified":"2026-05-06T20:52:58","modified_gmt":"2026-05-06T17:52:58","slug":"asus-tuf-gaming-z890-plus-wifi-lga1851-ddr5-atx-emolevy","status":"publish","type":"product","link":"https:\/\/www.digidreamer.fi\/kauppa\/tuote\/asus-tuf-gaming-z890-plus-wifi-lga1851-ddr5-atx-emolevy\/","title":{"rendered":"ASUS TUF GAMING Z890-PLUS WIFI LGA1851 DDR5 ATX-emolevy"},"content":{"rendered":"<p>Tuotteen tyyppi: Emolevy &#8211; ATX<br \/>Piirisarjatyyppi: Intel Z890<br \/>Suoritinkanta: LGA1851 Socket<br \/>Prosessoreiden enimm\u00e4ism\u00e4\u00e4r\u00e4: 1<br \/>Yhteensopivat suorittimet: (supports Intel Core Ultra processors (Series 2))<br \/>Tuettu RAM: 192 Gt<br \/>Teknologia: DDR5<br \/>Bus Clock: 4533 MHz (O.C.)<br \/>Tuettu RAM-eheystarkistus: Non-ECC, on-die ECC<br \/>Tallennettu tai puskuroitu: Puskuroimaton<br \/>Ominaisuudet: Kahden kanavan muistiarkkitehtuuri, Intel Extreme Memory Profiles (XMP)<br \/>Audio: HD Audio (8-kanavainen)<br \/>Audio Koodekki: Realtek ALC1220P<br \/>Yhteensopivuusstandardit: High Definition Audio<br \/>Verkkoliit\u00e4nn\u00e4t: 802.11a\/b\/g\/n\/ac\/ax\/be (Wi-Fi 7), Bluetooth 5.4, 2.5 Gigabit Ethernet<br \/>Laajennuspaikat:<br \/>1 x CPU<br \/>4 x DIMM 288-nastainen<br \/>1 x PCIe 5.0 x16<br \/>1 x PCIe 4.0 x16 (x4 tila)<br \/>1 x PCIe 4.0 x4<br \/>2 x PCIe 4.0 x1<br \/>2 x M.2 socket (2242\/2260\/2280 M.2-n\u00e4pp\u00e4imen M-korttipaikka)<br \/>1 x M.2 socket (2280 M.2 E- n\u00e4pp\u00e4imen -korttipaikka)<br \/>1 x M.2 socket (2280\/22110 M.2 n\u00e4pp\u00e4in M-korttipaikka)<br \/>Muistiliit\u00e4nn\u00e4t:<br \/>SATA-600 -liittimet: 4 x 7-nastainen sarjaliitett\u00e4v\u00e4 ATA<br \/>PCIe 4.0 -liittimet: 3 x M.2 &#8211; RAID 0 \/ RAID 1 \/ RAID 10 \/ RAID 5<br \/>PCIe 5.0 -liittimet: 1 x M.2 &#8211; RAID 0 \/ RAID 1 \/ RAID 10 \/ RAID 5<br \/>Liit\u00e4nn\u00e4t:<br \/>2 x Thunderbolt 4\/DisplayPort\/USB4<br \/>1 x USB-C 3.2 Gen 2\/DisplayPort<br \/>3 x USB 3.2 Gen 2<br \/>3 x USB 3.2 Gen 1<br \/>1 x HDMI<br \/>1 x DisplayPort<br \/>1 x LAN (2.5Gigabit Ethernet)<br \/>2 x antenni<br \/>1 x \u00e4\u00e4nilinjal\u00e4ht\u00f6 &#8211; miniliitin<br \/>1 x mikrofoni &#8211; miniliitin<br \/>1 x \u00e4\u00e4nilinjatulo &#8211; miniliitin<br \/>1 x audio line-out (keski\/subwoofer) &#8211; miniliitin<br \/>1 x audio line-out (taka) &#8211; miniliitin<br \/>1 x SPDIF out<br \/>Sis\u00e4iset liit\u00e4nn\u00e4t:<br \/>1 x USB-C 3.2 Gen 2&#215;2 &#8211; header<br \/>2 x USB 3.2 Gen 1 &#8211; header<br \/>4 x USB 2.0 &#8211; header<br \/>1 x sarja &#8211; header<br \/>1 x audio &#8211; header<br \/>1 x Thunderbolt 4 &#8211; header<br \/>Virtaliittimet: 24-nastainen p\u00e4\u00e4virtaliitin, 8-nastainen ATX12V- liitin<br \/>BIOS-tyyppi: AMI<br \/>BIOS-ominaisuudet: UEFI BIOS, ASUS EZ Flash, ASUS UEFI BIOS EZ -tila<br \/>Lepo \/ Her\u00e4tys (Sleep \/ Wake up): LAN her\u00e4tys (WOL, wake on LAN), wake on PME<br \/>Laitteiston ominaisuudet: Intel Turbo Boost Technology 2.0, Intel Turbo Boost Max Technology 3.0, ASUS Enhanced Memory Profile (AEMP) III, CUDIMM support, CrashFree BIOS 3, TUF LANGuard, ASUS Aura Sync, ASUS DIGI+ VRM, ASUS EZ DIY, ASUS-ylij\u00e4nnitesuojaus, ASUS ProCool, ASUS Q-Design, ASUS SafeDIMM, ASUS SafeSlot, ASUS Stainless Steel Back I\/O, ASUS TUF Protection, BIOS FlashBack -painike, BIOS FlashBack LED-valo, suoritinpistokkeen vipusuoja, ESD Guards, M.2 heatsink, M.2-j\u00e4\u00e4hdytyslevyn taustalevy, M.2 Q-Latch, M.2 Q-Release, M.2 Q-Slide, PCIe Slot Q-Release, esiasennettu I\/O-suoja, Q-Antenna, Q-Dashboard, Q-DIMM, Q-LED, Q-Slot, VRM:n j\u00e4\u00e4hdytyslevyn rakenne, 16+1+2+1 Phase Power Design, AI Cooling II, AI Networking II, DIY Friendly Design, NPU Boost, piirisarjan j\u00e4\u00e4hdytyslevy, 8 Layer PCB<br \/>Sis\u00e4ltyv\u00e4t lis\u00e4varusteet: 2 x M.2-kumipakkausta, ASUS Wi-Fi Q-antenna, M.2 Q-Slide, M.2-ruuvipaketti, TUF GAMING removable nameplate, TUF GAMING -tarra<br \/>Sis\u00e4ltyv\u00e4t kaapelit: 2 x SATA Express -kaapeli<br \/>Mukana tulevat ohjelmistot: Adobe Creative Cloud (maksuton kokeilujakso), Armoury Crate, ASUS AURA Creator, ASUS DriverHub, ASUS Fan Xpert 4, ASUS GlideX, ASUS TUF GAMING CPU-Z, Norton 360 for Gamers (60 p\u00e4iv\u00e4n kokeilujakso), TurboV Core, WinRAR (40 days trial), DTS Audio Processing, ASUS AI Advisor<br \/>Yhteensopivuusstandardit: DisplayPort 1.4<br \/>Leveys: 30.5 cm<br \/>Syvyys: 24.4 cm<\/p>\n","protected":false},"excerpt":{"rendered":"<p>Valmistaja: ASUS<br \/>Valmistajan tuotekoodi: 90MB1IQ0-M0EAY0<br \/>Tuotenimike: ASUS TUF GAMING Z890-PLUS WIFI LGA1851 DDR5 ATX MB<br \/>Kuvaus: ASUS TUF GAMING Z890-PLUS WIFI &#8211; Emolevy &#8211; ATX &#8211; LGA1851 Socket &#8211; Z890 Chipset &#8211; USB4, USB-C 3.2 Gen 2&#215;2, USB 3.2 Gen 2, USB 3.2 Gen 1 &#8211; Wi-Fi 7, Bluetooth, 2.5 Gigabit LAN &#8211; onboard graphics (CPU vaaditaan) &#8211; HD Audio (8-kanavainen)<br \/>EAN-koodi: 4711387763926<br \/>Takuu: 3 vuotta<\/p>\n","protected":false},"featured_media":2243,"comment_status":"open","ping_status":"closed","template":"","meta":[],"product_brand":[633],"product_cat":[699],"product_tag":[],"class_list":{"0":"post-5930","1":"product","2":"type-product","3":"status-publish","6":"product_brand-asus","7":"product_cat-z890-piirisarjalla","8":"product_shipping_class-pieni","10":"first","11":"onbackorder","12":"taxable","13":"shipping-taxable","14":"purchasable","15":"product-type-simple"},"jetpack_sharing_enabled":true,"_links":{"self":[{"href":"https:\/\/www.digidreamer.fi\/kauppa\/wp-json\/wp\/v2\/product\/5930","targetHints":{"allow":["GET"]}}],"collection":[{"href":"https:\/\/www.digidreamer.fi\/kauppa\/wp-json\/wp\/v2\/product"}],"about":[{"href":"https:\/\/www.digidreamer.fi\/kauppa\/wp-json\/wp\/v2\/types\/product"}],"replies":[{"embeddable":true,"href":"https:\/\/www.digidreamer.fi\/kauppa\/wp-json\/wp\/v2\/comments?post=5930"}],"wp:featuredmedia":[{"embeddable":true,"href":"https:\/\/www.digidreamer.fi\/kauppa\/wp-json\/wp\/v2\/media\/2243"}],"wp:attachment":[{"href":"https:\/\/www.digidreamer.fi\/kauppa\/wp-json\/wp\/v2\/media?parent=5930"}],"wp:term":[{"taxonomy":"product_brand","embeddable":true,"href":"https:\/\/www.digidreamer.fi\/kauppa\/wp-json\/wp\/v2\/product_brand?post=5930"},{"taxonomy":"product_cat","embeddable":true,"href":"https:\/\/www.digidreamer.fi\/kauppa\/wp-json\/wp\/v2\/product_cat?post=5930"},{"taxonomy":"product_tag","embeddable":true,"href":"https:\/\/www.digidreamer.fi\/kauppa\/wp-json\/wp\/v2\/product_tag?post=5930"}],"curies":[{"name":"wp","href":"https:\/\/api.w.org\/{rel}","templated":true}]}}