{"id":5805,"date":"2025-04-26T01:13:55","date_gmt":"2025-04-25T22:13:55","guid":{"rendered":"https:\/\/www.digidreamer.fi\/kauppa\/?post_type=product&#038;p=5805"},"modified":"2026-05-01T10:10:08","modified_gmt":"2026-05-01T07:10:08","slug":"amd-ryzen-7-8700f-5-ghz-am5-8c-16-65w-ai-ready-prosessori","status":"publish","type":"product","link":"https:\/\/www.digidreamer.fi\/kauppa\/tuote\/amd-ryzen-7-8700f-5-ghz-am5-8c-16-65w-ai-ready-prosessori\/","title":{"rendered":"AMD Ryzen 7 8700F 5 GHz AM5 8C\/16 65W AI ready-prosessori"},"content":{"rendered":"<p>Tuotetyyppi: Suoritin<br \/>Tyyppi: AMD Ryzen 7 8700F<br \/>Ydinten m\u00e4\u00e4r\u00e4: 8-ydin<br \/>S\u00e4ikeiden m\u00e4\u00e4r\u00e4: 16 s\u00e4iett\u00e4<br \/>V\u00e4limuisti: 16 Mt<br \/>Cache-muistin tiedot: L3 &#8211; 16 MB, L2 &#8211; 8 MB<br \/>Suorittimien m\u00e4\u00e4r\u00e4: 1<br \/>Kellotaajuus: 4.1 GHz<br \/>Max. turbonopeus: 5 GHz<br \/>Yhteensopiva suoritinkanta: Socket AM5<br \/>Tuotantoprosessi: 4 nm<br \/>Thermal Design Power: 65 W<br \/>L\u00e4mp\u00f6tiedot: 95 \u00b0C<br \/>PCI Express -versio: 4.0<br \/>Arkkitehtuuriset ominaisuudet: AES, &#8220;Zen 4&#8221; -ydinarkkitehtuuri, AMD Precision Boost 2 -tekniikka, AMD Ryzen AI, AMD SmartAccess Memory, AMD Enhanced Virus Protection (NX bit)<br \/>Pakkaustyyppi: AMD Processor in a Box (PIB)<\/p>\n","protected":false},"excerpt":{"rendered":"<p>Valmistaja: AMD<br \/>Valmistajan tuotekoodi: 100-100001590BOX<br \/>Tuotenimike: AMD Ryzen 7 8700F 5 GHz AM5 8C\/16 65W AI ready BOX<br \/>Kuvaus: AMD Ryzen 7 8700F &#8211; 4.1 GHz &#8211; 8-ydin &#8211; 16 s\u00e4iett\u00e4 &#8211; 16 Mt cache &#8211; Socket AM5 &#8211; Box<br \/>EAN-koodi: 0730143316699<br \/>Takuu: 3 vuotta<\/p>\n","protected":false},"featured_media":1729,"comment_status":"open","ping_status":"closed","template":"","meta":[],"product_brand":[646],"product_cat":[97],"product_tag":[],"class_list":{"0":"post-5805","1":"product","2":"type-product","3":"status-publish","6":"product_brand-amd","7":"product_cat-amd-am5","8":"product_shipping_class-pieni","10":"first","11":"instock","12":"sale","13":"taxable","14":"shipping-taxable","15":"purchasable","16":"product-type-simple"},"jetpack_sharing_enabled":true,"_links":{"self":[{"href":"https:\/\/www.digidreamer.fi\/kauppa\/wp-json\/wp\/v2\/product\/5805","targetHints":{"allow":["GET"]}}],"collection":[{"href":"https:\/\/www.digidreamer.fi\/kauppa\/wp-json\/wp\/v2\/product"}],"about":[{"href":"https:\/\/www.digidreamer.fi\/kauppa\/wp-json\/wp\/v2\/types\/product"}],"replies":[{"embeddable":true,"href":"https:\/\/www.digidreamer.fi\/kauppa\/wp-json\/wp\/v2\/comments?post=5805"}],"wp:featuredmedia":[{"embeddable":true,"href":"https:\/\/www.digidreamer.fi\/kauppa\/wp-json\/wp\/v2\/media\/1729"}],"wp:attachment":[{"href":"https:\/\/www.digidreamer.fi\/kauppa\/wp-json\/wp\/v2\/media?parent=5805"}],"wp:term":[{"taxonomy":"product_brand","embeddable":true,"href":"https:\/\/www.digidreamer.fi\/kauppa\/wp-json\/wp\/v2\/product_brand?post=5805"},{"taxonomy":"product_cat","embeddable":true,"href":"https:\/\/www.digidreamer.fi\/kauppa\/wp-json\/wp\/v2\/product_cat?post=5805"},{"taxonomy":"product_tag","embeddable":true,"href":"https:\/\/www.digidreamer.fi\/kauppa\/wp-json\/wp\/v2\/product_tag?post=5805"}],"curies":[{"name":"wp","href":"https:\/\/api.w.org\/{rel}","templated":true}]}}