{"id":5777,"date":"2025-04-26T01:13:08","date_gmt":"2025-04-25T22:13:08","guid":{"rendered":"https:\/\/www.digidreamer.fi\/kauppa\/?post_type=product&#038;p=5777"},"modified":"2026-05-01T10:14:37","modified_gmt":"2026-05-01T07:14:37","slug":"asus-rog-strix-platinum-gaming-psu-virtalahde","status":"publish","type":"product","link":"https:\/\/www.digidreamer.fi\/kauppa\/tuote\/asus-rog-strix-platinum-gaming-psu-virtalahde\/","title":{"rendered":"ASUS ROG Strix Platinum ATX 3.1 850W\/1000W\/1200W virtal\u00e4hde \u2013 80+ Platinum, PCIe 5.1 12V-2&#215;6, t\u00e4ysin modulaarinen PSU"},"content":{"rendered":"<p>ASUS ROG Strix Platinum -sarjan virtal\u00e4hteet on suunniteltu moderneihin high-end PC-rakennelmiin, joissa vaaditaan vakaata virransy\u00f6tt\u00f6\u00e4, hiljaisuutta ja tulevaisuuden yhteensopivuutta.<br \/>ATX 3.1 -standardin ja natiivin 12V-2&#215;6 PCIe 5.1 -liittimen ansiosta PSU on valmis uusimman sukupolven n\u00e4yt\u00f6nohjaimille ilman adaptereita.<br \/>GaN MOSFET -teknologia parantaa energiatehokkuutta ja pienent\u00e4\u00e4 l\u00e4mp\u00f6hukkaa, kun taas \u201cGPU-FIRST\u201d -j\u00e4nnitteentunnistus optimoi virransy\u00f6t\u00f6n n\u00e4yt\u00f6nohjaimelle maksimaalisen vakauden saavuttamiseksi.<\/p>\n<p>Tekniset tiedot<br \/><strong>Yleist\u00e4<\/strong><br \/>Valmistaja: ASUS<br \/>Sarja: ROG Strix Platinum<br \/>Tyyppi: ATX 3.1 t\u00e4ysmodulaarinen virtal\u00e4hde<br \/>Tehovaihtoehdot: 850W \/ 1000W \/ 1200W<br \/>Sertifiointi: 80 PLUS Platinum \/ Cybenetics Platinum<\/p>\n<p><strong>Suorituskyky<\/strong><br \/>Hy\u00f6tysuhde: jopa ~92\u201394 % Platinum-tasolla<br \/>MTBF: yli 120 000 tuntia<br \/>Tehokas +12V linja (jopa 100A mallista riippuen)<br \/>Hiljainen toiminta (Cybenetics A \/ A+ -luokitus mallista riippuen)<\/p>\n<p><strong>Liit\u00e4nn\u00e4t<\/strong><br \/>1 \u00d7 24-pin ATX<br \/>2 \u00d7 CPU 4+4-pin<br \/>1 \u00d7 PCIe 16-pin (12V-2&#215;6 \/ 600W)<br \/>useita PCIe 6+2-pin liittimi\u00e4<br \/>SATA + Peripheral liittimet<\/p>\n<p><strong>Ominaisuudet<\/strong><br \/>ATX 3.1 &amp; PCIe 5.1 ready<br \/>Natiivi 12V-2&#215;6 liitin (ei adapteritarvetta)<br \/>GaN MOSFET -teknologia (parempi tehokkuus ja l\u00e4mp\u00f6)<br \/>\u201cGPU-FIRST\u201d j\u00e4nnitteentunnistus<br \/>0dB hybrid-fan mode (pys\u00e4ytys kevyess\u00e4 kuormassa)<br \/>Dual ball bearing -tuuletin pitk\u00e4ik\u00e4isyyteen<br \/>T\u00e4ysin modulaarinen kaapelointi<br \/>Premium ROG-rakenne ja j\u00e4\u00e4hdytysratkaisut<\/p>\n<p>K\u00e4ytt\u00f6kohteet<br \/>High-end gaming PC:t (RTX 5070\u20135090 \/ RX 9070 XT -tasot)<br \/>4K-pelikoneet ja overclocking-buildit<br \/>Workstationit ja sis\u00e4ll\u00f6ntuotanto<br \/>Tulevaisuuden GPU-upgrade -j\u00e4rjestelm\u00e4t<br \/>RGB \/ showcase -rakennelmat<\/p>\n","protected":false},"excerpt":{"rendered":"<p>ASUS ROG Strix Platinum on huipputason ATX 3.1 -virtal\u00e4hde, joka tarjoaa 80+ Platinum -hy\u00f6tysuhteen, PCIe 5.1 -yhteensopivuuden ja eritt\u00e4in hiljaisen toiminnan vaativiin high-end pelikoneisiin.<\/p>\n<p>Valmistaja: ASUS<br \/>Valmistajan tuotekoodi: 90YE00W2-B0NA00, 90YE00W1-B0NA00, 90YE00W0-B0NA00<br \/>Tuotenimike: ASUS ROG STRIX Platinum Gaming PSU<br \/>Kuvaus: ASUS ROG Strix &#8211; Virtal\u00e4hde (sis\u00e4inen) &#8211; ATX12V 3.1\/ EPS12V &#8211; 80 PLUS Platinum &#8211; Vaihtovirta 100-240 V &#8211; aktiivinen PFC<br \/>EAN-koodi: 4711387594520, 4711387594384, 4711387594247<br \/>Valmistajan takuu: 10 vuotta<\/p>\n","protected":false},"featured_media":4341,"comment_status":"open","ping_status":"closed","template":"","meta":[],"product_brand":[633],"product_cat":[105],"product_tag":[247,245,256,246,253,248,252,153,262,261,263,249,190,257,259,264,265,258,260,250,255,251,254],"class_list":{"0":"post-5777","1":"product","2":"type-product","3":"status-publish","6":"product_brand-asus","7":"product_cat-virtalahteet","8":"product_tag-kone","9":"product_tag-koti","10":"product_tag-koti-pc","11":"product_tag-kotikone","12":"product_tag-kotipc","13":"product_tag-kotitietokone","14":"product_tag-pc","15":"product_tag-pelaaminen","16":"product_tag-peli-pc","17":"product_tag-pelikone","18":"product_tag-pelipc","19":"product_tag-tieto","20":"product_tag-tietokone","21":"product_tag-tietokone-kotiin","22":"product_tag-tietokone-kotikayttoon","23":"product_tag-tietokone-pelaamiseen","24":"product_tag-tietokone-pelikayttoon","25":"product_tag-tietokone-yritykselle","26":"product_tag-tietokone-yrityskayttoon","27":"product_tag-yritys","28":"product_tag-yritys-pc","29":"product_tag-yrityskone","30":"product_tag-yrityspc","31":"product_shipping_class-keski","33":"first","34":"onbackorder","35":"sale","36":"taxable","37":"shipping-taxable","38":"purchasable","39":"product-type-variable","40":"has-default-attributes"},"jetpack_sharing_enabled":true,"_links":{"self":[{"href":"https:\/\/www.digidreamer.fi\/kauppa\/wp-json\/wp\/v2\/product\/5777","targetHints":{"allow":["GET"]}}],"collection":[{"href":"https:\/\/www.digidreamer.fi\/kauppa\/wp-json\/wp\/v2\/product"}],"about":[{"href":"https:\/\/www.digidreamer.fi\/kauppa\/wp-json\/wp\/v2\/types\/product"}],"replies":[{"embeddable":true,"href":"https:\/\/www.digidreamer.fi\/kauppa\/wp-json\/wp\/v2\/comments?post=5777"}],"wp:featuredmedia":[{"embeddable":true,"href":"https:\/\/www.digidreamer.fi\/kauppa\/wp-json\/wp\/v2\/media\/4341"}],"wp:attachment":[{"href":"https:\/\/www.digidreamer.fi\/kauppa\/wp-json\/wp\/v2\/media?parent=5777"}],"wp:term":[{"taxonomy":"product_brand","embeddable":true,"href":"https:\/\/www.digidreamer.fi\/kauppa\/wp-json\/wp\/v2\/product_brand?post=5777"},{"taxonomy":"product_cat","embeddable":true,"href":"https:\/\/www.digidreamer.fi\/kauppa\/wp-json\/wp\/v2\/product_cat?post=5777"},{"taxonomy":"product_tag","embeddable":true,"href":"https:\/\/www.digidreamer.fi\/kauppa\/wp-json\/wp\/v2\/product_tag?post=5777"}],"curies":[{"name":"wp","href":"https:\/\/api.w.org\/{rel}","templated":true}]}}