{"id":5766,"date":"2025-04-26T00:12:42","date_gmt":"2025-04-25T22:12:42","guid":{"rendered":"https:\/\/www.digidreamer.fi\/kauppa\/?post_type=product&#038;p=5766"},"modified":"2026-05-01T10:00:18","modified_gmt":"2026-05-01T07:00:18","slug":"amd-ryzen-7-7800x3d-5ghz-am5-8c-16t-120w-104mb-box-prosessori","status":"publish","type":"product","link":"https:\/\/www.digidreamer.fi\/kauppa\/tuote\/amd-ryzen-7-7800x3d-5ghz-am5-8c-16t-120w-104mb-box-prosessori\/","title":{"rendered":"AMD Ryzen 7 7800X3D 5GHz AM5 8C\/16T 120W 104MB BOX-prosessori"},"content":{"rendered":"<p>Huippuluokan ty\u00f6p\u00f6yt\u00e4prosessori vaativaan k\u00e4ytt\u00f6\u00f6n ja pelaamiseen.<br \/>Tarjoaa 8 ydint\u00e4 ja 16 s\u00e4iett\u00e4 sujuvaan moniajoon ja raskaisiin sovelluksiin.<br \/>Vakio\u2011kellotaajuus 4,2 GHz ja maksimiboost jopa 5,0 GHz.<br \/>Laaja 96 MB L3\u2011v\u00e4limuisti parantaa suorituskyky\u00e4 peleiss\u00e4 ja raskaissa teht\u00e4viss\u00e4.<br \/>Zen 4 \u2011arkkitehtuuri ja 3D V\u2011Cache\u2011teknologia lis\u00e4\u00e4v\u00e4t nopeutta matalan latenssin laskentaan.<br \/>T\u00e4m\u00e4 versio toimitetaan ilman erillist\u00e4 j\u00e4\u00e4hdytint\u00e4 (ilman cooler\u2011pakettia).<br \/>Vaatii AM5\u2011emolevyn ja DDR5\u2011muistin.<br \/>Sopii erinomaiseen pelikokemukseen sek\u00e4 sis\u00e4lt\u00f6jen luontiin.<br \/>Valmistajan takuu 36 kuukautta.<\/p>\n<p>Tuotetyyppi: Suoritin<br \/>Tyyppi \/ Koko tai muoto: AMD Ryzen 7 7800X3D<br \/>Ydinten m\u00e4\u00e4r\u00e4: 8-ydin<br \/>S\u00e4ikeiden m\u00e4\u00e4r\u00e4: 16 s\u00e4iett\u00e4<br \/>V\u00e4limuisti: 96 Mt<br \/>Cache-muistin tiedot:<br \/>L3 &#8211; 96 Mt<br \/>L2 &#8211; 8 MB<br \/>L1 &#8211; 512 KB<br \/>Suorittimien m\u00e4\u00e4r\u00e4: 1<br \/>Kellotaajuus: 4.2 GHz<br \/>Max. turbonopeus: 5 GHz<br \/>Yhteensopiva suoritinkanta: Socket AM5<br \/>Tuotantoprosessi: 5 nm<br \/>Thermal Design Power: 120 W<br \/>L\u00e4mp\u00f6tiedot: 120 \u00b0C<br \/>PCI Express -versio: 5.0<br \/>PCI Express Revision-kaistojen m\u00e4\u00e4r\u00e4: 28<br \/>Arkkitehtuuriset ominaisuudet: AMD EXPO Technology, AMD RyzenTechnologies, &#8220;Zen 4&#8221; -ydinarkkitehtuuri, AMD Ryzen Master Utility<br \/>N\u00e4yt\u00f6nohjain: Radeon Graphics<br \/>Perustaajuus: 400 MHz<br \/>Dynaaminen enimm\u00e4istaajuus: 2200 MHz<br \/>Pakkaustyyppi: AMD prosessori laatikossa ilman j\u00e4\u00e4hdytyslevy\u00e4\/tuuletinta (WOF)<\/p>\n","protected":false},"excerpt":{"rendered":"<p>Valmistaja: AMD<br \/>Valmistajan tuotekoodi: 100-100000910WOF<br \/>Tuotenimike: AMD Ryzen 7 7800X3D 5GHz AM5 8C\/16T 120W 104MB without cooler BOX<br \/>Kuvaus: AMD Ryzen 7 7800X3D &#8211; 4.2 GHz &#8211; 8-ydin &#8211; 16 s\u00e4iett\u00e4 &#8211; 96 Mt cache &#8211; Socket AM5 &#8211; PIB\/WOF<br \/>EAN-koodi: 0730143314930<br \/>Valmistajan takuu: 3 vuotta<\/p>\n","protected":false},"featured_media":550,"comment_status":"open","ping_status":"closed","template":"","meta":[],"product_brand":[646],"product_cat":[97],"product_tag":[247,245,256,246,253,248,252,153,262,261,263,249,190,257,259,264,265,258,260,250,255,251,254],"class_list":{"0":"post-5766","1":"product","2":"type-product","3":"status-publish","6":"product_brand-amd","7":"product_cat-amd-am5","8":"product_tag-kone","9":"product_tag-koti","10":"product_tag-koti-pc","11":"product_tag-kotikone","12":"product_tag-kotipc","13":"product_tag-kotitietokone","14":"product_tag-pc","15":"product_tag-pelaaminen","16":"product_tag-peli-pc","17":"product_tag-pelikone","18":"product_tag-pelipc","19":"product_tag-tieto","20":"product_tag-tietokone","21":"product_tag-tietokone-kotiin","22":"product_tag-tietokone-kotikayttoon","23":"product_tag-tietokone-pelaamiseen","24":"product_tag-tietokone-pelikayttoon","25":"product_tag-tietokone-yritykselle","26":"product_tag-tietokone-yrityskayttoon","27":"product_tag-yritys","28":"product_tag-yritys-pc","29":"product_tag-yrityskone","30":"product_tag-yrityspc","31":"product_shipping_class-pieni","33":"first","34":"instock","35":"sale","36":"taxable","37":"shipping-taxable","38":"purchasable","39":"product-type-simple"},"jetpack_sharing_enabled":true,"_links":{"self":[{"href":"https:\/\/www.digidreamer.fi\/kauppa\/wp-json\/wp\/v2\/product\/5766","targetHints":{"allow":["GET"]}}],"collection":[{"href":"https:\/\/www.digidreamer.fi\/kauppa\/wp-json\/wp\/v2\/product"}],"about":[{"href":"https:\/\/www.digidreamer.fi\/kauppa\/wp-json\/wp\/v2\/types\/product"}],"replies":[{"embeddable":true,"href":"https:\/\/www.digidreamer.fi\/kauppa\/wp-json\/wp\/v2\/comments?post=5766"}],"wp:featuredmedia":[{"embeddable":true,"href":"https:\/\/www.digidreamer.fi\/kauppa\/wp-json\/wp\/v2\/media\/550"}],"wp:attachment":[{"href":"https:\/\/www.digidreamer.fi\/kauppa\/wp-json\/wp\/v2\/media?parent=5766"}],"wp:term":[{"taxonomy":"product_brand","embeddable":true,"href":"https:\/\/www.digidreamer.fi\/kauppa\/wp-json\/wp\/v2\/product_brand?post=5766"},{"taxonomy":"product_cat","embeddable":true,"href":"https:\/\/www.digidreamer.fi\/kauppa\/wp-json\/wp\/v2\/product_cat?post=5766"},{"taxonomy":"product_tag","embeddable":true,"href":"https:\/\/www.digidreamer.fi\/kauppa\/wp-json\/wp\/v2\/product_tag?post=5766"}],"curies":[{"name":"wp","href":"https:\/\/api.w.org\/{rel}","templated":true}]}}